{"id":757,"date":"2019-04-10T18:10:22","date_gmt":"2019-04-10T23:10:22","guid":{"rendered":"https:\/\/fosol.com.co\/site\/?page_id=757"},"modified":"2022-07-14T14:45:44","modified_gmt":"2022-07-14T19:45:44","slug":"ordinario","status":"publish","type":"page","link":"https:\/\/fosol.com.co\/site\/ordinario\/","title":{"rendered":"Ordinario"},"content":{"rendered":"<!--[overlay]--><style>\n.bd-textureoverlay-996066953:before{background-color:#000000;opacity:0.4;}<\/style><!--{content}-->    <!--[section]-->\n\t\t<style>\n.bd-section-261807694{background-color:#ffffff;position:relative;background-size:cover;background-repeat:no-repeat;background-image:url(https:\/\/fosol.com.co\/site\/wp-content\/uploads\/2018\/02\/1642585_bd_media_id_15a96497d2dbad83de23dcd87072c7bd.jpeg);background-attachment:fixed;padding-top:6em;padding-bottom:6em;background-position:center center;}\n.bd-section-261807694{\n\tline-height:  24px;\n\tcolor:  #ffffff;\n\tfont-size:  16px;\n\tfont-weight:  400;\n}\n.bd-section-261807694 h1{\n\tline-height:  55.2px;\n\ttext-transform:  uppercase;\n\tfont-size:  48px;\n\tfont-weight:  600;\n}\n\n@media (max-width: 767px) {.bd-section-261807694 h1{\n\tline-height:  42.85714287px;\n\tfont-size:  30px;\n}\n}<\/style>\t\t<section id=section4 class=\" bd-section-261807694 bd-tagstyles bd-textureoverlay  bd-textureoverlay-996066953 \" data-section-title=\"row with background image\">\n\t\t\t<div class=\"bd-container-inner bd-margins clearfix\">\n\t\t\t\t<!--{content}-->\n\t\t\t\t\t<!--[layoutbox]--><style>\n.additional-class-1829624320{width:95%;margin-left:auto;margin-right:auto;display:block;}\n@media (max-width: 1199px) {.additional-class-1829624320{width:75%;}}\n@media (max-width: 991px) {.additional-class-1829624320{width:90%;}}\n.additional-class-1829624320{\n\ttext-align:  center;\n}\n.additional-class-1829624320 h1{\n\ttext-align:  left;\n}\n<\/style><div class=\"clearfix  additional-class-1829624320  bd-no-margins bd-no-margins\"><div class=\"bd-container-inner\"><!--{content}-->    <!--[text]-->\n        <style>\n.additional-class-626424762{margin-top:0px;margin-bottom:0px;}<\/style>        <h1 class=\" additional-class-626424762  bd-content-element\">\n            <!--{content}-->\n                Cr\u00e9dito ordinario            <!--{\/content}-->\n        <\/h1>\n    <!--[\/text]-->\n<!--{\/content}--><\/div><\/div><!--[\/layoutbox]-->\t\t\t\t<!--{\/content}-->\n\t\t\t<\/div>\n\t\t<\/section>\n\t<!--[\/section]-->\n<!--{\/content}--><!--[\/overlay]-->\n    <!--[section]-->\n\t\t<style>\n.bd-section-1577815250{background-color:#ffffff;padding:3em 2em;}\n.bd-section-1577815250{\n\tline-height:  34px;\n\tfont-size:  16px;\n\tcolor:  #000000;\n}\n.bd-section-1577815250 h2{\n\tline-height:  20px;\n\tfont-size:  20px;\n\tfont-weight:  600;\n\ttext-transform:  uppercase;\n}\n.bd-section-1577815250 h1{\n\tline-height:  68.57142859px;\n\tfont-size:  48px;\n\tfont-weight:  500;\n\ttext-transform:  uppercase;\n\tcolor:  #000000;\n}\n\n@media (max-width: 991px) {.bd-section-1577815250 h1{\n\tline-height:  36px;\n\tfont-size:  36px;\n}\n}<\/style>\t\t<section id=section4 class=\" bd-section-1577815250  bd-tagstyles\" data-section-title=\"Two Columns With Header\">\n\t\t\t<div class=\"bd-container-inner bd-margins clearfix\">\n\t\t\t\t<!--{content}-->\n\t\t\t\t\t    <!--[columns]-->\n        <style>\n.bd-layoutcontainer-1052264706 > .bd-container-inner > .container-fluid > .row{height:calc(102%);margin:-1em -2em;}\n.bd-layoutcontainer-1052264706 > .bd-container-inner > .container-fluid > .row > div{padding:1em 2em;}\n.bd-layoutcontainer-1052264706  > .bd-container-inner > .container-fluid:after{display:none;}<\/style><style>\n.bd-layoutcontainer-1052264706 > .bd-container-inner > .container-fluid, .bd-layoutcontainer-1052264706 > .bd-container-inner > .container-fluid > .row{height:100%;}<\/style><style>.bd-layoutcontainer-1052264706 > .bd-container-inner > .container-fluid {padding-left: 0; padding-right: 0;margin-left: 0!important; margin-right: 0!important;}<\/style>        <style><\/style>        <div class=\" bd-layoutcontainer-1052264706  bd-columns bd-no-margins\">\n            <div class=\"bd-container-inner\">\n                <div class=\"container-fluid\">\n                    <div class=\"row bd-row-flex bd-row-align-middle\">\n                        <!--{content}-->\n                                <!--[column]-->\n        <div class=\"col-md-12 bd-columnwrapper-488379810\">\n            <div class=\"bd-column  bd-layoutcolumn-488379810 \">\n                <div class=\"bd-vertical-align-wrapper\">\n                    <!--{content}-->\n                        <!--[layoutbox]--><style>\n.additional-class-1898589815{\n\ttext-align:  justify;\n}\n<\/style><div class=\"clearfix  additional-class-1898589815  bd-no-margins\"><div class=\"bd-container-inner\"><!--{content}--><!--[icon]--><style>\n.additional-class-215166290{float:left;margin-right:2em;margin-top:-0.5em;}<\/style><style>.additional-class-215166290 {\n                    text-decoration: inherit;\n\t                display: inline-block;\n\t                speak: none;\n\t            }\n\n                .additional-class-215166290:before {\n                    font-family: 'Billion Web Font';\n\t                font-style: normal;\n\t                font-weight: normal;\n\t                text-decoration: inherit;\n\t                text-align: center;\n\t                text-transform: none;\n\t                width: 1em;\n                }.additional-class-215166290:before { content: '\\1ef'; }.additional-class-215166290:before {width: auto; visibility: inherit;}.additional-class-215166290:before{display: inline-block;}<\/style><style>\n.additional-class-215166290:before{color:#ffffff;font-size:30px;background-color:#542e91;-webkit-transition:all 500ms;transition:all 500ms;padding:20px;border-radius:50%;line-height:42.85714287px;}<\/style><style>.additional-class-215166290:before{line-height: 30px;}<\/style><style>.additional-class-215166290:before {\n        vertical-align: middle;\n        text-decoration: none;\n    }<\/style><style>.additional-class-215166290:hover {\n                    text-decoration: inherit;\n\t                display: inline-block;\n\t                speak: none;\n\t            }\n\n                .additional-class-215166290:hover:before {\n                    font-family: 'Billion Web Font';\n\t                font-style: normal;\n\t                font-weight: normal;\n\t                text-decoration: inherit;\n\t                text-align: center;\n\t                text-transform: none;\n\t                width: 1em;\n                }.additional-class-215166290:hover:before {width: auto; visibility: inherit;}.additional-class-215166290:hover:before{display: inline-block;}<\/style><style>\n.additional-class-215166290:hover:before{background-color:#6e3cbe;}<\/style><style>.additional-class-215166290:hover:before {\n        vertical-align: middle;\n        text-decoration: none;\n    }<\/style><span class=\"bd-icon  additional-class-215166290  hidden-xs  bd-no-margins bd-own-margins\"><!--{content}--><!--{\/content}--><\/span><!--[\/icon]-->\n\t\n\t\t    <!--[text]-->\n        <style>\n.additional-class-513128442{overflow:hidden;margin:0px;}<\/style>        <h2 class=\" additional-class-513128442  bd-no-margins bd-content-element\">\n            <!--{content}-->\n                Ordinario            <!--{\/content}-->\n        <\/h2>\n    <!--[\/text]-->\n\n\t\n\t\t    <!--[text]-->\n        <style>\n.additional-class-1979634341{overflow:hidden;}<\/style>        <p class=\" additional-class-1979634341  bd-content-element\">\n            <!--{content}-->\n                Es el que se otorga a los asociados para atender necesidades de car\u00e1cter personal que no\nrequiere justificaci\u00f3n y por lo tanto es de libre inversi\u00f3n.            <!--{\/content}-->\n        <\/p>\n    <!--[\/text]-->\n\n\t\n\t\t\n    <!--[spacer]-->\n    <style>\n.bd-spacer-1883702643{height:1em;clear:both;}<\/style>    <div class=\" bd-spacer-1883702643  clearfix\">\n        <!--{content}--><!--{\/content}-->\n    <\/div>\n    <!--[\/spacer]-->\n\n    <!--{\/content}--><\/div><\/div><!--[\/layoutbox]-->\n\t\n\t\t<!--[layoutbox]--><style>\n.additional-class-2821645{\n\ttext-align:  justify;\n}\n<\/style><div class=\"clearfix  additional-class-2821645  bd-no-margins\"><div class=\"bd-container-inner\"><!--{content}--><!--[icon]--><style>\n.additional-class-1743021395{float:left;margin-right:2em;margin-top:-0.5em;}<\/style><style>.additional-class-1743021395 {\n                    text-decoration: inherit;\n\t                display: inline-block;\n\t                speak: none;\n\t            }\n\n                .additional-class-1743021395:before {\n                    font-family: 'Billion Web Font';\n\t                font-style: normal;\n\t                font-weight: normal;\n\t                text-decoration: inherit;\n\t                text-align: center;\n\t                text-transform: none;\n\t                width: 1em;\n                }.additional-class-1743021395:before { content: '\\13f'; }.additional-class-1743021395:before {width: auto; visibility: inherit;}.additional-class-1743021395:before{display: inline-block;}<\/style><style>\n.additional-class-1743021395:before{color:#ffffff;font-size:30px;background-color:#542e91;-webkit-transition:all 500ms;transition:all 500ms;padding:20px;border-radius:50%;line-height:42.85714287px;}<\/style><style>.additional-class-1743021395:before{line-height: 30px;}<\/style><style>.additional-class-1743021395:before {\n        vertical-align: middle;\n        text-decoration: none;\n    }<\/style><style>.additional-class-1743021395:hover {\n                    text-decoration: inherit;\n\t                display: inline-block;\n\t                speak: none;\n\t            }\n\n                .additional-class-1743021395:hover:before {\n                    font-family: 'Billion Web Font';\n\t                font-style: normal;\n\t                font-weight: normal;\n\t                text-decoration: inherit;\n\t                text-align: center;\n\t                text-transform: none;\n\t                width: 1em;\n                }.additional-class-1743021395:hover:before {width: auto; visibility: inherit;}.additional-class-1743021395:hover:before{display: inline-block;}<\/style><style>\n.additional-class-1743021395:hover:before{background-color:#6e3cbe;}<\/style><style>.additional-class-1743021395:hover:before {\n        vertical-align: middle;\n        text-decoration: none;\n    }<\/style><span class=\"bd-icon  additional-class-1743021395  hidden-xs  bd-no-margins bd-own-margins\"><!--{content}--><!--{\/content}--><\/span><!--[\/icon]-->\n\t\n\t\t    <!--[text]-->\n        <style>\n.additional-class-727537088{overflow:hidden;margin:0px;}<\/style>        <h2 class=\" additional-class-727537088  bd-no-margins bd-content-element\">\n            <!--{content}-->\n                Requisitos            <!--{\/content}-->\n        <\/h2>\n    <!--[\/text]-->\n\n\t\n\t\t    <!--[text]-->\n        <style>\n.additional-class-921288794{overflow:hidden;}<\/style>        <p class=\" additional-class-921288794  bd-content-element\">\n            <!--{content}-->\n                Como es un cr\u00e9dito de libre inversi\u00f3n no debe presentar ning\u00fan soporte.            <!--{\/content}-->\n        <\/p>\n    <!--[\/text]-->\n\n\t\n\t\t\n    <!--[spacer]-->\n    <style>\n.bd-spacer-238268109{height:1em;clear:both;}<\/style>    <div class=\" bd-spacer-238268109  clearfix\">\n        <!--{content}--><!--{\/content}-->\n    <\/div>\n    <!--[\/spacer]-->\n\n    <!--{\/content}--><\/div><\/div><!--[\/layoutbox]-->\n\t\n\t\t<!--[layoutbox]--><style>\n.additional-class-866208993{\n\ttext-align:  justify;\n}\n<\/style><div class=\"clearfix  additional-class-866208993  bd-no-margins\"><div class=\"bd-container-inner\"><!--{content}--><!--[icon]--><style>\n.additional-class-644780870{float:left;margin-right:2em;margin-top:-0.5em;}<\/style><style>.additional-class-644780870 {\n                    text-decoration: inherit;\n\t                display: inline-block;\n\t                speak: none;\n\t            }\n\n                .additional-class-644780870:before {\n                    font-family: 'Billion Web Font';\n\t                font-style: normal;\n\t                font-weight: normal;\n\t                text-decoration: inherit;\n\t                text-align: center;\n\t                text-transform: none;\n\t                width: 1em;\n                }.additional-class-644780870:before { content: '\\2a0'; }.additional-class-644780870:before {width: auto; visibility: inherit;}.additional-class-644780870:before{display: inline-block;}<\/style><style>\n.additional-class-644780870:before{color:#ffffff;font-size:30px;background-color:#542e91;-webkit-transition:all 500ms;transition:all 500ms;padding:20px;border-radius:50%;line-height:42.85714287px;}<\/style><style>.additional-class-644780870:before{line-height: 30px;}<\/style><style>.additional-class-644780870:before {\n        vertical-align: middle;\n        text-decoration: none;\n    }<\/style><style>.additional-class-644780870:hover {\n                    text-decoration: inherit;\n\t                display: inline-block;\n\t                speak: none;\n\t            }\n\n                .additional-class-644780870:hover:before {\n                    font-family: 'Billion Web Font';\n\t                font-style: normal;\n\t                font-weight: normal;\n\t                text-decoration: inherit;\n\t                text-align: center;\n\t                text-transform: none;\n\t                width: 1em;\n                }.additional-class-644780870:hover:before {width: auto; visibility: inherit;}.additional-class-644780870:hover:before{display: inline-block;}<\/style><style>\n.additional-class-644780870:hover:before{background-color:#6e3cbe;}<\/style><style>.additional-class-644780870:hover:before {\n        vertical-align: middle;\n        text-decoration: none;\n    }<\/style><span class=\"bd-icon  additional-class-644780870  hidden-xs  bd-no-margins bd-own-margins\"><!--{content}--><!--{\/content}--><\/span><!--[\/icon]-->\n\t\n\t\t    <!--[text]-->\n        <style>\n.additional-class-1435319948{overflow:hidden;margin:0px;}<\/style>        <h2 class=\" additional-class-1435319948  bd-no-margins bd-content-element\">\n            <!--{content}-->\n                Tasa de inter\u00e9s            <!--{\/content}-->\n        <\/h2>\n    <!--[\/text]-->\n\n\t\n\t\t    <!--[text]-->\n        <style>\n.additional-class-1662651418{overflow:hidden;}<\/style>        <p class=\" additional-class-1662651418  bd-content-element\">\n            <!--{content}-->\n                Se cobrar\u00e1 la tasa de inter\u00e9s del 0.99% mensual vencido.            <!--{\/content}-->\n        <\/p>\n    <!--[\/text]-->\n\n\t\n\t\t\n    <!--[spacer]-->\n    <style>\n.bd-spacer-965354301{height:1em;clear:both;}<\/style>    <div class=\" bd-spacer-965354301  clearfix\">\n        <!--{content}--><!--{\/content}-->\n    <\/div>\n    <!--[\/spacer]-->\n\n    <!--{\/content}--><\/div><\/div><!--[\/layoutbox]-->\n\t\n\t\t<!--[layoutbox]--><style>\n.additional-class-697297594{\n\ttext-align:  justify;\n}\n<\/style><div class=\"clearfix  additional-class-697297594  bd-no-margins\"><div class=\"bd-container-inner\"><!--{content}-->\n    <!--[spacer]-->\n    <style>\n.bd-spacer-1502271780{height:1em;clear:both;}<\/style>    <div class=\" bd-spacer-1502271780  clearfix\">\n        <!--{content}--><!--{\/content}-->\n    <\/div>\n    <!--[\/spacer]-->\n\n    \n\t\n\t\t    <!--[text]-->\n        <style>\n.additional-class-820935587{overflow:hidden;}\n.additional-class-820935587{\n\tfont-weight:  bold;\n}\n<\/style>        <p class=\" additional-class-820935587  bd-content-element\">\n            <!--{content}-->\n                &nbsp; &nbsp; &nbsp;PAR\u00c1GRAFO 1\u00b0. El giro del dinero se har\u00e1 al asociado o a quien \u00e9l determine, caso en el cual el asociado asumir\u00e1 el cobro del Gravamen a los Movimientos Financieros - GMF  que el fondo debe descontar por girarse a un tercero.            <!--{\/content}-->\n        <\/p>\n    <!--[\/text]-->\n<!--{\/content}--><\/div><\/div><!--[\/layoutbox]-->                    <!--{\/content}-->\n                <\/div>\n            <\/div>\n        <\/div>\n    <!--[\/column]-->\n                        <!--{\/content}-->\n                    <\/div>\n                <\/div>\n            <\/div>\n        <\/div>\n    <!--[\/columns]-->\n\t\t\t\t<!--{\/content}-->\n\t\t\t<\/div>\n\t\t<\/section>\n\t<!--[\/section]-->\n\n","protected":false},"excerpt":{"rendered":"","protected":false},"author":2,"featured_media":0,"parent":0,"menu_order":0,"comment_status":"closed","ping_status":"closed","template":"","meta":[],"_links":{"self":[{"href":"https:\/\/fosol.com.co\/site\/wp-json\/wp\/v2\/pages\/757"}],"collection":[{"href":"https:\/\/fosol.com.co\/site\/wp-json\/wp\/v2\/pages"}],"about":[{"href":"https:\/\/fosol.com.co\/site\/wp-json\/wp\/v2\/types\/page"}],"author":[{"embeddable":true,"href":"https:\/\/fosol.com.co\/site\/wp-json\/wp\/v2\/users\/2"}],"replies":[{"embeddable":true,"href":"https:\/\/fosol.com.co\/site\/wp-json\/wp\/v2\/comments?post=757"}],"version-history":[{"count":13,"href":"https:\/\/fosol.com.co\/site\/wp-json\/wp\/v2\/pages\/757\/revisions"}],"predecessor-version":[{"id":1221,"href":"https:\/\/fosol.com.co\/site\/wp-json\/wp\/v2\/pages\/757\/revisions\/1221"}],"wp:attachment":[{"href":"https:\/\/fosol.com.co\/site\/wp-json\/wp\/v2\/media?parent=757"}],"curies":[{"name":"wp","href":"https:\/\/api.w.org\/{rel}","templated":true}]}}