{"id":55,"date":"2018-02-15T23:27:55","date_gmt":"2018-02-15T23:27:55","guid":{"rendered":"https:\/\/fosol.com.co\/site\/?page_id=55"},"modified":"2020-10-08T12:21:38","modified_gmt":"2020-10-08T17:21:38","slug":"contractual","status":"publish","type":"page","link":"https:\/\/fosol.com.co\/site\/servicios\/ahorros\/contractual\/","title":{"rendered":"Contractual"},"content":{"rendered":"<!--[overlay]--><style>\n.bd-textureoverlay-811104366:before{background-color:#000000;opacity:0.4;}<\/style><!--{content}-->    <!--[section]-->\n\t\t<style>\n.bd-section-919526676{background-color:#ffffff;position:relative;background-size:cover;background-repeat:no-repeat;background-image:url(https:\/\/fosol.com.co\/site\/wp-content\/uploads\/2018\/02\/2403264_bd_media_id_253e6115b2f95e6bcc27a822c618de61.jpeg);background-attachment:fixed;padding-top:6em;padding-bottom:6em;background-position:center center;}\n.bd-section-919526676{\n\tline-height:  24px;\n\tcolor:  #ffffff;\n\tfont-size:  16px;\n\tfont-weight:  400;\n}\n.bd-section-919526676 h1{\n\tline-height:  55.2px;\n\ttext-transform:  uppercase;\n\tfont-size:  48px;\n\tfont-weight:  600;\n}\n\n@media (max-width: 767px) {.bd-section-919526676 h1{\n\tline-height:  42.85714287px;\n\tfont-size:  30px;\n}\n}<\/style>\t\t<section id=section4 class=\" bd-section-919526676 bd-tagstyles bd-textureoverlay  bd-textureoverlay-811104366 \" data-section-title=\"row with background image\">\n\t\t\t<div class=\"bd-container-inner bd-margins clearfix\">\n\t\t\t\t<!--{content}-->\n\t\t\t\t\t<!--[layoutbox]--><style>\n.additional-class-629290371{width:95%;margin-left:auto;margin-right:auto;display:block;}\n@media (max-width: 1199px) {.additional-class-629290371{width:75%;}}\n@media (max-width: 991px) {.additional-class-629290371{width:90%;}}\n.additional-class-629290371{\n\ttext-align:  center;\n}\n.additional-class-629290371 h1{\n\ttext-align:  left;\n}\n<\/style><div class=\"clearfix  additional-class-629290371  bd-no-margins bd-no-margins\"><div class=\"bd-container-inner\"><!--{content}-->    <!--[text]-->\n        <style>\n.additional-class-1344318853{margin-top:0px;margin-bottom:0px;}<\/style>        <h1 class=\" additional-class-1344318853  bd-content-element\">\n            <!--{content}-->\n                Ahorro contractual            <!--{\/content}-->\n        <\/h1>\n    <!--[\/text]-->\n<!--{\/content}--><\/div><\/div><!--[\/layoutbox]-->\t\t\t\t<!--{\/content}-->\n\t\t\t<\/div>\n\t\t<\/section>\n\t<!--[\/section]-->\n<!--{\/content}--><!--[\/overlay]-->\n    <!--[section]-->\n\t\t<style>\n.bd-section-1484340108{background-color:#ffffff;padding:3em 2em;}\n.bd-section-1484340108{\n\tline-height:  38.25px;\n\tfont-size:  18px;\n\tcolor:  #000000;\n}\n.bd-section-1484340108 h2{\n\tline-height:  20px;\n\tfont-size:  20px;\n\tfont-weight:  600;\n\ttext-transform:  uppercase;\n}\n.bd-section-1484340108 h1{\n\tline-height:  68.57142859px;\n\tfont-size:  48px;\n\tfont-weight:  500;\n\ttext-transform:  uppercase;\n\tcolor:  #000000;\n}\n\n@media (max-width: 991px) {.bd-section-1484340108 h1{\n\tline-height:  36px;\n\tfont-size:  36px;\n}\n}<\/style>\t\t<section id=section4 class=\" bd-section-1484340108  bd-tagstyles\" data-section-title=\"Two Columns With Header\">\n\t\t\t<div class=\"bd-container-inner bd-margins clearfix\">\n\t\t\t\t<!--{content}-->\n\t\t\t\t\t    <!--[columns]-->\n        <style>\n.bd-layoutcontainer-414847378 > .bd-container-inner > .container-fluid > .row{height:calc(102%);margin:-1em -2em;}\n.bd-layoutcontainer-414847378 > .bd-container-inner > .container-fluid > .row > div{padding:1em 2em;}\n.bd-layoutcontainer-414847378  > .bd-container-inner > .container-fluid:after{display:none;}<\/style><style>\n.bd-layoutcontainer-414847378 > .bd-container-inner > .container-fluid, .bd-layoutcontainer-414847378 > .bd-container-inner > .container-fluid > .row{height:100%;}<\/style><style>.bd-layoutcontainer-414847378 > .bd-container-inner > .container-fluid {padding-left: 0; padding-right: 0;margin-left: 0!important; margin-right: 0!important;}<\/style>        <style><\/style>        <div class=\" bd-layoutcontainer-414847378  bd-columns bd-no-margins\">\n            <div class=\"bd-container-inner\">\n                <div class=\"container-fluid\">\n                    <div class=\"row bd-row-flex bd-row-align-middle\">\n                        <!--{content}-->\n                                <!--[column]-->\n        <div class=\"col-md-12 bd-columnwrapper-1264831635\">\n            <div class=\"bd-column  bd-layoutcolumn-1264831635 \">\n                <div class=\"bd-vertical-align-wrapper\">\n                    <!--{content}-->\n                        <!--[layoutbox]--><style>\n.additional-class-2107001414{\n\ttext-align:  justify;\n}\n<\/style><div class=\"clearfix  additional-class-2107001414  bd-no-margins\"><div class=\"bd-container-inner\"><!--{content}--><!--[icon]--><style>\n.additional-class-92015282{float:left;margin-right:2em;margin-top:-0.5em;}<\/style><style>.additional-class-92015282 {\n                    text-decoration: inherit;\n\t                display: inline-block;\n\t                speak: none;\n\t            }\n\n                .additional-class-92015282:before {\n                    font-family: 'Billion Web Font';\n\t                font-style: normal;\n\t                font-weight: normal;\n\t                text-decoration: inherit;\n\t                text-align: center;\n\t                text-transform: none;\n\t                width: 1em;\n                }.additional-class-92015282:before { content: '\\1ef'; }.additional-class-92015282:before {width: auto; visibility: inherit;}.additional-class-92015282:before{display: inline-block;}<\/style><style>\n.additional-class-92015282:before{color:#ffffff;font-size:30px;background-color:#542e91;-webkit-transition:all 500ms;transition:all 500ms;padding:20px;border-radius:50%;line-height:42.85714287px;}<\/style><style>.additional-class-92015282:before{line-height: 30px;}<\/style><style>.additional-class-92015282:before {\n        vertical-align: middle;\n        text-decoration: none;\n    }<\/style><style>.additional-class-92015282:hover {\n                    text-decoration: inherit;\n\t                display: inline-block;\n\t                speak: none;\n\t            }\n\n                .additional-class-92015282:hover:before {\n                    font-family: 'Billion Web Font';\n\t                font-style: normal;\n\t                font-weight: normal;\n\t                text-decoration: inherit;\n\t                text-align: center;\n\t                text-transform: none;\n\t                width: 1em;\n                }.additional-class-92015282:hover:before {width: auto; visibility: inherit;}.additional-class-92015282:hover:before{display: inline-block;}<\/style><style>\n.additional-class-92015282:hover:before{background-color:#6e3cbe;}<\/style><style>.additional-class-92015282:hover:before {\n        vertical-align: middle;\n        text-decoration: none;\n    }<\/style><span class=\"bd-icon  additional-class-92015282  hidden-xs  bd-no-margins bd-own-margins\"><!--{content}--><!--{\/content}--><\/span><!--[\/icon]-->\n\t\n\t\t    <!--[text]-->\n        <style>\n.additional-class-224185950{overflow:hidden;margin:0px;}<\/style>        <h2 class=\" additional-class-224185950  bd-no-margins bd-content-element\">\n            <!--{content}-->\n                aHORRO contractual            <!--{\/content}-->\n        <\/h2>\n    <!--[\/text]-->\n\n\t\n\t\t    <!--[text]-->\n        <style>\n.additional-class-1941563907{overflow:hidden;}\n.additional-class-1941563907{\n\tfont-family:  Andika, Arial, 'Arial Unicode MS', Helvetica, sans-serif;\n}\n<\/style>        <p class=\" additional-class-1941563907  bd-content-element\">\n            <!--{content}-->\n                Se entiende por servicio de Ahorro Voluntario Contractual, la\ntransacci\u00f3n por la cual un asociado deposita voluntariamente en FOSOL una cantidad mensual\nde dinero para ser reintegrado dentro de un plazo determinado con una tasa de inter\u00e9s pactada,\ncuyos t\u00e9rminos, requisitos y dem\u00e1s condiciones avala y aprueba la Junta Directiva y se le da a\nconocer al asociado interesado.<i><b> Para todos los efectos el titular del Ahorro Voluntario\nContractual deber\u00e1 ser necesariamente asociado a FOSOL<\/b><\/i>.<br>            <!--{\/content}-->\n        <\/p>\n    <!--[\/text]-->\n\n\t\n\t\t\n    <!--[spacer]-->\n    <style>\n.bd-spacer-43686760{height:1em;clear:both;}<\/style>    <div class=\" bd-spacer-43686760  clearfix\">\n        <!--{content}--><!--{\/content}-->\n    <\/div>\n    <!--[\/spacer]-->\n\n    <!--{\/content}--><\/div><\/div><!--[\/layoutbox]-->\n\t\n\t\t<!--[layoutbox]--><style>\n.additional-class-1211000137{\n\ttext-align:  justify;\n}\n<\/style><div class=\"clearfix  additional-class-1211000137  bd-no-margins\"><div class=\"bd-container-inner\"><!--{content}--><!--[icon]--><style>\n.additional-class-1865142433{float:left;margin-right:2em;margin-top:-0.5em;}<\/style><style>.additional-class-1865142433 {\n                    text-decoration: inherit;\n\t                display: inline-block;\n\t                speak: none;\n\t            }\n\n                .additional-class-1865142433:before {\n                    font-family: 'Billion Web Font';\n\t                font-style: normal;\n\t                font-weight: normal;\n\t                text-decoration: inherit;\n\t                text-align: center;\n\t                text-transform: none;\n\t                width: 1em;\n                }.additional-class-1865142433:before { content: '\\2a0'; }.additional-class-1865142433:before {width: auto; visibility: inherit;}.additional-class-1865142433:before{display: inline-block;}<\/style><style>\n.additional-class-1865142433:before{color:#ffffff;font-size:30px;background-color:#542e91;-webkit-transition:all 500ms;transition:all 500ms;padding:20px;border-radius:50%;line-height:42.85714287px;}<\/style><style>.additional-class-1865142433:before{line-height: 30px;}<\/style><style>.additional-class-1865142433:before {\n        vertical-align: middle;\n        text-decoration: none;\n    }<\/style><style>.additional-class-1865142433:hover {\n                    text-decoration: inherit;\n\t                display: inline-block;\n\t                speak: none;\n\t            }\n\n                .additional-class-1865142433:hover:before {\n                    font-family: 'Billion Web Font';\n\t                font-style: normal;\n\t                font-weight: normal;\n\t                text-decoration: inherit;\n\t                text-align: center;\n\t                text-transform: none;\n\t                width: 1em;\n                }.additional-class-1865142433:hover:before {width: auto; visibility: inherit;}.additional-class-1865142433:hover:before{display: inline-block;}<\/style><style>\n.additional-class-1865142433:hover:before{background-color:#6e3cbe;}<\/style><style>.additional-class-1865142433:hover:before {\n        vertical-align: middle;\n        text-decoration: none;\n    }<\/style><span class=\"bd-icon  additional-class-1865142433  hidden-xs  bd-no-margins bd-own-margins\"><!--{content}--><!--{\/content}--><\/span><!--[\/icon]-->\n\t\n\t\t    <!--[text]-->\n        <style>\n.additional-class-1017504058{overflow:hidden;margin:0px;}<\/style>        <h2 class=\" additional-class-1017504058  bd-no-margins bd-content-element\">\n            <!--{content}-->\n                Monto m\u00ednimo            <!--{\/content}-->\n        <\/h2>\n    <!--[\/text]-->\n\n\t\n\t\t    <!--[text]-->\n        <style>\n.additional-class-2039354088{overflow:hidden;}\n.additional-class-2039354088{\n\tfont-family:  Andika, Arial, 'Arial Unicode MS', Helvetica, sans-serif;\n}\n<\/style>        <p class=\" additional-class-2039354088  bd-content-element\">\n            <!--{content}-->\n                El asociado se compromete a ahorrar una suma fija mensual\nequivalente; como m\u00ednimo al 6% del Salario M\u00ednimo Legal Vigente, aproximado al m\u00faltiplo de\nmil superior m\u00e1s cercano, hasta un m\u00e1ximo de 2 SMMLV, aproximado al m\u00faltiplo de mil&nbsp;superior m\u00e1s cercano.<br>            <!--{\/content}-->\n        <\/p>\n    <!--[\/text]-->\n\n\t\n\t\t\n    <!--[spacer]-->\n    <style>\n.bd-spacer-1908257926{height:1em;clear:both;}<\/style>    <div class=\" bd-spacer-1908257926  clearfix\">\n        <!--{content}--><!--{\/content}-->\n    <\/div>\n    <!--[\/spacer]-->\n\n    <!--{\/content}--><\/div><\/div><!--[\/layoutbox]-->\n\t\n\t\t<!--[layoutbox]--><div class=\"clearfix  additional-class-121439671  bd-no-margins\"><div class=\"bd-container-inner\"><!--{content}--><!--[icon]--><style>\n.additional-class-1768617125{float:left;margin-right:2em;margin-top:-0.5em;}<\/style><style>.additional-class-1768617125 {\n                    text-decoration: inherit;\n\t                display: inline-block;\n\t                speak: none;\n\t            }\n\n                .additional-class-1768617125:before {\n                    font-family: 'Billion Web Font';\n\t                font-style: normal;\n\t                font-weight: normal;\n\t                text-decoration: inherit;\n\t                text-align: center;\n\t                text-transform: none;\n\t                width: 1em;\n                }.additional-class-1768617125:before { content: '\\23d'; }.additional-class-1768617125:before {width: auto; visibility: inherit;}.additional-class-1768617125:before{display: inline-block;}<\/style><style>\n.additional-class-1768617125:before{color:#ffffff;font-size:30px;background-color:#542e91;-webkit-transition:all 500ms;transition:all 500ms;padding:20px;border-radius:50%;line-height:42.85714287px;}<\/style><style>.additional-class-1768617125:before{line-height: 30px;}<\/style><style>.additional-class-1768617125:before {\n        vertical-align: middle;\n        text-decoration: none;\n    }<\/style><style>.additional-class-1768617125:hover {\n                    text-decoration: inherit;\n\t                display: inline-block;\n\t                speak: none;\n\t            }\n\n                .additional-class-1768617125:hover:before {\n                    font-family: 'Billion Web Font';\n\t                font-style: normal;\n\t                font-weight: normal;\n\t                text-decoration: inherit;\n\t                text-align: center;\n\t                text-transform: none;\n\t                width: 1em;\n                }.additional-class-1768617125:hover:before {width: auto; visibility: inherit;}.additional-class-1768617125:hover:before{display: inline-block;}<\/style><style>\n.additional-class-1768617125:hover:before{background-color:#6e3cbe;}<\/style><style>.additional-class-1768617125:hover:before {\n        vertical-align: middle;\n        text-decoration: none;\n    }<\/style><span class=\"bd-icon  additional-class-1768617125  hidden-xs  bd-no-margins bd-own-margins\"><!--{content}--><!--{\/content}--><\/span><!--[\/icon]-->\n\t\n\t\t    <!--[text]-->\n        <style>\n.additional-class-946397514{overflow:hidden;margin:0px;}<\/style>        <h2 class=\" additional-class-946397514  bd-no-margins bd-content-element\">\n            <!--{content}-->\n                Plazo            <!--{\/content}-->\n        <\/h2>\n    <!--[\/text]-->\n\n\t\n\t\t    <!--[text]-->\n        <style>\n.additional-class-414128797{overflow:hidden;}\n.additional-class-414128797{\n\tfont-family:  Andika, Arial, 'Arial Unicode MS', Helvetica, sans-serif;\n}\n<\/style>        <p class=\" additional-class-414128797  bd-content-element\">\n            <!--{content}-->\n                La cuota de ahorro mensual acordada se efectuar\u00e1 durante periodos&nbsp;m\u00ednimos de seis (6) meses hasta por un m\u00e1ximo de dos (2) a\u00f1os. Su recaudo se llevar\u00e1 a cabo\npor descuentos de n\u00f3mina para lo cual el asociado firmar\u00e1 la autorizaci\u00f3n correspondiente,\ntambi\u00e9n se podr\u00e1 hacer el recaudo por caja.<br>            <!--{\/content}-->\n        <\/p>\n    <!--[\/text]-->\n<!--{\/content}--><\/div><\/div><!--[\/layoutbox]-->                    <!--{\/content}-->\n                <\/div>\n            <\/div>\n        <\/div>\n    <!--[\/column]-->\n                        <!--{\/content}-->\n                    <\/div>\n                <\/div>\n            <\/div>\n        <\/div>\n    <!--[\/columns]-->\n\t\t\t\t<!--{\/content}-->\n\t\t\t<\/div>\n\t\t<\/section>\n\t<!--[\/section]-->\n\n","protected":false},"excerpt":{"rendered":"","protected":false},"author":2,"featured_media":0,"parent":24,"menu_order":2,"comment_status":"closed","ping_status":"closed","template":"","meta":[],"_links":{"self":[{"href":"https:\/\/fosol.com.co\/site\/wp-json\/wp\/v2\/pages\/55"}],"collection":[{"href":"https:\/\/fosol.com.co\/site\/wp-json\/wp\/v2\/pages"}],"about":[{"href":"https:\/\/fosol.com.co\/site\/wp-json\/wp\/v2\/types\/page"}],"author":[{"embeddable":true,"href":"https:\/\/fosol.com.co\/site\/wp-json\/wp\/v2\/users\/2"}],"replies":[{"embeddable":true,"href":"https:\/\/fosol.com.co\/site\/wp-json\/wp\/v2\/comments?post=55"}],"version-history":[{"count":6,"href":"https:\/\/fosol.com.co\/site\/wp-json\/wp\/v2\/pages\/55\/revisions"}],"predecessor-version":[{"id":898,"href":"https:\/\/fosol.com.co\/site\/wp-json\/wp\/v2\/pages\/55\/revisions\/898"}],"up":[{"embeddable":true,"href":"https:\/\/fosol.com.co\/site\/wp-json\/wp\/v2\/pages\/24"}],"wp:attachment":[{"href":"https:\/\/fosol.com.co\/site\/wp-json\/wp\/v2\/media?parent=55"}],"curies":[{"name":"wp","href":"https:\/\/api.w.org\/{rel}","templated":true}]}}