{"id":49,"date":"2018-02-15T23:16:57","date_gmt":"2018-02-15T23:16:57","guid":{"rendered":"https:\/\/fosol.com.co\/site\/?page_id=49"},"modified":"2022-07-14T15:05:18","modified_gmt":"2022-07-14T20:05:18","slug":"extracupo","status":"publish","type":"page","link":"https:\/\/fosol.com.co\/site\/servicios\/creditos\/extracupo\/","title":{"rendered":"Extracupo"},"content":{"rendered":"<!--[overlay]--><style>\n.bd-textureoverlay-2001023485:before{background-color:#000000;opacity:0.4;}<\/style><!--{content}-->    <!--[section]-->\n\t\t<style>\n.bd-section-799909756{background-color:#ffffff;position:relative;background-size:cover;background-repeat:no-repeat;background-image:url(https:\/\/fosol.com.co\/site\/wp-content\/uploads\/2018\/02\/2416565_bd_media_id_345676702df7592cccec6dcc73e97ace.jpeg);background-attachment:fixed;padding-top:6em;padding-bottom:6em;background-position:center center;}\n.bd-section-799909756{\n\tline-height:  24px;\n\tcolor:  #ffffff;\n\tfont-size:  16px;\n\tfont-weight:  400;\n}\n.bd-section-799909756 h1{\n\tline-height:  55.2px;\n\ttext-transform:  uppercase;\n\tfont-size:  48px;\n\tfont-weight:  600;\n}\n\n@media (max-width: 767px) {.bd-section-799909756 h1{\n\tline-height:  42.85714287px;\n\tfont-size:  30px;\n}\n}<\/style>\t\t<section id=section4 class=\" bd-section-799909756 bd-tagstyles bd-textureoverlay  bd-textureoverlay-2001023485 \" data-section-title=\"row with background image\">\n\t\t\t<div class=\"bd-container-inner bd-margins clearfix\">\n\t\t\t\t<!--{content}-->\n\t\t\t\t\t<!--[layoutbox]--><style>\n.additional-class-282678343{width:95%;margin-left:auto;margin-right:auto;display:block;}\n@media (max-width: 1199px) {.additional-class-282678343{width:75%;}}\n@media (max-width: 991px) {.additional-class-282678343{width:90%;}}\n.additional-class-282678343{\n\ttext-align:  center;\n}\n.additional-class-282678343 h1{\n\ttext-align:  left;\n}\n<\/style><div class=\"clearfix  additional-class-282678343  bd-no-margins bd-no-margins\"><div class=\"bd-container-inner\"><!--{content}-->    <!--[text]-->\n        <style>\n.additional-class-221368324{margin-top:0px;margin-bottom:0px;}<\/style>        <h1 class=\" additional-class-221368324  bd-content-element\">\n            <!--{content}-->\n                Extracupo            <!--{\/content}-->\n        <\/h1>\n    <!--[\/text]-->\n<!--{\/content}--><\/div><\/div><!--[\/layoutbox]-->\t\t\t\t<!--{\/content}-->\n\t\t\t<\/div>\n\t\t<\/section>\n\t<!--[\/section]-->\n<!--{\/content}--><!--[\/overlay]-->\n    <!--[section]-->\n\t\t<style>\n.bd-section-188691286{background-color:#ffffff;padding:3em 2em;}\n.bd-section-188691286{\n\tline-height:  34px;\n\tfont-size:  16px;\n\tcolor:  #000000;\n}\n.bd-section-188691286 h2{\n\tline-height:  20px;\n\tfont-size:  20px;\n\tfont-weight:  600;\n\ttext-transform:  uppercase;\n}\n.bd-section-188691286 h1{\n\tline-height:  68.57142859px;\n\tfont-size:  48px;\n\tfont-weight:  500;\n\ttext-transform:  uppercase;\n\tcolor:  #000000;\n}\n\n@media (max-width: 991px) {.bd-section-188691286 h1{\n\tline-height:  36px;\n\tfont-size:  36px;\n}\n}<\/style>\t\t<section id=section4 class=\" bd-section-188691286  bd-tagstyles\" data-section-title=\"Two Columns With Header\">\n\t\t\t<div class=\"bd-container-inner bd-margins clearfix\">\n\t\t\t\t<!--{content}-->\n\t\t\t\t\t    <!--[columns]-->\n        <style>\n.bd-layoutcontainer-1271425734 > .bd-container-inner > .container-fluid > .row{height:calc(102%);margin:-1em -2em;}\n.bd-layoutcontainer-1271425734 > .bd-container-inner > .container-fluid > .row > div{padding:1em 2em;}\n.bd-layoutcontainer-1271425734  > .bd-container-inner > .container-fluid:after{display:none;}<\/style><style>\n.bd-layoutcontainer-1271425734 > .bd-container-inner > .container-fluid, .bd-layoutcontainer-1271425734 > .bd-container-inner > .container-fluid > .row{height:100%;}<\/style><style>.bd-layoutcontainer-1271425734 > .bd-container-inner > .container-fluid {padding-left: 0; padding-right: 0;margin-left: 0!important; margin-right: 0!important;}<\/style>        <style><\/style>        <div class=\" bd-layoutcontainer-1271425734  bd-columns bd-no-margins\">\n            <div class=\"bd-container-inner\">\n                <div class=\"container-fluid\">\n                    <div class=\"row bd-row-flex bd-row-align-middle\">\n                        <!--{content}-->\n                                <!--[column]-->\n        <div class=\"col-md-12 bd-columnwrapper-1338474463\">\n            <div class=\"bd-column  bd-layoutcolumn-1338474463 \">\n                <div class=\"bd-vertical-align-wrapper\">\n                    <!--{content}-->\n                        <!--[layoutbox]--><style>\n.additional-class-876903786{\n\ttext-align:  justify;\n}\n<\/style><div class=\"clearfix  additional-class-876903786  bd-no-margins\"><div class=\"bd-container-inner\"><!--{content}--><!--[icon]--><style>\n.additional-class-2037497866{float:left;margin-right:2em;margin-top:-0.5em;}<\/style><style>.additional-class-2037497866 {\n                    text-decoration: inherit;\n\t                display: inline-block;\n\t                speak: none;\n\t            }\n\n                .additional-class-2037497866:before {\n                    font-family: 'Billion Web Font';\n\t                font-style: normal;\n\t                font-weight: normal;\n\t                text-decoration: inherit;\n\t                text-align: center;\n\t                text-transform: none;\n\t                width: 1em;\n                }.additional-class-2037497866:before { content: '\\1ef'; }.additional-class-2037497866:before {width: auto; visibility: inherit;}.additional-class-2037497866:before{display: inline-block;}<\/style><style>\n.additional-class-2037497866:before{color:#ffffff;font-size:30px;background-color:#542e91;-webkit-transition:all 500ms;transition:all 500ms;padding:20px;border-radius:50%;line-height:42.85714287px;}<\/style><style>.additional-class-2037497866:before{line-height: 30px;}<\/style><style>.additional-class-2037497866:before {\n        vertical-align: middle;\n        text-decoration: none;\n    }<\/style><style>.additional-class-2037497866:hover {\n                    text-decoration: inherit;\n\t                display: inline-block;\n\t                speak: none;\n\t            }\n\n                .additional-class-2037497866:hover:before {\n                    font-family: 'Billion Web Font';\n\t                font-style: normal;\n\t                font-weight: normal;\n\t                text-decoration: inherit;\n\t                text-align: center;\n\t                text-transform: none;\n\t                width: 1em;\n                }.additional-class-2037497866:hover:before {width: auto; visibility: inherit;}.additional-class-2037497866:hover:before{display: inline-block;}<\/style><style>\n.additional-class-2037497866:hover:before{background-color:#6e3cbe;}<\/style><style>.additional-class-2037497866:hover:before {\n        vertical-align: middle;\n        text-decoration: none;\n    }<\/style><span class=\"bd-icon  additional-class-2037497866  hidden-xs  bd-no-margins bd-own-margins\"><!--{content}--><!--{\/content}--><\/span><!--[\/icon]-->\n\t\n\t\t    <!--[text]-->\n        <style>\n.additional-class-533131626{overflow:hidden;margin:0px;}<\/style>        <h2 class=\" additional-class-533131626  bd-no-margins bd-content-element\">\n            <!--{content}-->\n                Extracupo            <!--{\/content}-->\n        <\/h2>\n    <!--[\/text]-->\n\n\t\n\t\t    <!--[text]-->\n        <style>\n.additional-class-92992258{overflow:hidden;}<\/style>        <p class=\" additional-class-92992258  bd-content-element\">\n            <!--{content}-->\n                Es el cr\u00e9dito que se conceder\u00e1 hasta por el monto de la\nasignaci\u00f3n b\u00e1sica mensual de cada asociado, sin comprometer la capacidad de\npago y de endeudamiento, por cuanto ser\u00e1n cancelados a trav\u00e9s de consignaciones\nen las cuentas bancarias que FOSOL disponga para ello. Este pr\u00e9stamo podr\u00e1 ser prorrogado hasta por dos veces por\nel mismo plazo con que fue aprobado inicialmente siempre y cuando el asociado a\nm\u00e1s tardar el d\u00eda de su vencimiento realice el pago de los intereses vencidos y\nel reajuste del seguro en un dos por mil (2 x 1.000).&nbsp;&nbsp;<!--EndFragment--><br>            <!--{\/content}-->\n        <\/p>\n    <!--[\/text]-->\n\n\t\n\t\t\n    <!--[spacer]-->\n    <style>\n.bd-spacer-811757419{height:1em;clear:both;}<\/style>    <div class=\" bd-spacer-811757419  clearfix\">\n        <!--{content}--><!--{\/content}-->\n    <\/div>\n    <!--[\/spacer]-->\n\n    <!--{\/content}--><\/div><\/div><!--[\/layoutbox]-->\n\t\n\t\t<!--[layoutbox]--><style>\n.additional-class-1195530590{\n\ttext-align:  justify;\n}\n<\/style><div class=\"clearfix  additional-class-1195530590  bd-no-margins\"><div class=\"bd-container-inner\"><!--{content}--><!--[icon]--><style>\n.additional-class-1460323300{float:left;margin-right:2em;margin-top:-0.5em;}<\/style><style>.additional-class-1460323300 {\n                    text-decoration: inherit;\n\t                display: inline-block;\n\t                speak: none;\n\t            }\n\n                .additional-class-1460323300:before {\n                    font-family: 'Billion Web Font';\n\t                font-style: normal;\n\t                font-weight: normal;\n\t                text-decoration: inherit;\n\t                text-align: center;\n\t                text-transform: none;\n\t                width: 1em;\n                }.additional-class-1460323300:before { content: '\\2a0'; }.additional-class-1460323300:before {width: auto; visibility: inherit;}.additional-class-1460323300:before{display: inline-block;}<\/style><style>\n.additional-class-1460323300:before{color:#ffffff;font-size:30px;background-color:#542e91;-webkit-transition:all 500ms;transition:all 500ms;padding:20px;border-radius:50%;line-height:42.85714287px;}<\/style><style>.additional-class-1460323300:before{line-height: 30px;}<\/style><style>.additional-class-1460323300:before {\n        vertical-align: middle;\n        text-decoration: none;\n    }<\/style><style>.additional-class-1460323300:hover {\n                    text-decoration: inherit;\n\t                display: inline-block;\n\t                speak: none;\n\t            }\n\n                .additional-class-1460323300:hover:before {\n                    font-family: 'Billion Web Font';\n\t                font-style: normal;\n\t                font-weight: normal;\n\t                text-decoration: inherit;\n\t                text-align: center;\n\t                text-transform: none;\n\t                width: 1em;\n                }.additional-class-1460323300:hover:before {width: auto; visibility: inherit;}.additional-class-1460323300:hover:before{display: inline-block;}<\/style><style>\n.additional-class-1460323300:hover:before{background-color:#6e3cbe;}<\/style><style>.additional-class-1460323300:hover:before {\n        vertical-align: middle;\n        text-decoration: none;\n    }<\/style><span class=\"bd-icon  additional-class-1460323300  hidden-xs  bd-no-margins bd-own-margins\"><!--{content}--><!--{\/content}--><\/span><!--[\/icon]-->\n\t\n\t\t    <!--[text]-->\n        <style>\n.additional-class-863112408{overflow:hidden;margin:0px;}<\/style>        <h2 class=\" additional-class-863112408  bd-no-margins bd-content-element\">\n            <!--{content}-->\n                Tasa de inter\u00e9s            <!--{\/content}-->\n        <\/h2>\n    <!--[\/text]-->\n\n\t\n\t\t    <!--[text]-->\n        <style>\n.additional-class-1398290665{overflow:hidden;}<\/style>        <p class=\" additional-class-1398290665  bd-content-element\">\n            <!--{content}-->\n                Se cobrar\u00e1 la tasa de inter\u00e9s del 1.15% mensual vencido\nplazo por el que inicialmente fue aprobado.&nbsp;<br>Para la primera pr\u00f3rroga se cobrar\u00e1 la tasa de inter\u00e9s de\n1.25% vencido plazo por el que inicialmente fue aprobado.&nbsp;<br>Para la segunda y \u00faltima pr\u00f3rroga se cobrar\u00e1 la tasa de\ninter\u00e9s de 1.35% mensual vencido plazo por el que inicialmente fue aprobado.&nbsp;&nbsp;<!--EndFragment--><br>            <!--{\/content}-->\n        <\/p>\n    <!--[\/text]-->\n\n\t\n\t\t\n    <!--[spacer]-->\n    <style>\n.bd-spacer-2006481579{height:1em;clear:both;}<\/style>    <div class=\" bd-spacer-2006481579  clearfix\">\n        <!--{content}--><!--{\/content}-->\n    <\/div>\n    <!--[\/spacer]-->\n\n    <!--{\/content}--><\/div><\/div><!--[\/layoutbox]-->\n\t\n\t\t<!--[layoutbox]--><style>\n.additional-class-1914993552{\n\ttext-align:  justify;\n}\n<\/style><div class=\"clearfix  additional-class-1914993552  bd-no-margins\"><div class=\"bd-container-inner\"><!--{content}-->    <!--[text]-->\n        <style>\n.additional-class-1957587358{\n\tfont-weight:  bold;\n}\n<\/style>        <p class=\" additional-class-1957587358  bd-content-element\">\n            <!--{content}-->\n                PAR\u00c1GRAFO 1\u00b0.&nbsp;\n<span style=\"font-weight: normal;\">Si vencido el plazo de cuatro (4) meses, no se ha efectuado el pago, se\ndescontar\u00e1 por n\u00f3mina en el menor tiempo que la capacidad de pago lo permita y\nen el evento de que el asociado deudor no disponga de \u00e9sta, se descontar\u00e1 al\ncodeudor, sin perjuicio de las acciones legales.&nbsp;&nbsp;<\/span><!--EndFragment-->            <!--{\/content}-->\n        <\/p>\n    <!--[\/text]-->\n\n\t\n\t\t    <!--[text]-->\n        <style>\n.additional-class-1832151984{\n\tfont-weight:  bold;\n}\n<\/style>        <p class=\" additional-class-1832151984  bd-content-element\">\n            <!--{content}-->\n                PAR\u00c1GRAFO 2\u00b0.&nbsp;<span style=\"font-weight: normal;\">El giro del dinero se har\u00e1 al asociado o a quien \u00e9l\ndetermine, en este \u00faltimo caso asumiendo el GMF de acuerdo con las normas\nlegales vigentes sobre la materia.&nbsp;<\/span><br><span style=\"font-weight: normal;\">&nbsp;<\/span><!--EndFragment-->            <!--{\/content}-->\n        <\/p>\n    <!--[\/text]-->\n<!--{\/content}--><\/div><\/div><!--[\/layoutbox]-->\n\t\n\t\t<!--[layoutbox]--><style>\n.additional-class-1246813850{\n\ttext-align:  justify;\n}\n<\/style><div class=\"clearfix  additional-class-1246813850  bd-no-margins\"><div class=\"bd-container-inner\"><!--{content}--><!--[icon]--><style>\n.additional-class-1566256472{float:left;margin-right:2em;margin-top:-0.5em;}<\/style><style>.additional-class-1566256472 {\n                    text-decoration: inherit;\n\t                display: inline-block;\n\t                speak: none;\n\t            }\n\n                .additional-class-1566256472:before {\n                    font-family: 'Billion Web Font';\n\t                font-style: normal;\n\t                font-weight: normal;\n\t                text-decoration: inherit;\n\t                text-align: center;\n\t                text-transform: none;\n\t                width: 1em;\n                }.additional-class-1566256472:before { content: '\\16b'; }.additional-class-1566256472:before {width: auto; visibility: inherit;}.additional-class-1566256472:before{display: inline-block;}<\/style><style>\n.additional-class-1566256472:before{color:#ffffff;font-size:30px;background-color:#542e91;-webkit-transition:all 500ms;transition:all 500ms;padding:20px;border-radius:50%;line-height:42.85714287px;}<\/style><style>.additional-class-1566256472:before{line-height: 30px;}<\/style><style>.additional-class-1566256472:before {\n        vertical-align: middle;\n        text-decoration: none;\n    }<\/style><style>.additional-class-1566256472:hover {\n                    text-decoration: inherit;\n\t                display: inline-block;\n\t                speak: none;\n\t            }\n\n                .additional-class-1566256472:hover:before {\n                    font-family: 'Billion Web Font';\n\t                font-style: normal;\n\t                font-weight: normal;\n\t                text-decoration: inherit;\n\t                text-align: center;\n\t                text-transform: none;\n\t                width: 1em;\n                }.additional-class-1566256472:hover:before {width: auto; visibility: inherit;}.additional-class-1566256472:hover:before{display: inline-block;}<\/style><style>\n.additional-class-1566256472:hover:before{background-color:#6e3cbe;}<\/style><style>.additional-class-1566256472:hover:before {\n        vertical-align: middle;\n        text-decoration: none;\n    }<\/style><span class=\"bd-icon  additional-class-1566256472  hidden-xs  bd-no-margins bd-own-margins\"><!--{content}--><!--{\/content}--><\/span><!--[\/icon]-->\n\t\n\t\t    <!--[text]-->\n        <style>\n.additional-class-801491693{overflow:hidden;margin:0px;}<\/style>        <h2 class=\" additional-class-801491693  bd-no-margins bd-content-element\">\n            <!--{content}-->\n                Sanciones            <!--{\/content}-->\n        <\/h2>\n    <!--[\/text]-->\n\n\t\n\t\t    <!--[text]-->\n        <style>\n.additional-class-700057147{overflow:hidden;}<\/style>        <p class=\" additional-class-700057147  bd-content-element\">\n            <!--{content}-->\n                Se le suspender\u00e1 el servicio de esta l\u00ednea de\ncr\u00e9dito, desde el momento del incumplimiento y hasta (3) meses despu\u00e9s de\nrealizado su pago o de la \u00faltima cuota en el evento de haber sido descontado\npor n\u00f3mina.<!--EndFragment--><br>            <!--{\/content}-->\n        <\/p>\n    <!--[\/text]-->\n<!--{\/content}--><\/div><\/div><!--[\/layoutbox]-->                    <!--{\/content}-->\n                <\/div>\n            <\/div>\n        <\/div>\n    <!--[\/column]-->\n                        <!--{\/content}-->\n                    <\/div>\n                <\/div>\n            <\/div>\n        <\/div>\n    <!--[\/columns]-->\n\t\t\t\t<!--{\/content}-->\n\t\t\t<\/div>\n\t\t<\/section>\n\t<!--[\/section]-->\n\n","protected":false},"excerpt":{"rendered":"","protected":false},"author":2,"featured_media":0,"parent":22,"menu_order":11,"comment_status":"closed","ping_status":"closed","template":"","meta":[],"_links":{"self":[{"href":"https:\/\/fosol.com.co\/site\/wp-json\/wp\/v2\/pages\/49"}],"collection":[{"href":"https:\/\/fosol.com.co\/site\/wp-json\/wp\/v2\/pages"}],"about":[{"href":"https:\/\/fosol.com.co\/site\/wp-json\/wp\/v2\/types\/page"}],"author":[{"embeddable":true,"href":"https:\/\/fosol.com.co\/site\/wp-json\/wp\/v2\/users\/2"}],"replies":[{"embeddable":true,"href":"https:\/\/fosol.com.co\/site\/wp-json\/wp\/v2\/comments?post=49"}],"version-history":[{"count":5,"href":"https:\/\/fosol.com.co\/site\/wp-json\/wp\/v2\/pages\/49\/revisions"}],"predecessor-version":[{"id":1230,"href":"https:\/\/fosol.com.co\/site\/wp-json\/wp\/v2\/pages\/49\/revisions\/1230"}],"up":[{"embeddable":true,"href":"https:\/\/fosol.com.co\/site\/wp-json\/wp\/v2\/pages\/22"}],"wp:attachment":[{"href":"https:\/\/fosol.com.co\/site\/wp-json\/wp\/v2\/media?parent=49"}],"curies":[{"name":"wp","href":"https:\/\/api.w.org\/{rel}","templated":true}]}}