{"id":396,"date":"2018-03-02T17:12:22","date_gmt":"2018-03-02T17:12:22","guid":{"rendered":"https:\/\/fosol.com.co\/site\/?page_id=396"},"modified":"2018-07-12T15:27:59","modified_gmt":"2018-07-12T15:27:59","slug":"publicar-clasificado","status":"publish","type":"page","link":"https:\/\/fosol.com.co\/site\/clasificados\/publicar-clasificado\/","title":{"rendered":"Publicar clasificado"},"content":{"rendered":"<!--[overlay]--><style>\n.bd-textureoverlay-1883469720:before{background-color:#000000;opacity:0.4;}<\/style><!--{content}-->    <!--[section]-->\n\t\t<style>\n.bd-section-375953349{background-color:#ffffff;position:relative;background-size:cover;background-repeat:no-repeat;background-image:url(https:\/\/fosol.com.co\/site\/wp-content\/uploads\/2018\/07\/2162334_bd_media_id_183509fc6d89eb08863f51990f5b3e72.jpeg);background-attachment:fixed;padding-top:6em;padding-bottom:6em;background-position:center center;}\n.bd-section-375953349{\n\tline-height:  24px;\n\tcolor:  #ffffff;\n\tfont-size:  16px;\n\tfont-weight:  400;\n}\n.bd-section-375953349 h1{\n\tline-height:  55.2px;\n\ttext-transform:  uppercase;\n\tfont-size:  48px;\n\tfont-weight:  600;\n}\n\n@media (max-width: 767px) {.bd-section-375953349 h1{\n\tline-height:  42.85714287px;\n\tfont-size:  30px;\n}\n}<\/style>\t\t<section id=section4 class=\" bd-section-375953349 bd-tagstyles bd-textureoverlay  bd-textureoverlay-1883469720 \" data-section-title=\"row with background image\">\n\t\t\t<div class=\"bd-container-inner bd-margins clearfix\">\n\t\t\t\t<!--{content}-->\n\t\t\t\t\t<!--[layoutbox]--><style>\n.additional-class-1993104023{width:95%;margin-left:auto;margin-right:auto;display:block;}\n@media (max-width: 1199px) {.additional-class-1993104023{width:75%;}}\n@media (max-width: 991px) {.additional-class-1993104023{width:90%;}}\n.additional-class-1993104023{\n\ttext-align:  center;\n}\n.additional-class-1993104023 h1{\n\ttext-align:  left;\n}\n<\/style><div class=\"clearfix  additional-class-1993104023  bd-no-margins bd-no-margins\"><div class=\"bd-container-inner\"><!--{content}-->    <!--[text]-->\n        <style>\n.additional-class-1767948994{margin-top:0px;margin-bottom:0px;}<\/style>        <h1 class=\" additional-class-1767948994  bd-content-element\">\n            <!--{content}-->\n                Publicar clasificado            <!--{\/content}-->\n        <\/h1>\n    <!--[\/text]-->\n<!--{\/content}--><\/div><\/div><!--[\/layoutbox]-->\t\t\t\t<!--{\/content}-->\n\t\t\t<\/div>\n\t\t<\/section>\n\t<!--[\/section]-->\n<!--{\/content}--><!--[\/overlay]-->\n    <!--[section]-->\n\t\t<style>\n.bd-section-811529040{background-color:#ffffff;padding-top:1em;padding-right:2em;padding-left:2em;}\n@media (max-width: 767px) {.bd-section-811529040{padding-right:1em;padding-left:1em;}}\n.bd-section-811529040{\n\tline-height:  27.2px;\n\tfont-size:  16px;\n\tcolor:  #777777;\n\ttext-align:  center;\n\tletter-spacing:  1px;\n\tfont-weight:  500;\n}\n.bd-section-811529040 h1{\n\tline-height:  41.4px;\n\tcolor:  #333333;\n\tfont-size:  36px;\n\tfont-weight:  700;\n}\n\n@media (max-width: 767px) {.bd-section-811529040{\n\tline-height:  20.00000001px;\n\tfont-size:  14px;\n}\n}<\/style>\t\t<section id=section4 class=\" bd-section-811529040  bd-tagstyles\" data-section-title=\"Four Columns With Header\">\n\t\t\t<div class=\"bd-container-inner bd-margins clearfix\">\n\t\t\t\t<!--{content}-->\n\t\t\t\t\t    <!--[columns]-->\n        <style>\n.bd-layoutcontainer-1800037178 > .bd-container-inner > .container-fluid > .row{margin-left:0px;margin-right:0px;}\n.bd-layoutcontainer-1800037178 > .bd-container-inner > .container-fluid > .row > div{padding-left:0px;padding-right:0px;}\n.bd-layoutcontainer-1800037178  > .bd-container-inner > .container-fluid:after{display:none;}<\/style><style>\n.bd-layoutcontainer-1800037178 > .bd-container-inner > .container-fluid, .bd-layoutcontainer-1800037178 > .bd-container-inner > .container-fluid > .row{height:100%;}<\/style><style>.bd-layoutcontainer-1800037178 > .bd-container-inner > .container-fluid {padding-left: 0; padding-right: 0;margin-left: 0!important; margin-right: 0!important;}<\/style>        <style>\n.bd-layoutcolumn-775577699{position:relative;}<\/style>        <div class=\" bd-layoutcontainer-1800037178  bd-columns bd-no-margins\">\n            <div class=\"bd-container-inner\">\n                <div class=\"container-fluid\">\n                    <div class=\"row bd-row-flex bd-row-align-middle\">\n                        <!--{content}-->\n                                <!--[column]-->\n        <div class=\"col-lg-12 col-md-12 col-sm-12 bd-columnwrapper-775577699\">\n            <div class=\"bd-column  bd-layoutcolumn-775577699 \">\n                <div class=\"bd-vertical-align-wrapper\">\n                    <!--{content}-->\n                        <!--[layoutbox]--><style>\n.additional-class-2025155090{background-color:#ededed;padding:1em;}<\/style><div class=\"clearfix  additional-class-2025155090  bd-no-margins\"><div class=\"bd-container-inner\"><!--{content}-->    <!--[text]-->\n        <style>\n.additional-class-1761719925{margin-top:0px;margin-bottom:1px;}\n.additional-class-1761719925{\n\tfont-weight:  bold;\n}\n<\/style>        <p class=\" additional-class-1761719925  bd-content-element\">\n            <!--{content}-->\n                <span style=\"font-weight: normal;\">\n            \n                ESTIMADO ASOCIADO A CONTINUACI\u00d3N PODR\u00c1 ENVIAR LA INFORMACI\u00d3N DE LOS CLASIFICADOS QUE DESEE PUBLICAR A TRAV\u00c9S DE NUESTRA PLATAFORMA.<\/span>&nbsp;ESTE SERVICIO ES SOLAMENTE PARA ASOCIADOS FOSOL. EL FONDO NO SE HAR\u00c1 RESPONSABLE POR LAS NEGOCIACIONES QUE SE DERIVEN DE LOS AVISOS PUBLICADOS.            <!--{\/content}-->\n        <\/p>\n    <!--[\/text]-->\n\n\t\n\t\t\n    <!--[separator]-->\n    <style>\n.bd-separator-767473797{margin-top:1px;margin-bottom:11px;padding:10px 0px;}<\/style>        <style>\n.bd-separator-767473797 .bd-separator-inner:before, .bd-separator-767473797 .bd-separator-inner:after{border-top:2px solid #542e91;}<\/style>    <style>\n.bd-separator-767473797 .bd-separator-inner{width:10%;}<\/style>\n    <div class=\" bd-separator-767473797  bd-separator-center bd-separator-content-center clearfix\">\n        <div class=\"bd-container-inner\">\n            <div class=\"bd-separator-inner\">\n                                <!--{content}--><!--{\/content}-->\n            <\/div>\n        <\/div>\n    <\/div>\n    <!--[\/separator]-->\n\n    \n\t\n\t\t<!--[html]--><style>\n.additional-class-1574289605{background-color:rgba(255, 255, 255, 0.5);margin-bottom:9px;margin-top:11px;border:1px dotted rgba(51, 51, 51, 0.25);border-radius:0px;}<\/style><style><\/style><div class=\"bd-tagstyles  additional-class-1574289605 \"><div class=\"bd-container-inner bd-content-element\"><!--{content}--><div class=\"bd-sidebar-6 clearfix\">\n<div class=\"bd-blockcontent bd-tagstyles\">\n<div class=\"wpcf7 no-js\" id=\"wpcf7-f659-o1\" lang=\"es-CO\" dir=\"ltr\">\n<div class=\"screen-reader-response\"><p role=\"status\" aria-live=\"polite\" aria-atomic=\"true\"><\/p> <ul><\/ul><\/div>\n<form action=\"\/site\/wp-json\/wp\/v2\/pages\/396#wpcf7-f659-o1\" method=\"post\" class=\"wpcf7-form init cf7mls-no-scroll cf7mls-no-moving-animation\" aria-label=\"Formulario de contacto\" enctype=\"multipart\/form-data\" novalidate=\"novalidate\" data-status=\"init\">\n<div style=\"display: none;\">\n<input type=\"hidden\" name=\"_wpcf7\" value=\"659\" \/>\n<input type=\"hidden\" name=\"_wpcf7_version\" value=\"5.8.5\" \/>\n<input type=\"hidden\" name=\"_wpcf7_locale\" value=\"es_CO\" \/>\n<input type=\"hidden\" name=\"_wpcf7_unit_tag\" value=\"wpcf7-f659-o1\" \/>\n<input type=\"hidden\" name=\"_wpcf7_container_post\" value=\"0\" \/>\n<input type=\"hidden\" name=\"_wpcf7_posted_data_hash\" value=\"\" \/>\n<input type=\"hidden\" name=\"_uacf7_hidden_conditional_fields\" value=\"\" \/>\n<input type=\"hidden\" name=\"_wpcf7_recaptcha_response\" value=\"\" \/>\n<\/div>\n            <style>\n                :root {\n                    --uacf7-slider-Selection-Color: #1e90ff;\n                    --uacf7-slider-handle-color: #3498db;\n                    --uacf7-slider-handle-width: 24px;\n                    --uacf7-slider-handle-height: 24px;\n                    --uacf7-slider-handle-border-radius: 24px;\n                    --uacf7-slider-range-slider-height: 9px;\n                }\n                .uacf7-form-659 .ui-slider-horizontal .ui-slider-range {\n                    background-color: #1e90ff;\n                    height: 9px;\n                }\n                .uacf7-form-659 .ui-widget.ui-widget-content {\n                    height: 9px;\n                    border: 1px solid #1e90ff;\n                    background-color: #EEE;\n                }\n                .uacf7-form-659 .ui-state-default, .ui-widget-content .ui-state-default{\n                    background-color: #3498db;\n                    width: 24px;\n                    height: 24px;\n                    border-radius: 24px;\n                    cursor: pointer;\n                    border: none !important;\n                    top: -8px;\n                    position: absolute;\n                    \n                }\n              \n                .uacf7-form-659 .ui-slider-horizontal .ui-slider-handle {\n                    top: -8.5px;\n                }\n                .uacf7-form-659 input[type=range] {\n                    background-color: #1e90ff;\n                    height: 9px;\n                    border-radius: 5px;\n                }\n                .uacf7-form-659 .ui-slider-horizontal{\n                    height: 9px;\n                }\n                .uacf7-form-659 .uacf7-slider::-webkit-slider-thumb {\n                    -webkit-appearance: none;\n                    appearance: none;\n                    width: 24px;\n                    height: 24px;\n                    background:#3498db;\n                    border-radius: 24px;\n                    cursor: pointer;\n                }\n\n                .uacf7-form-659 .uacf7-slider::-moz-range-thumb {\n                    width: 24px;\n                    height: 24px;\n                    background: #3498db;\n                    border-radius: 24px;\n                    cursor: pointer;\n                }\n            <\/style>\n\n            <div class=\"uacf7-form-659\"><div class=\"uacf7-form-659\"><label> Nombres completos del asociado: (requerido)\n    <span class=\"wpcf7-form-control-wrap\" data-name=\"your-name\"><input size=\"40\" class=\"wpcf7-form-control wpcf7-text wpcf7-validates-as-required\" aria-required=\"true\" aria-invalid=\"false\" placeholder=\"Pepito Perez Lopez Jimenez\" value=\"\" type=\"text\" name=\"your-name\" \/><\/span> <\/label>\n\n<label> C\u00e9dula del asociado: (requerido)\n    <span class=\"wpcf7-form-control-wrap\" data-name=\"number-389\"><input class=\"wpcf7-form-control wpcf7-number wpcf7-validates-as-required wpcf7-validates-as-number\" aria-required=\"true\" aria-invalid=\"false\" placeholder=\"0\" value=\"\" type=\"number\" name=\"number-389\" \/><\/span><\/label>\n\n<label> Correo electr\u00f3nico: (requerido)\n    <span class=\"wpcf7-form-control-wrap\" data-name=\"your-email\"><input size=\"40\" class=\"wpcf7-form-control wpcf7-email wpcf7-validates-as-required wpcf7-text wpcf7-validates-as-email\" aria-required=\"true\" aria-invalid=\"false\" placeholder=\"prueba@prueba.com.co\" value=\"\" type=\"email\" name=\"your-email\" \/><\/span> <\/label>\n\n<label> Titulo del clasificado: (requerido)\n    <span class=\"wpcf7-form-control-wrap\" data-name=\"your-subject\"><input size=\"40\" class=\"wpcf7-form-control wpcf7-text wpcf7-validates-as-required\" aria-required=\"true\" aria-invalid=\"false\" placeholder=\"Apartamento Cartagena\" value=\"\" type=\"text\" name=\"your-subject\" \/><\/span> <\/label>\n\n<label> Valor promedio del producto o servicio:\n    <span class=\"wpcf7-form-control-wrap\" data-name=\"number-283\"><input class=\"wpcf7-form-control wpcf7-number wpcf7-validates-as-number\" aria-invalid=\"false\" placeholder=\"0\" value=\"\" type=\"number\" name=\"number-283\" \/><\/span> <\/label>\n\n<label> Tel\u00e9fonos de contacto:\n    <span class=\"wpcf7-form-control-wrap\" data-name=\"tel-877\"><input size=\"40\" class=\"wpcf7-form-control wpcf7-tel wpcf7-text wpcf7-validates-as-tel\" aria-invalid=\"false\" placeholder=\"000-000-0000\" value=\"\" type=\"tel\" name=\"tel-877\" \/><\/span><\/label>\n\n<label> URL de p\u00e1gina web, red social, etc.:\n    <span class=\"wpcf7-form-control-wrap\" data-name=\"url-571\"><input size=\"40\" class=\"wpcf7-form-control wpcf7-url wpcf7-text wpcf7-validates-as-url\" aria-invalid=\"false\" placeholder=\"www.prueba.com.co\/clasificado\/apartamento\" value=\"\" type=\"url\" name=\"url-571\" \/><\/span><\/label>\n\n<label> Descripci\u00f3n del clasificado: (requerido)\n    <span class=\"wpcf7-form-control-wrap\" data-name=\"your-message\"><textarea cols=\"40\" rows=\"10\" class=\"wpcf7-form-control wpcf7-textarea wpcf7-validates-as-required\" aria-required=\"true\" aria-invalid=\"false\" placeholder=\"Ingrese la descripci\u00f3n de su articulo, servicio o producto lo m\u00e1s detallado posible. Esta informaci\u00f3n la ver\u00e1n sus posibles compradores, sea especifico puntual y convincente. No olvide detalles importantes como sus tel\u00e9fonos de contacto, correos electr\u00f3nicos, direcci\u00f3n, p\u00e1gina web, etc.\" name=\"your-message\"><\/textarea><\/span> <\/label>\n\n<label><span class=\"wpcf7-form-control-wrap\" data-name=\"file-878\"><input size=\"40\" class=\"wpcf7-form-control wpcf7-file wpcf7-validates-as-required\" accept=\".zip,.rar,.png,.jpg,.jpeg,.pptx,.ppx,.pdf,.doc,.docx\" aria-required=\"true\" aria-invalid=\"false\" type=\"file\" name=\"file-878\" \/><\/span> <\/label> \n<strong>(Solo 1 archivo - M\u00e1ximo 10 MB)<\/strong> Si son varias fotos por favor adjuntar un solo archivo comprimido en formato <strong>.ZIP<\/strong> o en formato <strong>.RAR<\/strong>\n<hr\/>\n\n<span class=\"wpcf7-form-control-wrap\" data-name=\"acceptance-205\"><span class=\"wpcf7-form-control wpcf7-acceptance\"><span class=\"wpcf7-list-item\"><label><input type=\"checkbox\" name=\"acceptance-205\" value=\"1\" checked=\"checked\" aria-invalid=\"false\" \/><span class=\"wpcf7-list-item-label\">Aceptar t\u00e9rminos y condiciones<\/span><\/label><\/span><\/span><\/span>\n\n<input class=\"wpcf7-form-control wpcf7-submit has-spinner\" type=\"submit\" value=\"Enviar clasificado\" \/><\/div><\/div><p style=\"display: none !important;\"><label>&#916;<textarea name=\"_wpcf7_ak_hp_textarea\" cols=\"45\" rows=\"8\" maxlength=\"100\"><\/textarea><\/label><input type=\"hidden\" id=\"ak_js_1\" name=\"_wpcf7_ak_js\" value=\"122\"\/><script>document.getElementById( \"ak_js_1\" ).setAttribute( \"value\", ( new Date() ).getTime() );<\/script><\/p><input type='hidden' class='wpcf7-pum' value='{\"closepopup\":false,\"closedelay\":0,\"openpopup\":false,\"openpopup_id\":0}' \/><div class=\"wpcf7-response-output\" aria-hidden=\"true\"><\/div>\n<\/form>\n<\/div>\n<\/div>\n<\/div><!--{\/content}--><\/div><\/div><!--[\/html]--><!--{\/content}--><\/div><\/div><!--[\/layoutbox]-->                    <!--{\/content}-->\n                <\/div>\n            <\/div>\n        <\/div>\n    <!--[\/column]-->\n                        <!--{\/content}-->\n                    <\/div>\n                <\/div>\n            <\/div>\n        <\/div>\n    <!--[\/columns]-->\n\t\t\t\t<!--{\/content}-->\n\t\t\t<\/div>\n\t\t<\/section>\n\t<!--[\/section]-->\n\n","protected":false},"excerpt":{"rendered":"","protected":false},"author":2,"featured_media":0,"parent":127,"menu_order":1,"comment_status":"closed","ping_status":"closed","template":"","meta":[],"_links":{"self":[{"href":"https:\/\/fosol.com.co\/site\/wp-json\/wp\/v2\/pages\/396"}],"collection":[{"href":"https:\/\/fosol.com.co\/site\/wp-json\/wp\/v2\/pages"}],"about":[{"href":"https:\/\/fosol.com.co\/site\/wp-json\/wp\/v2\/types\/page"}],"author":[{"embeddable":true,"href":"https:\/\/fosol.com.co\/site\/wp-json\/wp\/v2\/users\/2"}],"replies":[{"embeddable":true,"href":"https:\/\/fosol.com.co\/site\/wp-json\/wp\/v2\/comments?post=396"}],"version-history":[{"count":16,"href":"https:\/\/fosol.com.co\/site\/wp-json\/wp\/v2\/pages\/396\/revisions"}],"predecessor-version":[{"id":692,"href":"https:\/\/fosol.com.co\/site\/wp-json\/wp\/v2\/pages\/396\/revisions\/692"}],"up":[{"embeddable":true,"href":"https:\/\/fosol.com.co\/site\/wp-json\/wp\/v2\/pages\/127"}],"wp:attachment":[{"href":"https:\/\/fosol.com.co\/site\/wp-json\/wp\/v2\/media?parent=396"}],"curies":[{"name":"wp","href":"https:\/\/api.w.org\/{rel}","templated":true}]}}