{"id":39,"date":"2018-02-15T23:15:06","date_gmt":"2018-02-15T23:15:06","guid":{"rendered":"https:\/\/fosol.com.co\/site\/?page_id=39"},"modified":"2022-07-14T14:52:45","modified_gmt":"2022-07-14T19:52:45","slug":"obligaciones-fis-y-trib","status":"publish","type":"page","link":"https:\/\/fosol.com.co\/site\/servicios\/creditos\/obligaciones-fis-y-trib\/","title":{"rendered":"Obligaciones Fis. y Trib."},"content":{"rendered":"<!--[overlay]--><style>\n.bd-textureoverlay-1849170791:before{background-color:#000000;opacity:0.4;}<\/style><!--{content}-->    <!--[section]-->\n\t\t<style>\n.bd-section-114521395{background-color:#ffffff;position:relative;background-size:cover;background-repeat:no-repeat;background-image:url(https:\/\/fosol.com.co\/site\/wp-content\/uploads\/2018\/02\/1901232_bd_media_id_971f2b8cd10f00521eef93cb1bd4f2a8.jpeg);background-attachment:fixed;padding-top:6em;padding-bottom:6em;background-position:center center;}\n.bd-section-114521395{\n\tline-height:  24px;\n\tcolor:  #ffffff;\n\tfont-size:  16px;\n\tfont-weight:  400;\n}\n.bd-section-114521395 h1{\n\tline-height:  55.2px;\n\ttext-transform:  uppercase;\n\tfont-size:  48px;\n\tfont-weight:  600;\n}\n\n@media (max-width: 767px) {.bd-section-114521395 h1{\n\tline-height:  42.85714287px;\n\tfont-size:  30px;\n}\n}<\/style>\t\t<section id=section4 class=\" bd-section-114521395 bd-tagstyles bd-textureoverlay  bd-textureoverlay-1849170791 \" data-section-title=\"row with background image\">\n\t\t\t<div class=\"bd-container-inner bd-margins clearfix\">\n\t\t\t\t<!--{content}-->\n\t\t\t\t\t<!--[layoutbox]--><style>\n.additional-class-1467109225{width:95%;margin-left:auto;margin-right:auto;display:block;}\n@media (max-width: 1199px) {.additional-class-1467109225{width:75%;}}\n@media (max-width: 991px) {.additional-class-1467109225{width:90%;}}\n.additional-class-1467109225{\n\ttext-align:  center;\n}\n.additional-class-1467109225 h1{\n\ttext-align:  left;\n}\n<\/style><div class=\"clearfix  additional-class-1467109225  bd-no-margins bd-no-margins\"><div class=\"bd-container-inner\"><!--{content}-->    <!--[text]-->\n        <style>\n.additional-class-448620662{margin-top:0px;margin-bottom:0px;}<\/style>        <h1 class=\" additional-class-448620662  bd-content-element\">\n            <!--{content}-->\n                Oblig. fiscales y tributarias            <!--{\/content}-->\n        <\/h1>\n    <!--[\/text]-->\n<!--{\/content}--><\/div><\/div><!--[\/layoutbox]-->\t\t\t\t<!--{\/content}-->\n\t\t\t<\/div>\n\t\t<\/section>\n\t<!--[\/section]-->\n<!--{\/content}--><!--[\/overlay]-->\n    <!--[section]-->\n\t\t<style>\n.bd-section-1575110406{background-color:#ffffff;padding:3em 2em;}\n.bd-section-1575110406{\n\tline-height:  34px;\n\tfont-size:  16px;\n\tcolor:  #000000;\n}\n.bd-section-1575110406 h2{\n\tline-height:  20px;\n\tfont-size:  20px;\n\tfont-weight:  600;\n\ttext-transform:  uppercase;\n}\n.bd-section-1575110406 h1{\n\tline-height:  68.57142859px;\n\tfont-size:  48px;\n\tfont-weight:  500;\n\ttext-transform:  uppercase;\n\tcolor:  #000000;\n}\n\n@media (max-width: 991px) {.bd-section-1575110406 h1{\n\tline-height:  36px;\n\tfont-size:  36px;\n}\n}<\/style>\t\t<section id=section4 class=\" bd-section-1575110406  bd-tagstyles\" data-section-title=\"Two Columns With Header\">\n\t\t\t<div class=\"bd-container-inner bd-margins clearfix\">\n\t\t\t\t<!--{content}-->\n\t\t\t\t\t    <!--[columns]-->\n        <style>\n.bd-layoutcontainer-1239865658 > .bd-container-inner > .container-fluid > .row{height:calc(102%);margin:-1em -2em;}\n.bd-layoutcontainer-1239865658 > .bd-container-inner > .container-fluid > .row > div{padding:1em 2em;}\n.bd-layoutcontainer-1239865658  > .bd-container-inner > .container-fluid:after{display:none;}<\/style><style>\n.bd-layoutcontainer-1239865658 > .bd-container-inner > .container-fluid, .bd-layoutcontainer-1239865658 > .bd-container-inner > .container-fluid > .row{height:100%;}<\/style><style>.bd-layoutcontainer-1239865658 > .bd-container-inner > .container-fluid {padding-left: 0; padding-right: 0;margin-left: 0!important; margin-right: 0!important;}<\/style>        <style><\/style>        <div class=\" bd-layoutcontainer-1239865658  bd-columns bd-no-margins\">\n            <div class=\"bd-container-inner\">\n                <div class=\"container-fluid\">\n                    <div class=\"row bd-row-flex bd-row-align-middle\">\n                        <!--{content}-->\n                                <!--[column]-->\n        <div class=\"col-md-12 bd-columnwrapper-2090790813\">\n            <div class=\"bd-column  bd-layoutcolumn-2090790813 \">\n                <div class=\"bd-vertical-align-wrapper\">\n                    <!--{content}-->\n                        <!--[layoutbox]--><style>\n.additional-class-933040017{\n\ttext-align:  justify;\n}\n<\/style><div class=\"clearfix  additional-class-933040017  bd-no-margins\"><div class=\"bd-container-inner\"><!--{content}--><!--[icon]--><style>\n.additional-class-624946039{float:left;margin-right:2em;margin-top:-0.5em;}<\/style><style>.additional-class-624946039 {\n                    text-decoration: inherit;\n\t                display: inline-block;\n\t                speak: none;\n\t            }\n\n                .additional-class-624946039:before {\n                    font-family: 'Billion Web Font';\n\t                font-style: normal;\n\t                font-weight: normal;\n\t                text-decoration: inherit;\n\t                text-align: center;\n\t                text-transform: none;\n\t                width: 1em;\n                }.additional-class-624946039:before { content: '\\1ef'; }.additional-class-624946039:before {width: auto; visibility: inherit;}.additional-class-624946039:before{display: inline-block;}<\/style><style>\n.additional-class-624946039:before{color:#ffffff;font-size:30px;background-color:#542e91;-webkit-transition:all 500ms;transition:all 500ms;padding:20px;border-radius:50%;line-height:42.85714287px;}<\/style><style>.additional-class-624946039:before{line-height: 30px;}<\/style><style>.additional-class-624946039:before {\n        vertical-align: middle;\n        text-decoration: none;\n    }<\/style><style>.additional-class-624946039:hover {\n                    text-decoration: inherit;\n\t                display: inline-block;\n\t                speak: none;\n\t            }\n\n                .additional-class-624946039:hover:before {\n                    font-family: 'Billion Web Font';\n\t                font-style: normal;\n\t                font-weight: normal;\n\t                text-decoration: inherit;\n\t                text-align: center;\n\t                text-transform: none;\n\t                width: 1em;\n                }.additional-class-624946039:hover:before {width: auto; visibility: inherit;}.additional-class-624946039:hover:before{display: inline-block;}<\/style><style>\n.additional-class-624946039:hover:before{background-color:#6e3cbe;}<\/style><style>.additional-class-624946039:hover:before {\n        vertical-align: middle;\n        text-decoration: none;\n    }<\/style><span class=\"bd-icon  additional-class-624946039  hidden-xs  bd-no-margins bd-own-margins\"><!--{content}--><!--{\/content}--><\/span><!--[\/icon]-->\n\t\n\t\t    <!--[text]-->\n        <style>\n.additional-class-1468314103{overflow:hidden;margin:0px;}<\/style>        <h2 class=\" additional-class-1468314103  bd-no-margins bd-content-element\">\n            <!--{content}-->\n                CREDITO PARA EL PAGO DE OBLIGACIONES FISCALES Y TRIBUTARIAS            <!--{\/content}-->\n        <\/h2>\n    <!--[\/text]-->\n\n\t\n\t\t    <!--[text]-->\n        <style>\n.additional-class-1126208835{overflow:hidden;}<\/style>        <p class=\" additional-class-1126208835  bd-content-element\">\n            <!--{content}-->\n                Es aquel que se concede al Asociado y\/o n\u00facleo familiar\nb\u00e1sico para el pago de impuestos y contribuciones.&nbsp;<br>            <!--{\/content}-->\n        <\/p>\n    <!--[\/text]-->\n\n\t\n\t\t\n    <!--[spacer]-->\n    <style>\n.bd-spacer-1159249696{height:1em;clear:both;}<\/style>    <div class=\" bd-spacer-1159249696  clearfix\">\n        <!--{content}--><!--{\/content}-->\n    <\/div>\n    <!--[\/spacer]-->\n\n    <!--{\/content}--><\/div><\/div><!--[\/layoutbox]-->\n\t\n\t\t<!--[layoutbox]--><style>\n.additional-class-847907664{\n\ttext-align:  justify;\n}\n<\/style><div class=\"clearfix  additional-class-847907664  bd-no-margins\"><div class=\"bd-container-inner\"><!--{content}--><!--[icon]--><style>\n.additional-class-502954086{float:left;margin-right:2em;margin-top:-0.5em;}<\/style><style>.additional-class-502954086 {\n                    text-decoration: inherit;\n\t                display: inline-block;\n\t                speak: none;\n\t            }\n\n                .additional-class-502954086:before {\n                    font-family: 'Billion Web Font';\n\t                font-style: normal;\n\t                font-weight: normal;\n\t                text-decoration: inherit;\n\t                text-align: center;\n\t                text-transform: none;\n\t                width: 1em;\n                }.additional-class-502954086:before { content: '\\13f'; }.additional-class-502954086:before {width: auto; visibility: inherit;}.additional-class-502954086:before{display: inline-block;}<\/style><style>\n.additional-class-502954086:before{color:#ffffff;font-size:30px;background-color:#542e91;-webkit-transition:all 500ms;transition:all 500ms;padding:20px;border-radius:50%;line-height:42.85714287px;}<\/style><style>.additional-class-502954086:before{line-height: 30px;}<\/style><style>.additional-class-502954086:before {\n        vertical-align: middle;\n        text-decoration: none;\n    }<\/style><style>.additional-class-502954086:hover {\n                    text-decoration: inherit;\n\t                display: inline-block;\n\t                speak: none;\n\t            }\n\n                .additional-class-502954086:hover:before {\n                    font-family: 'Billion Web Font';\n\t                font-style: normal;\n\t                font-weight: normal;\n\t                text-decoration: inherit;\n\t                text-align: center;\n\t                text-transform: none;\n\t                width: 1em;\n                }.additional-class-502954086:hover:before {width: auto; visibility: inherit;}.additional-class-502954086:hover:before{display: inline-block;}<\/style><style>\n.additional-class-502954086:hover:before{background-color:#6e3cbe;}<\/style><style>.additional-class-502954086:hover:before {\n        vertical-align: middle;\n        text-decoration: none;\n    }<\/style><span class=\"bd-icon  additional-class-502954086  hidden-xs  bd-no-margins bd-own-margins\"><!--{content}--><!--{\/content}--><\/span><!--[\/icon]-->\n\t\n\t\t    <!--[text]-->\n        <style>\n.additional-class-1121166548{overflow:hidden;margin:0px;}<\/style>        <h2 class=\" additional-class-1121166548  bd-no-margins bd-content-element\">\n            <!--{content}-->\n                Requisitos            <!--{\/content}-->\n        <\/h2>\n    <!--[\/text]-->\n\n\t\n\t\t    <!--[text]-->\n        <style>\n.additional-class-1090327588{overflow:hidden;}<\/style>        <p class=\" additional-class-1090327588  bd-content-element\">\n            <!--{content}-->\n                El Asociado presentar\u00e1 la copia de la factura de su impuesto\no contribuci\u00f3n.&nbsp;&nbsp;<!--EndFragment--><br>            <!--{\/content}-->\n        <\/p>\n    <!--[\/text]-->\n\n\t\n\t\t\n    <!--[spacer]-->\n    <style>\n.bd-spacer-10417819{height:1em;clear:both;}<\/style>    <div class=\" bd-spacer-10417819  clearfix\">\n        <!--{content}--><!--{\/content}-->\n    <\/div>\n    <!--[\/spacer]-->\n\n    <!--{\/content}--><\/div><\/div><!--[\/layoutbox]-->\n\t\n\t\t<!--[layoutbox]--><style>\n.additional-class-456946944{\n\ttext-align:  justify;\n}\n<\/style><div class=\"clearfix  additional-class-456946944  bd-no-margins\"><div class=\"bd-container-inner\"><!--{content}--><!--[icon]--><style>\n.additional-class-1306609521{float:left;margin-right:2em;margin-top:-0.5em;}<\/style><style>.additional-class-1306609521 {\n                    text-decoration: inherit;\n\t                display: inline-block;\n\t                speak: none;\n\t            }\n\n                .additional-class-1306609521:before {\n                    font-family: 'Billion Web Font';\n\t                font-style: normal;\n\t                font-weight: normal;\n\t                text-decoration: inherit;\n\t                text-align: center;\n\t                text-transform: none;\n\t                width: 1em;\n                }.additional-class-1306609521:before { content: '\\2a0'; }.additional-class-1306609521:before {width: auto; visibility: inherit;}.additional-class-1306609521:before{display: inline-block;}<\/style><style>\n.additional-class-1306609521:before{color:#ffffff;font-size:30px;background-color:#542e91;-webkit-transition:all 500ms;transition:all 500ms;padding:20px;border-radius:50%;line-height:42.85714287px;}<\/style><style>.additional-class-1306609521:before{line-height: 30px;}<\/style><style>.additional-class-1306609521:before {\n        vertical-align: middle;\n        text-decoration: none;\n    }<\/style><style>.additional-class-1306609521:hover {\n                    text-decoration: inherit;\n\t                display: inline-block;\n\t                speak: none;\n\t            }\n\n                .additional-class-1306609521:hover:before {\n                    font-family: 'Billion Web Font';\n\t                font-style: normal;\n\t                font-weight: normal;\n\t                text-decoration: inherit;\n\t                text-align: center;\n\t                text-transform: none;\n\t                width: 1em;\n                }.additional-class-1306609521:hover:before {width: auto; visibility: inherit;}.additional-class-1306609521:hover:before{display: inline-block;}<\/style><style>\n.additional-class-1306609521:hover:before{background-color:#6e3cbe;}<\/style><style>.additional-class-1306609521:hover:before {\n        vertical-align: middle;\n        text-decoration: none;\n    }<\/style><span class=\"bd-icon  additional-class-1306609521  hidden-xs  bd-no-margins bd-own-margins\"><!--{content}--><!--{\/content}--><\/span><!--[\/icon]-->\n\t\n\t\t    <!--[text]-->\n        <style>\n.additional-class-1887694650{overflow:hidden;margin:0px;}<\/style>        <h2 class=\" additional-class-1887694650  bd-no-margins bd-content-element\">\n            <!--{content}-->\n                Tasa de inter\u00e9s            <!--{\/content}-->\n        <\/h2>\n    <!--[\/text]-->\n\n\t\n\t\t    <!--[text]-->\n        <style>\n.additional-class-347039708{overflow:hidden;}<\/style>        <p class=\" additional-class-347039708  bd-content-element\">\n            <!--{content}-->\n                Se cobrar\u00e1 la tasa de inter\u00e9s del 1.00% mensual vencido.<br>            <!--{\/content}-->\n        <\/p>\n    <!--[\/text]-->\n\n\t\n\t\t\n    <!--[spacer]-->\n    <style>\n.bd-spacer-1027934953{height:1em;clear:both;}<\/style>    <div class=\" bd-spacer-1027934953  clearfix\">\n        <!--{content}--><!--{\/content}-->\n    <\/div>\n    <!--[\/spacer]-->\n\n    <!--{\/content}--><\/div><\/div><!--[\/layoutbox]-->\n\t\n\t\t<!--[layoutbox]--><style>\n.additional-class-353738279{\n\ttext-align:  justify;\n}\n<\/style><div class=\"clearfix  additional-class-353738279  bd-no-margins\"><div class=\"bd-container-inner\"><!--{content}-->    <!--[text]-->\n        <style>\n.additional-class-1309783486{overflow:hidden;}<\/style>        <p class=\" additional-class-1309783486  bd-content-element\">\n            <!--{content}-->\n                <b>PAR\u00c1GRAFO 1\u00b0.&nbsp;<\/b>Transcurridos m\u00e1ximo\n20 d\u00edas calendario despu\u00e9s del desembolso, deber\u00e1 legalizar el pr\u00e9stamo\npresentando la constancia de pago, so pena de ser transformado en cr\u00e9dito\nordinario.&nbsp;&nbsp;<!--EndFragment--><br>            <!--{\/content}-->\n        <\/p>\n    <!--[\/text]-->\n\n\t\n\t\t\n    <!--[spacer]-->\n    <style>\n.bd-spacer-788169419{height:1em;clear:both;}<\/style>    <div class=\" bd-spacer-788169419  clearfix\">\n        <!--{content}--><!--{\/content}-->\n    <\/div>\n    <!--[\/spacer]-->\n\n    <!--{\/content}--><\/div><\/div><!--[\/layoutbox]-->                    <!--{\/content}-->\n                <\/div>\n            <\/div>\n        <\/div>\n    <!--[\/column]-->\n                        <!--{\/content}-->\n                    <\/div>\n                <\/div>\n            <\/div>\n        <\/div>\n    <!--[\/columns]-->\n\t\t\t\t<!--{\/content}-->\n\t\t\t<\/div>\n\t\t<\/section>\n\t<!--[\/section]-->\n\n","protected":false},"excerpt":{"rendered":"","protected":false},"author":2,"featured_media":0,"parent":22,"menu_order":6,"comment_status":"closed","ping_status":"closed","template":"","meta":[],"_links":{"self":[{"href":"https:\/\/fosol.com.co\/site\/wp-json\/wp\/v2\/pages\/39"}],"collection":[{"href":"https:\/\/fosol.com.co\/site\/wp-json\/wp\/v2\/pages"}],"about":[{"href":"https:\/\/fosol.com.co\/site\/wp-json\/wp\/v2\/types\/page"}],"author":[{"embeddable":true,"href":"https:\/\/fosol.com.co\/site\/wp-json\/wp\/v2\/users\/2"}],"replies":[{"embeddable":true,"href":"https:\/\/fosol.com.co\/site\/wp-json\/wp\/v2\/comments?post=39"}],"version-history":[{"count":5,"href":"https:\/\/fosol.com.co\/site\/wp-json\/wp\/v2\/pages\/39\/revisions"}],"predecessor-version":[{"id":1225,"href":"https:\/\/fosol.com.co\/site\/wp-json\/wp\/v2\/pages\/39\/revisions\/1225"}],"up":[{"embeddable":true,"href":"https:\/\/fosol.com.co\/site\/wp-json\/wp\/v2\/pages\/22"}],"wp:attachment":[{"href":"https:\/\/fosol.com.co\/site\/wp-json\/wp\/v2\/media?parent=39"}],"curies":[{"name":"wp","href":"https:\/\/api.w.org\/{rel}","templated":true}]}}