{"id":37,"date":"2018-02-15T23:14:43","date_gmt":"2018-02-15T23:14:43","guid":{"rendered":"https:\/\/fosol.com.co\/site\/?page_id=37"},"modified":"2022-07-14T14:51:07","modified_gmt":"2022-07-14T19:51:07","slug":"salud","status":"publish","type":"page","link":"https:\/\/fosol.com.co\/site\/servicios\/creditos\/salud\/","title":{"rendered":"Salud"},"content":{"rendered":"<!--[overlay]--><style>\n.bd-textureoverlay-811512264:before{background-color:#000000;opacity:0.4;}<\/style><!--{content}-->    <!--[section]-->\n\t\t<style>\n.bd-section-1112002435{background-color:#ffffff;position:relative;background-size:cover;background-repeat:no-repeat;background-image:url(https:\/\/fosol.com.co\/site\/wp-content\/uploads\/2018\/02\/2901287_bd_media_id_2d1ca1cfe064bcc7caca3ddf05e35241.jpeg);background-attachment:fixed;padding-top:6em;padding-bottom:6em;background-position:center center;}\n.bd-section-1112002435{\n\tline-height:  24px;\n\tcolor:  #ffffff;\n\tfont-size:  16px;\n\tfont-weight:  400;\n}\n.bd-section-1112002435 h1{\n\tline-height:  55.2px;\n\ttext-transform:  uppercase;\n\tfont-size:  48px;\n\tfont-weight:  600;\n}\n\n@media (max-width: 767px) {.bd-section-1112002435 h1{\n\tline-height:  42.85714287px;\n\tfont-size:  30px;\n}\n}<\/style>\t\t<section id=section4 class=\" bd-section-1112002435 bd-tagstyles bd-textureoverlay  bd-textureoverlay-811512264 \" data-section-title=\"row with background image\">\n\t\t\t<div class=\"bd-container-inner bd-margins clearfix\">\n\t\t\t\t<!--{content}-->\n\t\t\t\t\t<!--[layoutbox]--><style>\n.additional-class-410925653{width:95%;margin-left:auto;margin-right:auto;display:block;}\n@media (max-width: 1199px) {.additional-class-410925653{width:75%;}}\n@media (max-width: 991px) {.additional-class-410925653{width:90%;}}\n.additional-class-410925653{\n\ttext-align:  center;\n}\n.additional-class-410925653 h1{\n\ttext-align:  left;\n}\n<\/style><div class=\"clearfix  additional-class-410925653  bd-no-margins bd-no-margins\"><div class=\"bd-container-inner\"><!--{content}-->    <!--[text]-->\n        <style>\n.additional-class-1873135738{margin-top:0px;margin-bottom:0px;}<\/style>        <h1 class=\" additional-class-1873135738  bd-content-element\">\n            <!--{content}-->\n                Cr\u00e9dito de salud            <!--{\/content}-->\n        <\/h1>\n    <!--[\/text]-->\n<!--{\/content}--><\/div><\/div><!--[\/layoutbox]-->\t\t\t\t<!--{\/content}-->\n\t\t\t<\/div>\n\t\t<\/section>\n\t<!--[\/section]-->\n<!--{\/content}--><!--[\/overlay]-->\n    <!--[section]-->\n\t\t<style>\n.bd-section-1403730080{background-color:#ffffff;padding:3em 2em;}\n.bd-section-1403730080{\n\tline-height:  34px;\n\tfont-size:  16px;\n\tcolor:  #000000;\n}\n.bd-section-1403730080 h2{\n\tline-height:  20px;\n\tfont-size:  20px;\n\tfont-weight:  600;\n\ttext-transform:  uppercase;\n}\n.bd-section-1403730080 h1{\n\tline-height:  68.57142859px;\n\tfont-size:  48px;\n\tfont-weight:  500;\n\ttext-transform:  uppercase;\n\tcolor:  #000000;\n}\n\n@media (max-width: 991px) {.bd-section-1403730080 h1{\n\tline-height:  36px;\n\tfont-size:  36px;\n}\n}<\/style>\t\t<section id=section4 class=\" bd-section-1403730080  bd-tagstyles\" data-section-title=\"Two Columns With Header\">\n\t\t\t<div class=\"bd-container-inner bd-margins clearfix\">\n\t\t\t\t<!--{content}-->\n\t\t\t\t\t    <!--[columns]-->\n        <style>\n.bd-layoutcontainer-1625045764 > .bd-container-inner > .container-fluid > .row{height:calc(102%);margin:-1em -2em;}\n.bd-layoutcontainer-1625045764 > .bd-container-inner > .container-fluid > .row > div{padding:1em 2em;}\n.bd-layoutcontainer-1625045764  > .bd-container-inner > .container-fluid:after{display:none;}<\/style><style>\n.bd-layoutcontainer-1625045764 > .bd-container-inner > .container-fluid, .bd-layoutcontainer-1625045764 > .bd-container-inner > .container-fluid > .row{height:100%;}<\/style><style>.bd-layoutcontainer-1625045764 > .bd-container-inner > .container-fluid {padding-left: 0; padding-right: 0;margin-left: 0!important; margin-right: 0!important;}<\/style>        <style><\/style>        <div class=\" bd-layoutcontainer-1625045764  bd-columns bd-no-margins\">\n            <div class=\"bd-container-inner\">\n                <div class=\"container-fluid\">\n                    <div class=\"row bd-row-flex bd-row-align-middle\">\n                        <!--{content}-->\n                                <!--[column]-->\n        <div class=\"col-md-12 bd-columnwrapper-192780320\">\n            <div class=\"bd-column  bd-layoutcolumn-192780320 \">\n                <div class=\"bd-vertical-align-wrapper\">\n                    <!--{content}-->\n                        <!--[layoutbox]--><style>\n.additional-class-1086732768{\n\ttext-align:  justify;\n}\n<\/style><div class=\"clearfix  additional-class-1086732768  bd-no-margins\"><div class=\"bd-container-inner\"><!--{content}--><!--[icon]--><style>\n.additional-class-899483896{float:left;margin-right:2em;margin-top:-0.5em;}<\/style><style>.additional-class-899483896 {\n                    text-decoration: inherit;\n\t                display: inline-block;\n\t                speak: none;\n\t            }\n\n                .additional-class-899483896:before {\n                    font-family: 'Billion Web Font';\n\t                font-style: normal;\n\t                font-weight: normal;\n\t                text-decoration: inherit;\n\t                text-align: center;\n\t                text-transform: none;\n\t                width: 1em;\n                }.additional-class-899483896:before { content: '\\1ef'; }.additional-class-899483896:before {width: auto; visibility: inherit;}.additional-class-899483896:before{display: inline-block;}<\/style><style>\n.additional-class-899483896:before{color:#ffffff;font-size:30px;background-color:#542e91;-webkit-transition:all 500ms;transition:all 500ms;padding:20px;border-radius:50%;line-height:42.85714287px;}<\/style><style>.additional-class-899483896:before{line-height: 30px;}<\/style><style>.additional-class-899483896:before {\n        vertical-align: middle;\n        text-decoration: none;\n    }<\/style><style>.additional-class-899483896:hover {\n                    text-decoration: inherit;\n\t                display: inline-block;\n\t                speak: none;\n\t            }\n\n                .additional-class-899483896:hover:before {\n                    font-family: 'Billion Web Font';\n\t                font-style: normal;\n\t                font-weight: normal;\n\t                text-decoration: inherit;\n\t                text-align: center;\n\t                text-transform: none;\n\t                width: 1em;\n                }.additional-class-899483896:hover:before {width: auto; visibility: inherit;}.additional-class-899483896:hover:before{display: inline-block;}<\/style><style>\n.additional-class-899483896:hover:before{background-color:#6e3cbe;}<\/style><style>.additional-class-899483896:hover:before {\n        vertical-align: middle;\n        text-decoration: none;\n    }<\/style><span class=\"bd-icon  additional-class-899483896  hidden-xs  bd-no-margins bd-own-margins\"><!--{content}--><!--{\/content}--><\/span><!--[\/icon]-->\n\t\n\t\t    <!--[text]-->\n        <style>\n.additional-class-386260669{overflow:hidden;margin:0px;}<\/style>        <h2 class=\" additional-class-386260669  bd-no-margins bd-content-element\">\n            <!--{content}-->\n                SAlud            <!--{\/content}-->\n        <\/h2>\n    <!--[\/text]-->\n\n\t\n\t\t    <!--[text]-->\n        <style>\n.additional-class-118071507{overflow:hidden;}<\/style>        <p class=\" additional-class-118071507  bd-content-element\">\n            <!--{content}-->\n                Es aquel otorgado al asociado y\/o a su n\u00facleo familiar\nb\u00e1sico para la adquisici\u00f3n de servicios por concepto de emergencias m\u00e9dicas,\nmedicina prepagada, y dem\u00e1s servicios relacionados, contratados con Entidades\ndebidamente inscritas en el Registro de Proveedores.&nbsp; &nbsp;<!--EndFragment--><br>            <!--{\/content}-->\n        <\/p>\n    <!--[\/text]-->\n\n\t\n\t\t\n    <!--[spacer]-->\n    <style>\n.bd-spacer-1170563306{height:1em;clear:both;}<\/style>    <div class=\" bd-spacer-1170563306  clearfix\">\n        <!--{content}--><!--{\/content}-->\n    <\/div>\n    <!--[\/spacer]-->\n\n    <!--{\/content}--><\/div><\/div><!--[\/layoutbox]-->\n\t\n\t\t<!--[layoutbox]--><style>\n.additional-class-2041180845{\n\ttext-align:  justify;\n}\n<\/style><div class=\"clearfix  additional-class-2041180845  bd-no-margins\"><div class=\"bd-container-inner\"><!--{content}--><!--[icon]--><style>\n.additional-class-889104926{float:left;margin-right:2em;margin-top:-0.5em;}<\/style><style>.additional-class-889104926 {\n                    text-decoration: inherit;\n\t                display: inline-block;\n\t                speak: none;\n\t            }\n\n                .additional-class-889104926:before {\n                    font-family: 'Billion Web Font';\n\t                font-style: normal;\n\t                font-weight: normal;\n\t                text-decoration: inherit;\n\t                text-align: center;\n\t                text-transform: none;\n\t                width: 1em;\n                }.additional-class-889104926:before { content: '\\13f'; }.additional-class-889104926:before {width: auto; visibility: inherit;}.additional-class-889104926:before{display: inline-block;}<\/style><style>\n.additional-class-889104926:before{color:#ffffff;font-size:30px;background-color:#542e91;-webkit-transition:all 500ms;transition:all 500ms;padding:20px;border-radius:50%;line-height:42.85714287px;}<\/style><style>.additional-class-889104926:before{line-height: 30px;}<\/style><style>.additional-class-889104926:before {\n        vertical-align: middle;\n        text-decoration: none;\n    }<\/style><style>.additional-class-889104926:hover {\n                    text-decoration: inherit;\n\t                display: inline-block;\n\t                speak: none;\n\t            }\n\n                .additional-class-889104926:hover:before {\n                    font-family: 'Billion Web Font';\n\t                font-style: normal;\n\t                font-weight: normal;\n\t                text-decoration: inherit;\n\t                text-align: center;\n\t                text-transform: none;\n\t                width: 1em;\n                }.additional-class-889104926:hover:before {width: auto; visibility: inherit;}.additional-class-889104926:hover:before{display: inline-block;}<\/style><style>\n.additional-class-889104926:hover:before{background-color:#6e3cbe;}<\/style><style>.additional-class-889104926:hover:before {\n        vertical-align: middle;\n        text-decoration: none;\n    }<\/style><span class=\"bd-icon  additional-class-889104926  hidden-xs  bd-no-margins bd-own-margins\"><!--{content}--><!--{\/content}--><\/span><!--[\/icon]-->\n\t\n\t\t    <!--[text]-->\n        <style>\n.additional-class-1003794833{overflow:hidden;margin:0px;}<\/style>        <h2 class=\" additional-class-1003794833  bd-no-margins bd-content-element\">\n            <!--{content}-->\n                Requisitos            <!--{\/content}-->\n        <\/h2>\n    <!--[\/text]-->\n\n\t\n\t\t    <!--[text]-->\n        <style>\n.additional-class-1291413505{overflow:hidden;}<\/style>        <p class=\" additional-class-1291413505  bd-content-element\">\n            <!--{content}-->\n                Previa autorizaci\u00f3n a trav\u00e9s de orden de entrega\nfirmada por el asociado y con la expedici\u00f3n por parte del proveedor de una\nfactura o documento equivalente a nombre del asociado beneficiario de los\nbienes o servicios.<!--EndFragment--><br>            <!--{\/content}-->\n        <\/p>\n    <!--[\/text]-->\n\n\t\n\t\t\n    <!--[spacer]-->\n    <style>\n.bd-spacer-27078994{height:1em;clear:both;}<\/style>    <div class=\" bd-spacer-27078994  clearfix\">\n        <!--{content}--><!--{\/content}-->\n    <\/div>\n    <!--[\/spacer]-->\n\n    <!--{\/content}--><\/div><\/div><!--[\/layoutbox]-->\n\t\n\t\t<!--[layoutbox]--><style>\n.additional-class-1291603946{\n\ttext-align:  justify;\n}\n<\/style><div class=\"clearfix  additional-class-1291603946  bd-no-margins\"><div class=\"bd-container-inner\"><!--{content}--><!--[icon]--><style>\n.additional-class-1244508702{float:left;margin-right:2em;margin-top:-0.5em;}<\/style><style>.additional-class-1244508702 {\n                    text-decoration: inherit;\n\t                display: inline-block;\n\t                speak: none;\n\t            }\n\n                .additional-class-1244508702:before {\n                    font-family: 'Billion Web Font';\n\t                font-style: normal;\n\t                font-weight: normal;\n\t                text-decoration: inherit;\n\t                text-align: center;\n\t                text-transform: none;\n\t                width: 1em;\n                }.additional-class-1244508702:before { content: '\\2a0'; }.additional-class-1244508702:before {width: auto; visibility: inherit;}.additional-class-1244508702:before{display: inline-block;}<\/style><style>\n.additional-class-1244508702:before{color:#ffffff;font-size:30px;background-color:#542e91;-webkit-transition:all 500ms;transition:all 500ms;padding:20px;border-radius:50%;line-height:42.85714287px;}<\/style><style>.additional-class-1244508702:before{line-height: 30px;}<\/style><style>.additional-class-1244508702:before {\n        vertical-align: middle;\n        text-decoration: none;\n    }<\/style><style>.additional-class-1244508702:hover {\n                    text-decoration: inherit;\n\t                display: inline-block;\n\t                speak: none;\n\t            }\n\n                .additional-class-1244508702:hover:before {\n                    font-family: 'Billion Web Font';\n\t                font-style: normal;\n\t                font-weight: normal;\n\t                text-decoration: inherit;\n\t                text-align: center;\n\t                text-transform: none;\n\t                width: 1em;\n                }.additional-class-1244508702:hover:before {width: auto; visibility: inherit;}.additional-class-1244508702:hover:before{display: inline-block;}<\/style><style>\n.additional-class-1244508702:hover:before{background-color:#6e3cbe;}<\/style><style>.additional-class-1244508702:hover:before {\n        vertical-align: middle;\n        text-decoration: none;\n    }<\/style><span class=\"bd-icon  additional-class-1244508702  hidden-xs  bd-no-margins bd-own-margins\"><!--{content}--><!--{\/content}--><\/span><!--[\/icon]-->\n\t\n\t\t    <!--[text]-->\n        <style>\n.additional-class-746681055{overflow:hidden;margin:0px;}<\/style>        <h2 class=\" additional-class-746681055  bd-no-margins bd-content-element\">\n            <!--{content}-->\n                Tasa de inter\u00e9s            <!--{\/content}-->\n        <\/h2>\n    <!--[\/text]-->\n\n\t\n\t\t    <!--[text]-->\n        <style>\n.additional-class-416263397{overflow:hidden;}<\/style>        <p class=\" additional-class-416263397  bd-content-element\">\n            <!--{content}-->\n                Se cobrar\u00e1 la tasa de inter\u00e9s del 1.00% mensual vencido.<br>            <!--{\/content}-->\n        <\/p>\n    <!--[\/text]-->\n\n\t\n\t\t\n    <!--[spacer]-->\n    <style>\n.bd-spacer-590102032{height:1em;clear:both;}<\/style>    <div class=\" bd-spacer-590102032  clearfix\">\n        <!--{content}--><!--{\/content}-->\n    <\/div>\n    <!--[\/spacer]-->\n\n    <!--{\/content}--><\/div><\/div><!--[\/layoutbox]-->\n\t\n\t\t<!--[layoutbox]--><style>\n.additional-class-1313176121{\n\ttext-align:  justify;\n}\n<\/style><div class=\"clearfix  additional-class-1313176121  bd-no-margins\"><div class=\"bd-container-inner\"><!--{content}-->    <!--[text]-->\n        <style>\n.additional-class-1133110190{overflow:hidden;}<\/style>        <p class=\" additional-class-1133110190  bd-content-element\">\n            <!--{content}-->\n                <b>&nbsp; &nbsp; &nbsp; &nbsp; &nbsp; &nbsp; &nbsp; &nbsp; &nbsp;PAR\u00c1GRAFO 1\u00b0.<\/b>&nbsp;\nEl desembolso del cr\u00e9dito de salud se har\u00e1 directamente al\nproveedor.&nbsp;&nbsp;<!--EndFragment-->&nbsp;&nbsp;<br>            <!--{\/content}-->\n        <\/p>\n    <!--[\/text]-->\n<!--{\/content}--><\/div><\/div><!--[\/layoutbox]-->                    <!--{\/content}-->\n                <\/div>\n            <\/div>\n        <\/div>\n    <!--[\/column]-->\n                        <!--{\/content}-->\n                    <\/div>\n                <\/div>\n            <\/div>\n        <\/div>\n    <!--[\/columns]-->\n\t\t\t\t<!--{\/content}-->\n\t\t\t<\/div>\n\t\t<\/section>\n\t<!--[\/section]-->\n\n","protected":false},"excerpt":{"rendered":"","protected":false},"author":2,"featured_media":0,"parent":22,"menu_order":5,"comment_status":"closed","ping_status":"closed","template":"","meta":[],"_links":{"self":[{"href":"https:\/\/fosol.com.co\/site\/wp-json\/wp\/v2\/pages\/37"}],"collection":[{"href":"https:\/\/fosol.com.co\/site\/wp-json\/wp\/v2\/pages"}],"about":[{"href":"https:\/\/fosol.com.co\/site\/wp-json\/wp\/v2\/types\/page"}],"author":[{"embeddable":true,"href":"https:\/\/fosol.com.co\/site\/wp-json\/wp\/v2\/users\/2"}],"replies":[{"embeddable":true,"href":"https:\/\/fosol.com.co\/site\/wp-json\/wp\/v2\/comments?post=37"}],"version-history":[{"count":6,"href":"https:\/\/fosol.com.co\/site\/wp-json\/wp\/v2\/pages\/37\/revisions"}],"predecessor-version":[{"id":1224,"href":"https:\/\/fosol.com.co\/site\/wp-json\/wp\/v2\/pages\/37\/revisions\/1224"}],"up":[{"embeddable":true,"href":"https:\/\/fosol.com.co\/site\/wp-json\/wp\/v2\/pages\/22"}],"wp:attachment":[{"href":"https:\/\/fosol.com.co\/site\/wp-json\/wp\/v2\/media?parent=37"}],"curies":[{"name":"wp","href":"https:\/\/api.w.org\/{rel}","templated":true}]}}