{"id":318,"date":"2018-02-28T19:43:40","date_gmt":"2018-02-28T19:43:40","guid":{"rendered":"https:\/\/fosol.com.co\/site\/?page_id=318"},"modified":"2020-10-08T13:48:48","modified_gmt":"2020-10-08T18:48:48","slug":"manifestaciones-de-solidaridad","status":"publish","type":"page","link":"https:\/\/fosol.com.co\/site\/servicios\/auxilios\/manifestaciones-de-solidaridad\/","title":{"rendered":"Manifestaciones de solidaridad"},"content":{"rendered":"<!--[overlay]--><style>\n.bd-textureoverlay-1431007286:before{background-color:#000000;opacity:0.4;}<\/style><!--{content}-->    <!--[section]-->\n\t\t<style>\n.bd-section-1744474516{background-color:#ffffff;position:relative;background-size:cover;background-repeat:no-repeat;background-image:url(https:\/\/fosol.com.co\/site\/wp-content\/uploads\/2018\/02\/1205454_bd_media_id_958187d9bd6dfcfd1a9f9f3d867b95ca.jpeg);background-attachment:fixed;padding-top:6em;padding-bottom:6em;background-position:center center;}\n.bd-section-1744474516{\n\tline-height:  24px;\n\tcolor:  #ffffff;\n\tfont-size:  16px;\n\tfont-weight:  400;\n}\n.bd-section-1744474516 h1{\n\tline-height:  55.2px;\n\ttext-transform:  uppercase;\n\tfont-size:  48px;\n\tfont-weight:  600;\n}\n\n@media (max-width: 767px) {.bd-section-1744474516 h1{\n\tline-height:  42.85714287px;\n\tfont-size:  30px;\n}\n}<\/style>\t\t<section id=section4 class=\" bd-section-1744474516 bd-tagstyles bd-textureoverlay  bd-textureoverlay-1431007286 \" data-section-title=\"row with background image\">\n\t\t\t<div class=\"bd-container-inner bd-margins clearfix\">\n\t\t\t\t<!--{content}-->\n\t\t\t\t\t<!--[layoutbox]--><style>\n.additional-class-2090613321{width:95%;margin-left:auto;margin-right:auto;display:block;}\n@media (max-width: 1199px) {.additional-class-2090613321{width:75%;}}\n@media (max-width: 991px) {.additional-class-2090613321{width:90%;}}\n.additional-class-2090613321{\n\ttext-align:  center;\n}\n.additional-class-2090613321 h1{\n\ttext-align:  left;\n}\n<\/style><div class=\"clearfix  additional-class-2090613321  bd-no-margins bd-no-margins\"><div class=\"bd-container-inner\"><!--{content}-->    <!--[text]-->\n        <style>\n.additional-class-1264390434{margin-top:0px;margin-bottom:0px;}<\/style>        <h1 class=\" additional-class-1264390434  bd-content-element\">\n            <!--{content}-->\n                Manifestaciones de solidaridad            <!--{\/content}-->\n        <\/h1>\n    <!--[\/text]-->\n<!--{\/content}--><\/div><\/div><!--[\/layoutbox]-->\t\t\t\t<!--{\/content}-->\n\t\t\t<\/div>\n\t\t<\/section>\n\t<!--[\/section]-->\n<!--{\/content}--><!--[\/overlay]-->\n    <!--[section]-->\n\t\t<style>\n.bd-section-97169931{background-color:#ffffff;padding:3em 2em;}\n.bd-section-97169931{\n\tline-height:  38.25px;\n\tfont-size:  18px;\n\tcolor:  #000000;\n\tfont-family:  Andika, Arial, 'Arial Unicode MS', Helvetica, sans-serif;\n\ttext-decoration:  solid #000000;\n}\n.bd-section-97169931 h2{\n\tline-height:  20px;\n\tfont-size:  20px;\n\tfont-weight:  600;\n\ttext-transform:  uppercase;\n}\n.bd-section-97169931 h1{\n\tline-height:  68.57142859px;\n\tfont-size:  48px;\n\tfont-weight:  500;\n\ttext-transform:  uppercase;\n\tcolor:  #000000;\n}\n\n@media (max-width: 991px) {.bd-section-97169931 h1{\n\tline-height:  36px;\n\tfont-size:  36px;\n}\n}<\/style>\t\t<section id=section4 class=\" bd-section-97169931  bd-tagstyles\" data-section-title=\"Two Columns With Header\">\n\t\t\t<div class=\"bd-container-inner bd-margins clearfix\">\n\t\t\t\t<!--{content}-->\n\t\t\t\t\t    <!--[columns]-->\n        <style>\n.bd-layoutcontainer-1664826047 > .bd-container-inner > .container-fluid > .row{height:calc(102%);margin:-1em -2em;}\n.bd-layoutcontainer-1664826047 > .bd-container-inner > .container-fluid > .row > div{padding:1em 2em;}\n.bd-layoutcontainer-1664826047  > .bd-container-inner > .container-fluid:after{display:none;}<\/style><style>\n.bd-layoutcontainer-1664826047 > .bd-container-inner > .container-fluid, .bd-layoutcontainer-1664826047 > .bd-container-inner > .container-fluid > .row{height:100%;}<\/style><style>.bd-layoutcontainer-1664826047 > .bd-container-inner > .container-fluid {padding-left: 0; padding-right: 0;margin-left: 0!important; margin-right: 0!important;}<\/style>        <style><\/style>        <div class=\" bd-layoutcontainer-1664826047  bd-columns bd-no-margins\">\n            <div class=\"bd-container-inner\">\n                <div class=\"container-fluid\">\n                    <div class=\"row bd-row-flex bd-row-align-middle\">\n                        <!--{content}-->\n                                <!--[column]-->\n        <div class=\"col-sm-12 bd-columnwrapper-1564804108\">\n            <div class=\"bd-column  bd-layoutcolumn-1564804108 \">\n                <div class=\"bd-vertical-align-wrapper\">\n                    <!--{content}-->\n                        <!--[layoutbox]--><style>\n.additional-class-2252641{\n\ttext-align:  justify;\n}\n<\/style><div class=\"clearfix  additional-class-2252641  bd-no-margins\"><div class=\"bd-container-inner\"><!--{content}--><!--[icon]--><style>\n.additional-class-252796245{float:left;margin-right:2em;margin-top:-0.5em;}<\/style><style>.additional-class-252796245 {\n                    text-decoration: inherit;\n\t                display: inline-block;\n\t                speak: none;\n\t            }\n\n                .additional-class-252796245:before {\n                    font-family: 'Billion Web Font';\n\t                font-style: normal;\n\t                font-weight: normal;\n\t                text-decoration: inherit;\n\t                text-align: center;\n\t                text-transform: none;\n\t                width: 1em;\n                }.additional-class-252796245:before { content: '\\1ef'; }.additional-class-252796245:before {width: auto; visibility: inherit;}.additional-class-252796245:before{display: inline-block;}<\/style><style>\n.additional-class-252796245:before{color:#ffffff;font-size:30px;background-color:#542e91;-webkit-transition:all 500ms;transition:all 500ms;padding:20px;border-radius:50%;line-height:42.85714287px;}<\/style><style>.additional-class-252796245:before{line-height: 30px;}<\/style><style>.additional-class-252796245:before {\n        vertical-align: middle;\n        text-decoration: none;\n    }<\/style><style>.additional-class-252796245:hover {\n                    text-decoration: inherit;\n\t                display: inline-block;\n\t                speak: none;\n\t            }\n\n                .additional-class-252796245:hover:before {\n                    font-family: 'Billion Web Font';\n\t                font-style: normal;\n\t                font-weight: normal;\n\t                text-decoration: inherit;\n\t                text-align: center;\n\t                text-transform: none;\n\t                width: 1em;\n                }.additional-class-252796245:hover:before {width: auto; visibility: inherit;}.additional-class-252796245:hover:before{display: inline-block;}<\/style><style>\n.additional-class-252796245:hover:before{background-color:#6e3cbe;}<\/style><style>.additional-class-252796245:hover:before {\n        vertical-align: middle;\n        text-decoration: none;\n    }<\/style><span class=\"bd-icon  additional-class-252796245  hidden-xs  bd-no-margins bd-own-margins\"><!--{content}--><!--{\/content}--><\/span><!--[\/icon]-->\n\t\n\t\t    <!--[text]-->\n        <style>\n.additional-class-1801265384{overflow:hidden;margin:0px;}<\/style>        <h2 class=\" additional-class-1801265384  bd-no-margins bd-content-element\">\n            <!--{content}-->\n                EVENTOS Y MANIFESTACIONES DE SOLIDARIDAD            <!--{\/content}-->\n        <\/h2>\n    <!--[\/text]-->\n\n\t\n\t\t    <!--[text]-->\n        <style>\n.additional-class-623171957{overflow:hidden;}<\/style>        <p class=\" additional-class-623171957  bd-content-element\">\n            <!--{content}-->\n                <b><i>1. Auxilio Nacimiento de hijo(s):<\/i> <\/b>Se otorgar\u00e1n siete (7) d\u00edas de un SMMLV.\n<br>&nbsp; &nbsp;\u00b7 Ser asociado h\u00e1bil\n<br>&nbsp; &nbsp;\u00b7 Presentar solicitud por escrito\n<br>&nbsp; &nbsp;\u00b7 Adjuntar registro civil de nacimiento\n<br>&nbsp; &nbsp;\u00b7 Hacer la solicitud en los primeros ciento ochenta (180) d\u00edas calendario contados\ndesde el nacimiento, pasado el plazo, perder\u00e1 el auxilio.\n<br>&nbsp; &nbsp;\u00b7 En caso de que ambos padres sean asociados a FOSOL, s\u00f3lo se entregar\u00e1 un auxilio.<br><br><b style=\"font-style: italic;\">2. Auxilio planes exequiales:\n<\/b>&nbsp;Se otorgar\u00e1 subsidio \u00fanicamente sobre un (1) plan exequial y ser\u00e1 porcentual de\nacuerdo a la tabla establecida <i>(Revisar Reglamento de Bienestar Social)<\/i><br>&nbsp; &nbsp;\u00b7 Ser asociado h\u00e1bil\n<br>&nbsp; &nbsp;\u00b7 Estar afiliado en alguna de las p\u00f3lizas ofrecidas por los proveedores del fondo.<br><br><b><i>3. Auxilio actividades deportivas o planes de gimnasio:<\/i><\/b>&nbsp;<span style=\"text-decoration-line: initial;\">Se otorgar\u00e1 subsidio de dos (2) d\u00edas de un SMMLV y se\notorgar\u00e1 una sola vez en el a\u00f1o.&nbsp; &nbsp; &nbsp;.&nbsp;<\/span><span style=\"text-decoration-line: initial;\">Ser asociado h\u00e1bil&nbsp;<\/span><br>&nbsp; &nbsp;. Presentar solicitud por escrito\n <br>&nbsp; &nbsp;. Adjuntar copia de afiliaci\u00f3n al\n     gimnasio o inscripci\u00f3n a la actividad deportiva seg\u00fan corresponda.<br>&nbsp; &nbsp; &nbsp; &nbsp;<b>PAR\u00c1GRAFO: <\/b>Ser\u00e1n subsidiadas \u00fanicamente las\nactividades deportivas que no reciban ning\u00fan apoyo del IDU.<b><u><\/u><\/b>&nbsp;&nbsp;<br><br><b><i>4. Auxilio de anteojos:&nbsp;<\/i><\/b><span style=\"text-decoration-line: initial;\">Se otorgar\u00e1 subsidio de dos (2) d\u00edas de un SMMLV.<\/span><u><\/u><span style=\"text-decoration-line: initial;\">&nbsp;<\/span><br>\n\n<!--&#091;if !supportLists&#093;-->&nbsp; &nbsp;\u00b7 Ser\nasociado h\u00e1bil<br><b><\/b><!--&#091;if !supportLists&#093;-->&nbsp; &nbsp;\u00b7&nbsp;<span style=\"text-decoration-line: initial;\">Adjuntar\noriginal del recibo de caja o de la factura que soporte el pago.&nbsp;<\/span><br><b style=\"text-decoration-line: initial;\"><\/b><span style=\"text-decoration-line: initial;\"><\/span><span style=\"text-decoration-line: initial;\">&nbsp; &nbsp;\u00b7&nbsp;<\/span><span style=\"text-decoration-line: initial;\">Fotocopia\nde la formula m\u00e9dica.<\/span><br><span style=\"text-decoration-line: initial;\"><\/span><b style=\"text-decoration-line: initial;\"><\/b><span style=\"text-decoration-line: initial;\"><\/span><span style=\"text-decoration-line: initial;\">&nbsp; &nbsp;\u00b7&nbsp;<\/span><span style=\"text-decoration-line: initial;\">Hacer\nla solicitud en los primeros treinta (30) d\u00edas calendario desde la orden m\u00e9dica,\npasado el plazo, perder\u00e1 el auxilio&nbsp;<\/span><br><b style=\"text-decoration-line: initial;\"><\/b><span style=\"text-decoration-line: initial;\"><\/span><span style=\"text-decoration-line: initial;\">&nbsp; &nbsp;\u00b7&nbsp;<\/span><span style=\"text-decoration-line: initial;\">S\u00f3lo\npodr\u00e1 ser otorgado una vez por a\u00f1o calendario.<\/span><br><br><i><b>5. Auxilio por compra de medicamentos no cubiertos por la EPS:&nbsp;<\/b><\/i><span style=\"text-decoration-line: initial;\">Se otorgar\u00e1 auxilio \u00fanicamente por medicamentos no cubiertos por la EPS, las\nfacturas presentadas deben sumar m\u00e1s de cinco (5) d\u00edas de un SMMLV y ser\u00e1\nporcentual de acuerdo a tabla (Revistar Reglamento de Bienestar Social)<\/span><br>&nbsp; &nbsp; \u00b7 Ser\nasociado h\u00e1bil.<span style=\"text-decoration-line: initial;\">&nbsp; &nbsp;&nbsp;<\/span><br>&nbsp; &nbsp; \u00b7 Adjuntar\nfactura original que soporte el pago. (cumplir requisitos de la DIAN)&nbsp;<br>&nbsp; &nbsp; \u00b7&nbsp;Fotocopia\nde la formula m\u00e9dica expedida por la E.P.S.&nbsp;<br>&nbsp; &nbsp; \u00b7&nbsp;Hacer\nla solicitud en los primeros treinta (30) d\u00edas desde la orden m\u00e9dica, pasado el\nplazo, perder\u00e1 el auxilio.&nbsp;<br>&nbsp; &nbsp; \u00b7&nbsp;S\u00f3lo\npodr\u00e1 ser otorgado una vez por a\u00f1o calendario.<b><i><br><\/i><\/b><br><b><i>6. Auxilio por da\u00f1os presentados a la vivienda y bienes (calamidad dom\u00e9stica) del asociado:&nbsp;<\/i><\/b><span style=\"text-decoration-line: initial;\">a consecuencia de un accidente o caso\nfortuito y cuya reparaci\u00f3n sea urgente.&nbsp;<\/span><span style=\"text-decoration-line: initial;\">Este auxilio se reconocer\u00e1 una sola vez al a\u00f1o, atendiendo la tabla establecida\npor afectaci\u00f3n econ\u00f3mica expuesta en el art\u00edculo 10. <i>(Revisar Reglamento de Bienestar Social)<\/i>&nbsp;&nbsp;<\/span><br><span style=\"text-decoration-line: initial;\">&nbsp; &nbsp; &nbsp;<\/span><span style=\"text-decoration-line: initial;\">\u00b7&nbsp;<\/span><span style=\"text-decoration-line: initial;\">Presentar\nsolicitud por escrito<\/span><br><span style=\"text-decoration-line: initial;\"><\/span><span style=\"text-decoration-line: initial;\">&nbsp; &nbsp; &nbsp;\u00b7&nbsp;<\/span><span style=\"text-decoration-line: initial;\">Adjuntar\nfotos del da\u00f1o presentado<\/span><br><span style=\"text-decoration-line: initial;\"><\/span><span style=\"text-decoration-line: initial;\">&nbsp; &nbsp; &nbsp;\u00b7&nbsp;<\/span><span style=\"text-decoration-line: initial;\">Adjuntar\noriginal de la factura que soporte el pago, (debe cumplir requisitos de la\nDIAN)<\/span><br><span style=\"text-decoration-line: initial;\"><\/span><span style=\"text-decoration-line: initial;\">&nbsp; &nbsp; &nbsp;\u00b7&nbsp;<\/span><span style=\"text-decoration-line: initial;\">Hacer\nla solicitud en los primeros treinta d\u00edas calendario desde la ocurrencia del\nda\u00f1o, pasado el plazo, perder\u00e1 el auxilio.<\/span><br><span style=\"text-decoration-line: initial;\"><\/span><span style=\"text-decoration-line: initial;\">&nbsp; &nbsp; &nbsp;\u00b7&nbsp;<\/span><span style=\"text-decoration-line: initial;\">Para\nsaber si es propiedad deber\u00eda adjuntar el certificado de tradici\u00f3n y libertad.<\/span><span style=\"text-decoration-line: initial;\"><br><\/span><br><span style=\"text-decoration-line: initial;\"><i><b>7. Auxilio por incapacidad mayor a 30 d\u00edas por diagn\u00f3stico m\u00e9dico en el que determine enfermedad fortuita por padecimiento de enfermedad catastr\u00f3fica:<\/b><\/i>&nbsp;<\/span><span style=\"text-decoration-line: initial;\">Este auxilio se reconocer\u00e1 una sola vez al a\u00f1o y cubre \u00fanicamente al asociado,\nel porcentaje otorgado ser\u00e1 evaluado atendiendo la tabla establecida por\nafectaci\u00f3n econ\u00f3mica expuesta en el art\u00edculo 10. <i>(Revisar Reglamento de Bienestar Social)<\/i>&nbsp;&nbsp;<\/span><br><span style=\"text-decoration-line: initial;\">&nbsp; &nbsp; &nbsp;<\/span><span style=\"text-decoration-line: initial;\">\u00b7&nbsp;<\/span><span style=\"text-decoration-line: initial;\">Ser\nasociado h\u00e1bil.<\/span><br><span style=\"text-decoration-line: initial;\"><\/span><span style=\"text-decoration-line: initial;\">&nbsp; &nbsp; &nbsp;\u00b7&nbsp;<\/span><span style=\"text-decoration-line: initial;\">Fotocopia\ndel resumen de epicrisis expedida por la E.P.S.<\/span><br><span style=\"text-decoration-line: initial;\"><\/span><span style=\"text-decoration-line: initial;\">&nbsp; &nbsp; &nbsp;\u00b7&nbsp;<\/span><span style=\"text-decoration-line: initial;\">Hacer\nla solicitud en los primeros treinta d\u00edas desde la orden m\u00e9dica, pasado el\nplazo, se perder\u00e1 el auxilio.<\/span><br><span style=\"text-decoration-line: initial;\">&nbsp;&nbsp;\n\n<\/span><b style=\"text-decoration-line: initial;\">&nbsp;<\/b><span style=\"text-decoration-line: initial;\">\n\n<\/span><b style=\"text-decoration-line: initial;\">PAR\u00c1GRAFO\n1. <\/b><span style=\"text-decoration-line: initial;\">Se entiende como\nenfermedad fortuita toda situaci\u00f3n en la que el trabajador como consecuencia de\nuna enfermedad com\u00fan&nbsp; &nbsp; &nbsp; &nbsp;o accidente no laboral precisa asistencia m\u00e9dica y est\u00e1\nimposibilitado para trabajar. <\/span><b style=\"text-decoration-line: initial;\">&nbsp;&nbsp;<\/b><br><span style=\"text-decoration-line: initial;\">\n\n<\/span><b style=\"text-decoration-line: initial;\">&nbsp;<\/b><span style=\"text-decoration-line: initial;\">&nbsp; &nbsp;&nbsp;<\/span><b style=\"text-decoration-line: initial;\">PAR\u00c1GRAFO 2. <\/b><span style=\"text-decoration-line: initial;\">Los\nprocedimientos est\u00e9ticos no recibir\u00e1n ning\u00fan apoyo ni auxilio ya que su\nfinalidad es mejorar o\nmodificar la apariencia o&nbsp; &nbsp; &nbsp; &nbsp; &nbsp;el aspecto del paciente sin efectos funcionales u\norg\u00e1nicos.<\/span><span style=\"text-decoration-line: initial;\">&nbsp;<\/span><br><br>            <!--{\/content}-->\n        <\/p>\n    <!--[\/text]-->\n<!--{\/content}--><\/div><\/div><!--[\/layoutbox]-->                    <!--{\/content}-->\n                <\/div>\n            <\/div>\n        <\/div>\n    <!--[\/column]-->\n                        <!--{\/content}-->\n                    <\/div>\n                <\/div>\n            <\/div>\n        <\/div>\n    <!--[\/columns]-->\n\t\t\t\t<!--{\/content}-->\n\t\t\t<\/div>\n\t\t<\/section>\n\t<!--[\/section]-->\n\n","protected":false},"excerpt":{"rendered":"","protected":false},"author":2,"featured_media":0,"parent":279,"menu_order":3,"comment_status":"closed","ping_status":"closed","template":"","meta":[],"_links":{"self":[{"href":"https:\/\/fosol.com.co\/site\/wp-json\/wp\/v2\/pages\/318"}],"collection":[{"href":"https:\/\/fosol.com.co\/site\/wp-json\/wp\/v2\/pages"}],"about":[{"href":"https:\/\/fosol.com.co\/site\/wp-json\/wp\/v2\/types\/page"}],"author":[{"embeddable":true,"href":"https:\/\/fosol.com.co\/site\/wp-json\/wp\/v2\/users\/2"}],"replies":[{"embeddable":true,"href":"https:\/\/fosol.com.co\/site\/wp-json\/wp\/v2\/comments?post=318"}],"version-history":[{"count":7,"href":"https:\/\/fosol.com.co\/site\/wp-json\/wp\/v2\/pages\/318\/revisions"}],"predecessor-version":[{"id":900,"href":"https:\/\/fosol.com.co\/site\/wp-json\/wp\/v2\/pages\/318\/revisions\/900"}],"up":[{"embeddable":true,"href":"https:\/\/fosol.com.co\/site\/wp-json\/wp\/v2\/pages\/279"}],"wp:attachment":[{"href":"https:\/\/fosol.com.co\/site\/wp-json\/wp\/v2\/media?parent=318"}],"curies":[{"name":"wp","href":"https:\/\/api.w.org\/{rel}","templated":true}]}}