{"id":316,"date":"2018-02-28T19:43:03","date_gmt":"2018-02-28T19:43:03","guid":{"rendered":"https:\/\/fosol.com.co\/site\/?page_id=316"},"modified":"2020-10-08T10:52:35","modified_gmt":"2020-10-08T15:52:35","slug":"fallecimiento-de-familiares","status":"publish","type":"page","link":"https:\/\/fosol.com.co\/site\/servicios\/auxilios\/fallecimiento-de-familiares\/","title":{"rendered":"Fallecimiento de familiares"},"content":{"rendered":"<!--[overlay]--><style>\n.bd-textureoverlay-555694438:before{background-color:#000000;opacity:0.4;}<\/style><!--{content}-->    <!--[section]-->\n\t\t<style>\n.bd-section-1438732920{background-color:#ffffff;position:relative;background-size:cover;background-repeat:no-repeat;background-image:url(https:\/\/fosol.com.co\/site\/wp-content\/uploads\/2018\/02\/1856028_bd_media_id_297621da21e96b9012f6fa81b0cdce33.jpeg);background-attachment:fixed;padding-top:6em;padding-bottom:6em;background-position:center center;}\n.bd-section-1438732920{\n\tline-height:  24px;\n\tcolor:  #ffffff;\n\tfont-size:  16px;\n\tfont-weight:  400;\n}\n.bd-section-1438732920 h1{\n\tline-height:  55.2px;\n\ttext-transform:  uppercase;\n\tfont-size:  48px;\n\tfont-weight:  600;\n}\n\n@media (max-width: 767px) {.bd-section-1438732920 h1{\n\tline-height:  42.85714287px;\n\tfont-size:  30px;\n}\n}<\/style>\t\t<section id=section4 class=\" bd-section-1438732920 bd-tagstyles bd-textureoverlay  bd-textureoverlay-555694438 \" data-section-title=\"row with background image\">\n\t\t\t<div class=\"bd-container-inner bd-margins clearfix\">\n\t\t\t\t<!--{content}-->\n\t\t\t\t\t<!--[layoutbox]--><style>\n.additional-class-2121632779{width:95%;margin-left:auto;margin-right:auto;display:block;}\n@media (max-width: 1199px) {.additional-class-2121632779{width:75%;}}\n@media (max-width: 991px) {.additional-class-2121632779{width:90%;}}\n.additional-class-2121632779{\n\ttext-align:  center;\n}\n.additional-class-2121632779 h1{\n\ttext-align:  left;\n}\n<\/style><div class=\"clearfix  additional-class-2121632779  bd-no-margins bd-no-margins\"><div class=\"bd-container-inner\"><!--{content}-->    <!--[text]-->\n        <style>\n.additional-class-2063029757{margin-top:0px;margin-bottom:0px;}<\/style>        <h1 class=\" additional-class-2063029757  bd-content-element\">\n            <!--{content}-->\n                Fallecimiento de familiares            <!--{\/content}-->\n        <\/h1>\n    <!--[\/text]-->\n<!--{\/content}--><\/div><\/div><!--[\/layoutbox]-->\t\t\t\t<!--{\/content}-->\n\t\t\t<\/div>\n\t\t<\/section>\n\t<!--[\/section]-->\n<!--{\/content}--><!--[\/overlay]-->\n    <!--[section]-->\n\t\t<style>\n.bd-section-815772537{background-color:#ffffff;padding:3em 2em;}\n.bd-section-815772537{\n\tline-height:  34px;\n\tfont-size:  16px;\n\tcolor:  #000000;\n\tfont-family:  Andika, Arial, 'Arial Unicode MS', Helvetica, sans-serif;\n}\n.bd-section-815772537 h2{\n\tline-height:  20px;\n\tfont-size:  20px;\n\tfont-weight:  600;\n\ttext-transform:  uppercase;\n}\n.bd-section-815772537 h1{\n\tline-height:  68.57142859px;\n\tfont-size:  48px;\n\tfont-weight:  500;\n\ttext-transform:  uppercase;\n\tcolor:  #000000;\n}\n\n@media (max-width: 991px) {.bd-section-815772537 h1{\n\tline-height:  36px;\n\tfont-size:  36px;\n}\n}<\/style>\t\t<section id=section4 class=\" bd-section-815772537  bd-tagstyles\" data-section-title=\"Two Columns With Header\">\n\t\t\t<div class=\"bd-container-inner bd-margins clearfix\">\n\t\t\t\t<!--{content}-->\n\t\t\t\t\t    <!--[columns]-->\n        <style>\n.bd-layoutcontainer-780423071 > .bd-container-inner > .container-fluid > .row{height:calc(102%);margin:-1em -2em;}\n.bd-layoutcontainer-780423071 > .bd-container-inner > .container-fluid > .row > div{padding:1em 2em;}\n.bd-layoutcontainer-780423071  > .bd-container-inner > .container-fluid:after{display:none;}<\/style><style>\n.bd-layoutcontainer-780423071 > .bd-container-inner > .container-fluid, .bd-layoutcontainer-780423071 > .bd-container-inner > .container-fluid > .row{height:100%;}<\/style><style>.bd-layoutcontainer-780423071 > .bd-container-inner > .container-fluid {padding-left: 0; padding-right: 0;margin-left: 0!important; margin-right: 0!important;}<\/style>        <style><\/style>        <div class=\" bd-layoutcontainer-780423071  bd-columns bd-no-margins\">\n            <div class=\"bd-container-inner\">\n                <div class=\"container-fluid\">\n                    <div class=\"row bd-row-flex bd-row-align-middle\">\n                        <!--{content}-->\n                                <!--[column]-->\n        <div class=\"col-md-12 bd-columnwrapper-1492865488\">\n            <div class=\"bd-column  bd-layoutcolumn-1492865488 \">\n                <div class=\"bd-vertical-align-wrapper\">\n                    <!--{content}-->\n                        <!--[layoutbox]--><style>\n.additional-class-1265495319{\n\ttext-align:  justify;\n}\n<\/style><div class=\"clearfix  additional-class-1265495319  bd-no-margins\"><div class=\"bd-container-inner\"><!--{content}--><!--[icon]--><style>\n.additional-class-1123360215{float:left;margin-right:2em;margin-top:-0.5em;}<\/style><style>.additional-class-1123360215 {\n                    text-decoration: inherit;\n\t                display: inline-block;\n\t                speak: none;\n\t            }\n\n                .additional-class-1123360215:before {\n                    font-family: 'Billion Web Font';\n\t                font-style: normal;\n\t                font-weight: normal;\n\t                text-decoration: inherit;\n\t                text-align: center;\n\t                text-transform: none;\n\t                width: 1em;\n                }.additional-class-1123360215:before { content: '\\1ef'; }.additional-class-1123360215:before {width: auto; visibility: inherit;}.additional-class-1123360215:before{display: inline-block;}<\/style><style>\n.additional-class-1123360215:before{color:#ffffff;font-size:30px;background-color:#542e91;-webkit-transition:all 500ms;transition:all 500ms;padding:20px;border-radius:50%;line-height:42.85714287px;}<\/style><style>.additional-class-1123360215:before{line-height: 30px;}<\/style><style>.additional-class-1123360215:before {\n        vertical-align: middle;\n        text-decoration: none;\n    }<\/style><style>.additional-class-1123360215:hover {\n                    text-decoration: inherit;\n\t                display: inline-block;\n\t                speak: none;\n\t            }\n\n                .additional-class-1123360215:hover:before {\n                    font-family: 'Billion Web Font';\n\t                font-style: normal;\n\t                font-weight: normal;\n\t                text-decoration: inherit;\n\t                text-align: center;\n\t                text-transform: none;\n\t                width: 1em;\n                }.additional-class-1123360215:hover:before {width: auto; visibility: inherit;}.additional-class-1123360215:hover:before{display: inline-block;}<\/style><style>\n.additional-class-1123360215:hover:before{background-color:#6e3cbe;}<\/style><style>.additional-class-1123360215:hover:before {\n        vertical-align: middle;\n        text-decoration: none;\n    }<\/style><span class=\"bd-icon  additional-class-1123360215  hidden-xs  bd-no-margins bd-own-margins\"><!--{content}--><!--{\/content}--><\/span><!--[\/icon]-->\n\t\n\t\t    <!--[text]-->\n        <style>\n.additional-class-1362377759{overflow:hidden;margin:0px;}<\/style>        <h2 class=\" additional-class-1362377759  bd-no-margins bd-content-element\">\n            <!--{content}-->\n                AUXILIO POR FALLECIMIENTO DE FAMILIARES DEL ASOCIADO            <!--{\/content}-->\n        <\/h2>\n    <!--[\/text]-->\n\n\t\n\t\t    <!--[text]-->\n        <style>\n.additional-class-1510777592{overflow:hidden;}<\/style>        <p class=\" additional-class-1510777592  bd-content-element\">\n            <!--{content}-->\n                &nbsp;En caso de fallecimiento de un integrante del n\u00facleo familiar del asociado\n(art\u00edculo 7), \u00e9ste tendr\u00e1 derecho a un auxilio funerario, as\u00ed:\n<br>&nbsp; &nbsp; &nbsp;1. Por muerte del c\u00f3nyuge o compa\u00f1ero(a) permanente, el equivalente a veinte (20) d\u00edas\nde un SMMLV.\n<br>&nbsp; &nbsp; &nbsp;2. Por muerte de un(a) hijo(a), el equivalente a veinte (20) d\u00edas de un SMMLV.\n<br>&nbsp; &nbsp; &nbsp;3. Por muerte de alguno de los padres, el equivalente a quince (15) d\u00edas de un SMMLV.\n<br>&nbsp; &nbsp; &nbsp;4. Por muerte de un(a) hermano(a) menor de 18 a\u00f1os y que dependa econ\u00f3micamente del\nasociado, el equivalente a diez (10) d\u00edas de un SMMLV.\n<br><b><i>PAR\u00c1GRAFO 1.<\/i><\/b> El asociado que pierda a m\u00e1s de uno de sus integrantes en un accidente\no caso fortuito recibir\u00e1 el equivalente descrito arriba por cada uno de sus familiares fallecidos.<br><b><i>PAR\u00c1GRAFO 2.<\/i><\/b> El asociado(a) soltero(a) sin hijos por muerte de alguno de sus padres\nrecibir\u00e1 el equivalente a veinte (20) d\u00edas de un SMMLV, por muerte de un(a) hermano(a)\nmenor de 18 a\u00f1os que dependa econ\u00f3micamente del asociado, recibir\u00e1 el equivalente a\nquince (15) d\u00edas de un SMMLV. Requisitos:\n<br>&nbsp; &nbsp; 1. Ser asociado h\u00e1bil.\n<br>&nbsp; &nbsp; 2. Tener registrado en la base de datos de FOSOL a los miembros del grupo familiar.\n<br>&nbsp; &nbsp; 3. Presentar la solicitud por escrito o por correo electr\u00f3nico en los primeros 60 d\u00edas\ncalendario despu\u00e9s del fallecimiento, pasado el plazo, perder\u00e1 el auxilio\n<br>&nbsp; &nbsp; 4. Anexar el certificado de defunci\u00f3n.            <!--{\/content}-->\n        <\/p>\n    <!--[\/text]-->\n<!--{\/content}--><\/div><\/div><!--[\/layoutbox]-->                    <!--{\/content}-->\n                <\/div>\n            <\/div>\n        <\/div>\n    <!--[\/column]-->\n                        <!--{\/content}-->\n                    <\/div>\n                <\/div>\n            <\/div>\n        <\/div>\n    <!--[\/columns]-->\n\t\t\t\t<!--{\/content}-->\n\t\t\t<\/div>\n\t\t<\/section>\n\t<!--[\/section]-->\n\n","protected":false},"excerpt":{"rendered":"","protected":false},"author":2,"featured_media":0,"parent":279,"menu_order":2,"comment_status":"closed","ping_status":"closed","template":"","meta":[],"_links":{"self":[{"href":"https:\/\/fosol.com.co\/site\/wp-json\/wp\/v2\/pages\/316"}],"collection":[{"href":"https:\/\/fosol.com.co\/site\/wp-json\/wp\/v2\/pages"}],"about":[{"href":"https:\/\/fosol.com.co\/site\/wp-json\/wp\/v2\/types\/page"}],"author":[{"embeddable":true,"href":"https:\/\/fosol.com.co\/site\/wp-json\/wp\/v2\/users\/2"}],"replies":[{"embeddable":true,"href":"https:\/\/fosol.com.co\/site\/wp-json\/wp\/v2\/comments?post=316"}],"version-history":[{"count":5,"href":"https:\/\/fosol.com.co\/site\/wp-json\/wp\/v2\/pages\/316\/revisions"}],"predecessor-version":[{"id":895,"href":"https:\/\/fosol.com.co\/site\/wp-json\/wp\/v2\/pages\/316\/revisions\/895"}],"up":[{"embeddable":true,"href":"https:\/\/fosol.com.co\/site\/wp-json\/wp\/v2\/pages\/279"}],"wp:attachment":[{"href":"https:\/\/fosol.com.co\/site\/wp-json\/wp\/v2\/media?parent=316"}],"curies":[{"name":"wp","href":"https:\/\/api.w.org\/{rel}","templated":true}]}}