{"id":31,"date":"2018-02-15T23:12:33","date_gmt":"2018-02-15T23:12:33","guid":{"rendered":"https:\/\/fosol.com.co\/site\/?page_id=31"},"modified":"2022-07-14T14:48:37","modified_gmt":"2022-07-14T19:48:37","slug":"educativo","status":"publish","type":"page","link":"https:\/\/fosol.com.co\/site\/servicios\/creditos\/educativo\/","title":{"rendered":"Educativo"},"content":{"rendered":"<!--[overlay]--><style>\n.bd-textureoverlay-717479597:before{background-color:#000000;opacity:0.4;}<\/style><!--{content}-->    <!--[section]-->\n\t\t<style>\n.bd-section-1577510058{background-color:#ffffff;position:relative;background-size:cover;background-repeat:no-repeat;background-image:url(https:\/\/fosol.com.co\/site\/wp-content\/uploads\/2018\/02\/1642585_bd_media_id_15a96497d2dbad83de23dcd87072c7bd.jpeg);background-attachment:fixed;padding-top:6em;padding-bottom:6em;background-position:center center;}\n.bd-section-1577510058{\n\tline-height:  24px;\n\tcolor:  #ffffff;\n\tfont-size:  16px;\n\tfont-weight:  400;\n}\n.bd-section-1577510058 h1{\n\tline-height:  55.2px;\n\ttext-transform:  uppercase;\n\tfont-size:  48px;\n\tfont-weight:  600;\n}\n\n@media (max-width: 767px) {.bd-section-1577510058 h1{\n\tline-height:  42.85714287px;\n\tfont-size:  30px;\n}\n}<\/style>\t\t<section id=section4 class=\" bd-section-1577510058 bd-tagstyles bd-textureoverlay  bd-textureoverlay-717479597 \" data-section-title=\"row with background image\">\n\t\t\t<div class=\"bd-container-inner bd-margins clearfix\">\n\t\t\t\t<!--{content}-->\n\t\t\t\t\t<!--[layoutbox]--><style>\n.additional-class-1538989448{width:95%;margin-left:auto;margin-right:auto;display:block;}\n@media (max-width: 1199px) {.additional-class-1538989448{width:75%;}}\n@media (max-width: 991px) {.additional-class-1538989448{width:90%;}}\n.additional-class-1538989448{\n\ttext-align:  center;\n}\n.additional-class-1538989448 h1{\n\ttext-align:  left;\n}\n<\/style><div class=\"clearfix  additional-class-1538989448  bd-no-margins bd-no-margins\"><div class=\"bd-container-inner\"><!--{content}-->    <!--[text]-->\n        <style>\n.additional-class-1008017312{margin-top:0px;margin-bottom:0px;}<\/style>        <h1 class=\" additional-class-1008017312  bd-content-element\">\n            <!--{content}-->\n                Cr\u00e9dito educativo            <!--{\/content}-->\n        <\/h1>\n    <!--[\/text]-->\n<!--{\/content}--><\/div><\/div><!--[\/layoutbox]-->\t\t\t\t<!--{\/content}-->\n\t\t\t<\/div>\n\t\t<\/section>\n\t<!--[\/section]-->\n<!--{\/content}--><!--[\/overlay]-->\n    <!--[section]-->\n\t\t<style>\n.bd-section-118274716{background-color:#ffffff;padding:3em 2em;}\n.bd-section-118274716{\n\tline-height:  34px;\n\tfont-size:  16px;\n\tcolor:  #000000;\n}\n.bd-section-118274716 h2{\n\tline-height:  20px;\n\tfont-size:  20px;\n\tfont-weight:  600;\n\ttext-transform:  uppercase;\n}\n.bd-section-118274716 h1{\n\tline-height:  68.57142859px;\n\tfont-size:  48px;\n\tfont-weight:  500;\n\ttext-transform:  uppercase;\n\tcolor:  #000000;\n}\n\n@media (max-width: 991px) {.bd-section-118274716 h1{\n\tline-height:  36px;\n\tfont-size:  36px;\n}\n}<\/style>\t\t<section id=section4 class=\" bd-section-118274716  bd-tagstyles\" data-section-title=\"Two Columns With Header\">\n\t\t\t<div class=\"bd-container-inner bd-margins clearfix\">\n\t\t\t\t<!--{content}-->\n\t\t\t\t\t    <!--[columns]-->\n        <style>\n.bd-layoutcontainer-127868981 > .bd-container-inner > .container-fluid > .row{height:calc(102%);margin:-1em -2em;}\n.bd-layoutcontainer-127868981 > .bd-container-inner > .container-fluid > .row > div{padding:1em 2em;}\n.bd-layoutcontainer-127868981  > .bd-container-inner > .container-fluid:after{display:none;}<\/style><style>\n.bd-layoutcontainer-127868981 > .bd-container-inner > .container-fluid, .bd-layoutcontainer-127868981 > .bd-container-inner > .container-fluid > .row{height:100%;}<\/style><style>.bd-layoutcontainer-127868981 > .bd-container-inner > .container-fluid {padding-left: 0; padding-right: 0;margin-left: 0!important; margin-right: 0!important;}<\/style>        <style><\/style>        <div class=\" bd-layoutcontainer-127868981  bd-columns bd-no-margins\">\n            <div class=\"bd-container-inner\">\n                <div class=\"container-fluid\">\n                    <div class=\"row bd-row-flex bd-row-align-middle\">\n                        <!--{content}-->\n                                <!--[column]-->\n        <div class=\"col-md-12 bd-columnwrapper-1841676003\">\n            <div class=\"bd-column  bd-layoutcolumn-1841676003 \">\n                <div class=\"bd-vertical-align-wrapper\">\n                    <!--{content}-->\n                        <!--[layoutbox]--><style>\n.additional-class-336440709{\n\ttext-align:  justify;\n}\n<\/style><div class=\"clearfix  additional-class-336440709  bd-no-margins\"><div class=\"bd-container-inner\"><!--{content}--><!--[icon]--><style>\n.additional-class-1122571314{float:left;margin-right:2em;margin-top:-0.5em;}<\/style><style>.additional-class-1122571314 {\n                    text-decoration: inherit;\n\t                display: inline-block;\n\t                speak: none;\n\t            }\n\n                .additional-class-1122571314:before {\n                    font-family: 'Billion Web Font';\n\t                font-style: normal;\n\t                font-weight: normal;\n\t                text-decoration: inherit;\n\t                text-align: center;\n\t                text-transform: none;\n\t                width: 1em;\n                }.additional-class-1122571314:before { content: '\\1ef'; }.additional-class-1122571314:before {width: auto; visibility: inherit;}.additional-class-1122571314:before{display: inline-block;}<\/style><style>\n.additional-class-1122571314:before{color:#ffffff;font-size:30px;background-color:#542e91;-webkit-transition:all 500ms;transition:all 500ms;padding:20px;border-radius:50%;line-height:42.85714287px;}<\/style><style>.additional-class-1122571314:before{line-height: 30px;}<\/style><style>.additional-class-1122571314:before {\n        vertical-align: middle;\n        text-decoration: none;\n    }<\/style><style>.additional-class-1122571314:hover {\n                    text-decoration: inherit;\n\t                display: inline-block;\n\t                speak: none;\n\t            }\n\n                .additional-class-1122571314:hover:before {\n                    font-family: 'Billion Web Font';\n\t                font-style: normal;\n\t                font-weight: normal;\n\t                text-decoration: inherit;\n\t                text-align: center;\n\t                text-transform: none;\n\t                width: 1em;\n                }.additional-class-1122571314:hover:before {width: auto; visibility: inherit;}.additional-class-1122571314:hover:before{display: inline-block;}<\/style><style>\n.additional-class-1122571314:hover:before{background-color:#6e3cbe;}<\/style><style>.additional-class-1122571314:hover:before {\n        vertical-align: middle;\n        text-decoration: none;\n    }<\/style><span class=\"bd-icon  additional-class-1122571314  hidden-xs  bd-no-margins bd-own-margins\"><!--{content}--><!--{\/content}--><\/span><!--[\/icon]-->\n\t\n\t\t    <!--[text]-->\n        <style>\n.additional-class-1084958558{overflow:hidden;margin:0px;}<\/style>        <h2 class=\" additional-class-1084958558  bd-no-margins bd-content-element\">\n            <!--{content}-->\n                Educativo            <!--{\/content}-->\n        <\/h2>\n    <!--[\/text]-->\n\n\t\n\t\t    <!--[text]-->\n        <style>\n.additional-class-1756184848{overflow:hidden;}<\/style>        <p class=\" additional-class-1756184848  bd-content-element\">\n            <!--{content}-->\n                Es aquel cr\u00e9dito otorgado para atender las necesidades del\nasociado y\/o de su n\u00facleo familiar b\u00e1sico relacionados con la educaci\u00f3n b\u00e1sica\nprimaria, secundaria, y\/o superior que se encuentre acreditada por el\nMinisterio de Educaci\u00f3n.&nbsp;&nbsp;<!--EndFragment--><br>            <!--{\/content}-->\n        <\/p>\n    <!--[\/text]-->\n\n\t\n\t\t\n    <!--[spacer]-->\n    <style>\n.bd-spacer-1841910619{height:1em;clear:both;}<\/style>    <div class=\" bd-spacer-1841910619  clearfix\">\n        <!--{content}--><!--{\/content}-->\n    <\/div>\n    <!--[\/spacer]-->\n\n    <!--{\/content}--><\/div><\/div><!--[\/layoutbox]-->\n\t\n\t\t<!--[layoutbox]--><style>\n.additional-class-1316911006{\n\ttext-align:  justify;\n}\n<\/style><div class=\"clearfix  additional-class-1316911006  bd-no-margins\"><div class=\"bd-container-inner\"><!--{content}--><!--[icon]--><style>\n.additional-class-173772485{float:left;margin-right:2em;margin-top:-0.5em;}<\/style><style>.additional-class-173772485 {\n                    text-decoration: inherit;\n\t                display: inline-block;\n\t                speak: none;\n\t            }\n\n                .additional-class-173772485:before {\n                    font-family: 'Billion Web Font';\n\t                font-style: normal;\n\t                font-weight: normal;\n\t                text-decoration: inherit;\n\t                text-align: center;\n\t                text-transform: none;\n\t                width: 1em;\n                }.additional-class-173772485:before { content: '\\13f'; }.additional-class-173772485:before {width: auto; visibility: inherit;}.additional-class-173772485:before{display: inline-block;}<\/style><style>\n.additional-class-173772485:before{color:#ffffff;font-size:30px;background-color:#542e91;-webkit-transition:all 500ms;transition:all 500ms;padding:20px;border-radius:50%;line-height:42.85714287px;}<\/style><style>.additional-class-173772485:before{line-height: 30px;}<\/style><style>.additional-class-173772485:before {\n        vertical-align: middle;\n        text-decoration: none;\n    }<\/style><style>.additional-class-173772485:hover {\n                    text-decoration: inherit;\n\t                display: inline-block;\n\t                speak: none;\n\t            }\n\n                .additional-class-173772485:hover:before {\n                    font-family: 'Billion Web Font';\n\t                font-style: normal;\n\t                font-weight: normal;\n\t                text-decoration: inherit;\n\t                text-align: center;\n\t                text-transform: none;\n\t                width: 1em;\n                }.additional-class-173772485:hover:before {width: auto; visibility: inherit;}.additional-class-173772485:hover:before{display: inline-block;}<\/style><style>\n.additional-class-173772485:hover:before{background-color:#6e3cbe;}<\/style><style>.additional-class-173772485:hover:before {\n        vertical-align: middle;\n        text-decoration: none;\n    }<\/style><span class=\"bd-icon  additional-class-173772485  hidden-xs  bd-no-margins bd-own-margins\"><!--{content}--><!--{\/content}--><\/span><!--[\/icon]-->\n\t\n\t\t    <!--[text]-->\n        <style>\n.additional-class-1844427429{overflow:hidden;margin:0px;}<\/style>        <h2 class=\" additional-class-1844427429  bd-no-margins bd-content-element\">\n            <!--{content}-->\n                Requisitos            <!--{\/content}-->\n        <\/h2>\n    <!--[\/text]-->\n\n\t\n\t\t    <!--[text]-->\n        <style>\n.additional-class-915838144{overflow:hidden;}<\/style>        <p class=\" additional-class-915838144  bd-content-element\">\n            <!--{content}-->\n                Copia de la orden de la matr\u00edcula o pensi\u00f3n que ha de\ncancelar, o constancia del establecimiento educativo. En caso de que el\nasociado haya pagado previamente dicho valor, el cr\u00e9dito debe solicitarse\ndentro de los sesenta (60) d\u00edas calendario siguiente a la fecha de cancelaci\u00f3n.&nbsp; &nbsp;<!--EndFragment--><br>            <!--{\/content}-->\n        <\/p>\n    <!--[\/text]-->\n\n\t\n\t\t\n    <!--[spacer]-->\n    <style>\n.bd-spacer-678025802{height:1em;clear:both;}<\/style>    <div class=\" bd-spacer-678025802  clearfix\">\n        <!--{content}--><!--{\/content}-->\n    <\/div>\n    <!--[\/spacer]-->\n\n    <!--{\/content}--><\/div><\/div><!--[\/layoutbox]-->\n\t\n\t\t<!--[layoutbox]--><style>\n.additional-class-1767072316{\n\ttext-align:  justify;\n}\n<\/style><div class=\"clearfix  additional-class-1767072316  bd-no-margins\"><div class=\"bd-container-inner\"><!--{content}--><!--[icon]--><style>\n.additional-class-1866838403{float:left;margin-right:2em;margin-top:-0.5em;}<\/style><style>.additional-class-1866838403 {\n                    text-decoration: inherit;\n\t                display: inline-block;\n\t                speak: none;\n\t            }\n\n                .additional-class-1866838403:before {\n                    font-family: 'Billion Web Font';\n\t                font-style: normal;\n\t                font-weight: normal;\n\t                text-decoration: inherit;\n\t                text-align: center;\n\t                text-transform: none;\n\t                width: 1em;\n                }.additional-class-1866838403:before { content: '\\2a0'; }.additional-class-1866838403:before {width: auto; visibility: inherit;}.additional-class-1866838403:before{display: inline-block;}<\/style><style>\n.additional-class-1866838403:before{color:#ffffff;font-size:30px;background-color:#542e91;-webkit-transition:all 500ms;transition:all 500ms;padding:20px;border-radius:50%;line-height:42.85714287px;}<\/style><style>.additional-class-1866838403:before{line-height: 30px;}<\/style><style>.additional-class-1866838403:before {\n        vertical-align: middle;\n        text-decoration: none;\n    }<\/style><style>.additional-class-1866838403:hover {\n                    text-decoration: inherit;\n\t                display: inline-block;\n\t                speak: none;\n\t            }\n\n                .additional-class-1866838403:hover:before {\n                    font-family: 'Billion Web Font';\n\t                font-style: normal;\n\t                font-weight: normal;\n\t                text-decoration: inherit;\n\t                text-align: center;\n\t                text-transform: none;\n\t                width: 1em;\n                }.additional-class-1866838403:hover:before {width: auto; visibility: inherit;}.additional-class-1866838403:hover:before{display: inline-block;}<\/style><style>\n.additional-class-1866838403:hover:before{background-color:#6e3cbe;}<\/style><style>.additional-class-1866838403:hover:before {\n        vertical-align: middle;\n        text-decoration: none;\n    }<\/style><span class=\"bd-icon  additional-class-1866838403  hidden-xs  bd-no-margins bd-own-margins\"><!--{content}--><!--{\/content}--><\/span><!--[\/icon]-->\n\t\n\t\t    <!--[text]-->\n        <style>\n.additional-class-134417544{overflow:hidden;margin:0px;}<\/style>        <h2 class=\" additional-class-134417544  bd-no-margins bd-content-element\">\n            <!--{content}-->\n                Tasa de inter\u00e9s            <!--{\/content}-->\n        <\/h2>\n    <!--[\/text]-->\n\n\t\n\t\t    <!--[text]-->\n        <style>\n.additional-class-1510696858{overflow:hidden;}<\/style>        <p class=\" additional-class-1510696858  bd-content-element\">\n            <!--{content}-->\n                Se cobrar\u00e1 la tasa de inter\u00e9s del 0.68% mensual\nvencido.<!--EndFragment--><br>            <!--{\/content}-->\n        <\/p>\n    <!--[\/text]-->\n\n\t\n\t\t\n    <!--[spacer]-->\n    <style>\n.bd-spacer-1147076569{height:1em;clear:both;}<\/style>    <div class=\" bd-spacer-1147076569  clearfix\">\n        <!--{content}--><!--{\/content}-->\n    <\/div>\n    <!--[\/spacer]-->\n\n    <!--{\/content}--><\/div><\/div><!--[\/layoutbox]-->\n\t\n\t\t<!--[layoutbox]--><style>\n.additional-class-1848498703{\n\ttext-align:  justify;\n}\n<\/style><div class=\"clearfix  additional-class-1848498703  bd-no-margins\"><div class=\"bd-container-inner\"><!--{content}-->    <!--[text]-->\n        <style>\n.additional-class-1517773936{overflow:hidden;}\n.additional-class-1517773936{\n\tfont-weight:  bold;\n}\n<\/style>        <p class=\" additional-class-1517773936  bd-content-element\">\n            <!--{content}-->\n                &nbsp; &nbsp; &nbsp; &nbsp; &nbsp; &nbsp;&nbsp;PAR\u00c1GRAFO 1\u00b0. <span style=\"font-weight: normal;\">Transcurridos m\u00e1ximo\n20 d\u00edas calendario despu\u00e9s del desembolso, deber\u00e1 legalizar el pr\u00e9stamo\npresentando la constancia de pago, so pena de ser transformado en cr\u00e9dito\nordinario.&nbsp;&nbsp;<\/span><!--EndFragment--><br>            <!--{\/content}-->\n        <\/p>\n    <!--[\/text]-->\n<!--{\/content}--><\/div><\/div><!--[\/layoutbox]-->                    <!--{\/content}-->\n                <\/div>\n            <\/div>\n        <\/div>\n    <!--[\/column]-->\n                        <!--{\/content}-->\n                    <\/div>\n                <\/div>\n            <\/div>\n        <\/div>\n    <!--[\/columns]-->\n\t\t\t\t<!--{\/content}-->\n\t\t\t<\/div>\n\t\t<\/section>\n\t<!--[\/section]-->\n\n","protected":false},"excerpt":{"rendered":"","protected":false},"author":2,"featured_media":0,"parent":22,"menu_order":2,"comment_status":"closed","ping_status":"closed","template":"","meta":[],"_links":{"self":[{"href":"https:\/\/fosol.com.co\/site\/wp-json\/wp\/v2\/pages\/31"}],"collection":[{"href":"https:\/\/fosol.com.co\/site\/wp-json\/wp\/v2\/pages"}],"about":[{"href":"https:\/\/fosol.com.co\/site\/wp-json\/wp\/v2\/types\/page"}],"author":[{"embeddable":true,"href":"https:\/\/fosol.com.co\/site\/wp-json\/wp\/v2\/users\/2"}],"replies":[{"embeddable":true,"href":"https:\/\/fosol.com.co\/site\/wp-json\/wp\/v2\/comments?post=31"}],"version-history":[{"count":8,"href":"https:\/\/fosol.com.co\/site\/wp-json\/wp\/v2\/pages\/31\/revisions"}],"predecessor-version":[{"id":1243,"href":"https:\/\/fosol.com.co\/site\/wp-json\/wp\/v2\/pages\/31\/revisions\/1243"}],"up":[{"embeddable":true,"href":"https:\/\/fosol.com.co\/site\/wp-json\/wp\/v2\/pages\/22"}],"wp:attachment":[{"href":"https:\/\/fosol.com.co\/site\/wp-json\/wp\/v2\/media?parent=31"}],"curies":[{"name":"wp","href":"https:\/\/api.w.org\/{rel}","templated":true}]}}