{"id":308,"date":"2018-02-28T19:38:28","date_gmt":"2018-02-28T19:38:28","guid":{"rendered":"https:\/\/fosol.com.co\/site\/?page_id=308"},"modified":"2020-10-08T10:29:07","modified_gmt":"2020-10-08T15:29:07","slug":"educativo","status":"publish","type":"page","link":"https:\/\/fosol.com.co\/site\/servicios\/fondo-social\/educativo\/","title":{"rendered":"Educativo"},"content":{"rendered":"<!--[overlay]--><style>\n.bd-textureoverlay-1979020500:before{background-color:#000000;opacity:0.4;}<\/style><!--{content}-->    <!--[section]-->\n\t\t<style>\n.bd-section-900294679{background-color:#ffffff;position:relative;background-size:cover;background-repeat:no-repeat;background-image:url(https:\/\/fosol.com.co\/site\/wp-content\/uploads\/2018\/02\/2904851_bd_media_id_74151c8d2628ae2c3effb5247d4ea117.jpeg);background-attachment:fixed;padding-top:6em;padding-bottom:6em;background-position:center center;}\n.bd-section-900294679{\n\tline-height:  24px;\n\tcolor:  #ffffff;\n\tfont-size:  16px;\n\tfont-weight:  400;\n}\n.bd-section-900294679 h1{\n\tline-height:  55.2px;\n\ttext-transform:  uppercase;\n\tfont-size:  48px;\n\tfont-weight:  600;\n}\n\n@media (max-width: 767px) {.bd-section-900294679 h1{\n\tline-height:  42.85714287px;\n\tfont-size:  30px;\n}\n}<\/style>\t\t<section id=section4 class=\" bd-section-900294679 bd-tagstyles bd-textureoverlay  bd-textureoverlay-1979020500 \" data-section-title=\"row with background image\">\n\t\t\t<div class=\"bd-container-inner bd-margins clearfix\">\n\t\t\t\t<!--{content}-->\n\t\t\t\t\t<!--[layoutbox]--><style>\n.additional-class-2042168872{width:95%;margin-left:auto;margin-right:auto;display:block;}\n@media (max-width: 1199px) {.additional-class-2042168872{width:75%;}}\n@media (max-width: 991px) {.additional-class-2042168872{width:90%;}}\n.additional-class-2042168872{\n\ttext-align:  center;\n}\n.additional-class-2042168872 h1{\n\ttext-align:  left;\n}\n<\/style><div class=\"clearfix  additional-class-2042168872  bd-no-margins bd-no-margins\"><div class=\"bd-container-inner\"><!--{content}-->    <!--[text]-->\n        <style>\n.additional-class-2032557485{margin-top:0px;margin-bottom:0px;}<\/style>        <h1 class=\" additional-class-2032557485  bd-content-element\">\n            <!--{content}-->\n                Fondo educativo            <!--{\/content}-->\n        <\/h1>\n    <!--[\/text]-->\n<!--{\/content}--><\/div><\/div><!--[\/layoutbox]-->\t\t\t\t<!--{\/content}-->\n\t\t\t<\/div>\n\t\t<\/section>\n\t<!--[\/section]-->\n<!--{\/content}--><!--[\/overlay]-->\n    <!--[section]-->\n\t\t<style>\n.bd-section-800031084{background-color:#ffffff;padding:3em 2em;}\n.bd-section-800031084{\n\tline-height:  34px;\n\tfont-size:  16px;\n\tcolor:  #000000;\n\tfont-family:  Andika, Arial, 'Arial Unicode MS', Helvetica, sans-serif;\n}\n.bd-section-800031084 h2{\n\tline-height:  20px;\n\tfont-size:  20px;\n\tfont-weight:  600;\n\ttext-transform:  uppercase;\n}\n.bd-section-800031084 h1{\n\tline-height:  68.57142859px;\n\tfont-size:  48px;\n\tfont-weight:  500;\n\ttext-transform:  uppercase;\n\tcolor:  #000000;\n}\n\n@media (max-width: 991px) {.bd-section-800031084 h1{\n\tline-height:  36px;\n\tfont-size:  36px;\n}\n}<\/style>\t\t<section id=section4 class=\" bd-section-800031084  bd-tagstyles\" data-section-title=\"Two Columns With Header\">\n\t\t\t<div class=\"bd-container-inner bd-margins clearfix\">\n\t\t\t\t<!--{content}-->\n\t\t\t\t\t    <!--[columns]-->\n        <style>\n.bd-layoutcontainer-2136010905 > .bd-container-inner > .container-fluid > .row{height:calc(102%);margin:-1em -2em;}\n.bd-layoutcontainer-2136010905 > .bd-container-inner > .container-fluid > .row > div{padding:1em 2em;}\n.bd-layoutcontainer-2136010905  > .bd-container-inner > .container-fluid:after{display:none;}<\/style><style>\n.bd-layoutcontainer-2136010905 > .bd-container-inner > .container-fluid, .bd-layoutcontainer-2136010905 > .bd-container-inner > .container-fluid > .row{height:100%;}<\/style><style>.bd-layoutcontainer-2136010905 > .bd-container-inner > .container-fluid {padding-left: 0; padding-right: 0;margin-left: 0!important; margin-right: 0!important;}<\/style>        <style><\/style>        <div class=\" bd-layoutcontainer-2136010905  bd-columns bd-no-margins\">\n            <div class=\"bd-container-inner\">\n                <div class=\"container-fluid\">\n                    <div class=\"row bd-row-flex bd-row-align-middle\">\n                        <!--{content}-->\n                                <!--[column]-->\n        <div class=\"col-md-12 bd-columnwrapper-1677890047\">\n            <div class=\"bd-column  bd-layoutcolumn-1677890047 \">\n                <div class=\"bd-vertical-align-wrapper\">\n                    <!--{content}-->\n                        <!--[layoutbox]--><style>\n.additional-class-252952074{\n\ttext-align:  justify;\n}\n<\/style><div class=\"clearfix  additional-class-252952074  bd-no-margins\"><div class=\"bd-container-inner\"><!--{content}--><!--[icon]--><style>\n.additional-class-1507428898{float:left;margin-right:2em;margin-top:-0.5em;}<\/style><style>.additional-class-1507428898 {\n                    text-decoration: inherit;\n\t                display: inline-block;\n\t                speak: none;\n\t            }\n\n                .additional-class-1507428898:before {\n                    font-family: 'Billion Web Font';\n\t                font-style: normal;\n\t                font-weight: normal;\n\t                text-decoration: inherit;\n\t                text-align: center;\n\t                text-transform: none;\n\t                width: 1em;\n                }.additional-class-1507428898:before { content: '\\1ef'; }.additional-class-1507428898:before {width: auto; visibility: inherit;}.additional-class-1507428898:before{display: inline-block;}<\/style><style>\n.additional-class-1507428898:before{color:#ffffff;font-size:30px;background-color:#542e91;-webkit-transition:all 500ms;transition:all 500ms;padding:20px;border-radius:50%;line-height:42.85714287px;}<\/style><style>.additional-class-1507428898:before{line-height: 30px;}<\/style><style>.additional-class-1507428898:before {\n        vertical-align: middle;\n        text-decoration: none;\n    }<\/style><style>.additional-class-1507428898:hover {\n                    text-decoration: inherit;\n\t                display: inline-block;\n\t                speak: none;\n\t            }\n\n                .additional-class-1507428898:hover:before {\n                    font-family: 'Billion Web Font';\n\t                font-style: normal;\n\t                font-weight: normal;\n\t                text-decoration: inherit;\n\t                text-align: center;\n\t                text-transform: none;\n\t                width: 1em;\n                }.additional-class-1507428898:hover:before {width: auto; visibility: inherit;}.additional-class-1507428898:hover:before{display: inline-block;}<\/style><style>\n.additional-class-1507428898:hover:before{background-color:#6e3cbe;}<\/style><style>.additional-class-1507428898:hover:before {\n        vertical-align: middle;\n        text-decoration: none;\n    }<\/style><span class=\"bd-icon  additional-class-1507428898  hidden-xs  bd-no-margins bd-own-margins\"><!--{content}--><!--{\/content}--><\/span><!--[\/icon]-->\n\t\n\t\t    <!--[text]-->\n        <style>\n.additional-class-726804515{overflow:hidden;margin:0px;}<\/style>        <h2 class=\" additional-class-726804515  bd-no-margins bd-content-element\">\n            <!--{content}-->\n                fONDO Educativo            <!--{\/content}-->\n        <\/h2>\n    <!--[\/text]-->\n\n\t\n\t\t    <!--[text]-->\n        <style>\n.additional-class-1569859768{overflow:hidden;}<\/style>        <ul class=\" additional-class-1569859768  bd-content-element\">\n            <!--{content}-->\n                <li>Proporciona los elementos b\u00e1sicos para participar activamente en la\ncreaci\u00f3n, el desarrollo y fomento de las organizaciones solidarias, acrecentando el\nsentido de pertenencia del asociado hacia su organizaci\u00f3n.<br><\/li><li>Permite dar a conocer la filosof\u00eda, principios, caracter\u00edsticas y fines de la\ncooperaci\u00f3n y la ayuda mutua.<br><\/li><li>Facilita el desarrollo de las habilidades t\u00e9cnicas para lograr una eficiente y&nbsp;eficaz administraci\u00f3n y manejo de las actividades empresarial y solidaria.<br><\/li><li>Permite el desarrollo productivo y el mejoramiento continuo en la\nprestaci\u00f3n de los servicios que ofrece la organizaci\u00f3n, mediante la adecuada utilizaci\u00f3n&nbsp;de los recursos.<br><\/li><li>Permite ejecutar acciones tendientes a la generaci\u00f3n de nuevos\nconocimientos y tecnolog\u00edas para la proyecci\u00f3n de la organizaci\u00f3n.<br><\/li>            <!--{\/content}-->\n        <\/ul>\n    <!--[\/text]-->\n<!--{\/content}--><\/div><\/div><!--[\/layoutbox]-->                    <!--{\/content}-->\n                <\/div>\n            <\/div>\n        <\/div>\n    <!--[\/column]-->\n                        <!--{\/content}-->\n                    <\/div>\n                <\/div>\n            <\/div>\n        <\/div>\n    <!--[\/columns]-->\n\t\t\t\t<!--{\/content}-->\n\t\t\t<\/div>\n\t\t<\/section>\n\t<!--[\/section]-->\n\n","protected":false},"excerpt":{"rendered":"","protected":false},"author":2,"featured_media":0,"parent":26,"menu_order":3,"comment_status":"closed","ping_status":"closed","template":"","meta":[],"_links":{"self":[{"href":"https:\/\/fosol.com.co\/site\/wp-json\/wp\/v2\/pages\/308"}],"collection":[{"href":"https:\/\/fosol.com.co\/site\/wp-json\/wp\/v2\/pages"}],"about":[{"href":"https:\/\/fosol.com.co\/site\/wp-json\/wp\/v2\/types\/page"}],"author":[{"embeddable":true,"href":"https:\/\/fosol.com.co\/site\/wp-json\/wp\/v2\/users\/2"}],"replies":[{"embeddable":true,"href":"https:\/\/fosol.com.co\/site\/wp-json\/wp\/v2\/comments?post=308"}],"version-history":[{"count":5,"href":"https:\/\/fosol.com.co\/site\/wp-json\/wp\/v2\/pages\/308\/revisions"}],"predecessor-version":[{"id":893,"href":"https:\/\/fosol.com.co\/site\/wp-json\/wp\/v2\/pages\/308\/revisions\/893"}],"up":[{"embeddable":true,"href":"https:\/\/fosol.com.co\/site\/wp-json\/wp\/v2\/pages\/26"}],"wp:attachment":[{"href":"https:\/\/fosol.com.co\/site\/wp-json\/wp\/v2\/media?parent=308"}],"curies":[{"name":"wp","href":"https:\/\/api.w.org\/{rel}","templated":true}]}}