{"id":29,"date":"2018-02-15T23:12:15","date_gmt":"2018-02-16T04:12:15","guid":{"rendered":"https:\/\/fosol.com.co\/site\/?page_id=29"},"modified":"2022-07-14T14:33:10","modified_gmt":"2022-07-14T19:33:10","slug":"calamidad-domestica","status":"publish","type":"page","link":"https:\/\/fosol.com.co\/site\/servicios\/creditos\/calamidad-domestica\/","title":{"rendered":"Calamidad dom\u00e9stica"},"content":{"rendered":"\t\t<div data-elementor-type=\"wp-page\" data-elementor-id=\"29\" class=\"elementor elementor-29\">\n\t\t\t\t\t\t\t\t\t<section class=\"elementor-section elementor-top-section elementor-element elementor-element-2df98891 elementor-section-boxed elementor-section-height-default elementor-section-height-default\" data-id=\"2df98891\" data-element_type=\"section\" data-settings=\"{&quot;_ha_eqh_enable&quot;:false}\">\n\t\t\t\t\t\t<div class=\"elementor-container elementor-column-gap-default\">\n\t\t\t\t\t<div class=\"elementor-column elementor-col-100 elementor-top-column elementor-element elementor-element-1a2f24cb\" data-id=\"1a2f24cb\" data-element_type=\"column\">\n\t\t\t<div class=\"elementor-widget-wrap elementor-element-populated\">\n\t\t\t\t\t\t\t\t<div class=\"elementor-element elementor-element-1cf387ce elementor-widget elementor-widget-text-editor\" data-id=\"1cf387ce\" data-element_type=\"widget\" data-widget_type=\"text-editor.default\">\n\t\t\t\t<div class=\"elementor-widget-container\">\n\t\t\t<style>\/*! elementor - v3.18.0 - 20-12-2023 *\/\n.elementor-widget-text-editor.elementor-drop-cap-view-stacked .elementor-drop-cap{background-color:#69727d;color:#fff}.elementor-widget-text-editor.elementor-drop-cap-view-framed .elementor-drop-cap{color:#69727d;border:3px solid;background-color:transparent}.elementor-widget-text-editor:not(.elementor-drop-cap-view-default) .elementor-drop-cap{margin-top:8px}.elementor-widget-text-editor:not(.elementor-drop-cap-view-default) .elementor-drop-cap-letter{width:1em;height:1em}.elementor-widget-text-editor .elementor-drop-cap{float:left;text-align:center;line-height:1;font-size:50px}.elementor-widget-text-editor .elementor-drop-cap-letter{display:inline-block}<\/style>\t\t\t\t<p>[overlay css=&#8221;background-color:#000000;opacity:0.4;&#8221;][section title=&#8221;row with background image&#8221; id=&#8221;section4&#8243; wide=&#8221;true&#8221; typography_xs=&#8221;H1 {line-height: 42.85714287px;font-size: 30px;}&#8221; css=&#8221;background-color:#ffffff;position:relative;background-size:cover;background-repeat:no-repeat;background-image:url(https:\/\/fosol.com.co\/site\/wp-content\/uploads\/2018\/02\/1642585_bd_media_id_15a96497d2dbad83de23dcd87072c7bd.jpeg);background-attachment:fixed;padding-top:6em;padding-bottom:6em;background-position:center center;&#8221; typography=&#8221;Text {line-height: 24px;color: #ffffff;font-size: 16px;font-weight: 400;}H1 {line-height: 55.2px;text-transform: uppercase;font-size: 48px;font-weight: 600;}&#8221;]<br>[layoutbox css_md=&#8221;width:75%;&#8221; css_sm=&#8221;width:90%;&#8221; css=&#8221;width:95%;margin-left:auto;margin-right:auto;display:block;&#8221; typography=&#8221;Text {text-align: center;}H1 {text-align: left;}&#8221;][text tag=&#8221;h1&#8243; css=&#8221;margin-top:0px;margin-bottom:0px;&#8221;]Cr\u00e9dito ordinario[\/text][\/layoutbox]<br>[\/section][\/overlay]<br>[section title=&#8221;Two Columns With Header&#8221; id=&#8221;section4&#8243; wide=&#8221;true&#8221; typography_sm=&#8221;H1 {line-height: 36px;font-size: 36px;}&#8221; css=&#8221;background-color:#ffffff;padding:3em 2em;&#8221; typography=&#8221;Text {line-height: 34px;font-size: 16px;color: #000000;}H2 {line-height: 20px;font-size: 20px;font-weight: 600;text-transform: uppercase;}H1 {line-height: 68.57142859px;font-size: 48px;font-weight: 500;text-transform: uppercase;color: #000000;}&#8221;]<br>[columns auto_height=&#8221;1&#8243; vertical_align=&#8221;middle&#8221; add_margins=&#8221;true&#8221; spacing_css=&#8221;height:calc(102%);margin:-1em -2em;padding:1em 2em;&#8221;]<br>[column width=&#8221;12&#8243;]<br>[layoutbox typography=&#8221;Text {text-align: justify;}&#8221;][icon icon=&#8221;icon-eject&#8221; icon_css=&#8221;color:#ffffff;font-size:30px;background-color:#542e91;-webkit-transition:all 500ms;transition:all 500ms;padding:20px;border-radius:50%;line-height:42.85714287px;&#8221; icon_hovered_css=&#8221;background-color:#6e3cbe;&#8221; css=&#8221;float:left;margin-right:2em;margin-top:-0.5em;&#8221; hide=&#8221;xs&#8221;][\/icon]<br>[text tag=&#8221;h2&#8243; css=&#8221;overflow:hidden;margin:0px;&#8221;]Ordinario[\/text]<br>[text tag=&#8221;p&#8221; css=&#8221;overflow:hidden;&#8221;]Es el que se otorga a los asociados para atender necesidades de car\u00e1cter personal que no<br>requiere justificaci\u00f3n y por lo tanto es de libre inversi\u00f3n.<br>[\/text]<br>[spacer css=&#8221;height:1em;clear:both;&#8221;][\/spacer][\/layoutbox]<br>[layoutbox typography=&#8221;Text {text-align: justify;}&#8221;][icon icon=&#8221;icon-pencil&#8221; icon_css=&#8221;color:#ffffff;font-size:30px;background-color:#542e91;-webkit-transition:all 500ms;transition:all 500ms;padding:20px;border-radius:50%;line-height:42.85714287px;&#8221; icon_hovered_css=&#8221;background-color:#6e3cbe;&#8221; css=&#8221;float:left;margin-right:2em;margin-top:-0.5em;&#8221; hide=&#8221;xs&#8221;][\/icon]<br>[text tag=&#8221;h2&#8243; css=&#8221;overflow:hidden;margin:0px;&#8221;]Requisitos[\/text]<br>[text tag=&#8221;p&#8221; css=&#8221;overflow:hidden;&#8221;] Como es un cr\u00e9dito de libre inversi\u00f3n no debe presentar ning\u00fan soporte.<br>[\/text]<br>[spacer css=&#8221;height:1em;clear:both;&#8221;][\/spacer][\/layoutbox]<br>[layoutbox typography=&#8221;Text {text-align: justify;}&#8221;][icon icon=&#8221;icon-dollar&#8221; icon_css=&#8221;color:#ffffff;font-size:30px;background-color:#542e91;-webkit-transition:all 500ms;transition:all 500ms;padding:20px;border-radius:50%;line-height:42.85714287px;&#8221; icon_hovered_css=&#8221;background-color:#6e3cbe;&#8221; css=&#8221;float:left;margin-right:2em;margin-top:-0.5em;&#8221; hide=&#8221;xs&#8221;][\/icon]<br>[text tag=&#8221;h2&#8243; css=&#8221;overflow:hidden;margin:0px;&#8221;]Tasa de inter\u00e9s[\/text]<br>[text tag=&#8221;p&#8221; css=&#8221;overflow:hidden;&#8221;]Se cobrar\u00e1 la tasa de inter\u00e9s del 0.99% mensual vencido.<br>[\/text]<br>[spacer css=&#8221;height:1em;clear:both;&#8221;][\/spacer][\/layoutbox]<br>[layoutbox typography=&#8221;Text {text-align: justify;}&#8221;][icon icon=&#8221;icon-calendar&#8221; icon_css=&#8221;color:#ffffff;font-size:30px;background-color:#542e91;-webkit-transition:all 500ms;transition:all 500ms;padding:20px;border-radius:50%;line-height:42.85714287px;&#8221; icon_hovered_css=&#8221;background-color:#6e3cbe;&#8221; css=&#8221;float:left;margin-right:2em;margin-top:-0.5em;&#8221; hide=&#8221;xs&#8221;][\/icon]<br>[text tag=&#8221;h2&#8243; css=&#8221;overflow:hidden;margin:0px;&#8221;]Plazo de financiamiento[\/text]<br>[text tag=&#8221;p&#8221; css=&#8221;overflow:hidden;&#8221;] Para los asociados vinculados al IDU como provisionales, de libre nombramiento y remoci\u00f3n, el plazo m\u00e1ximo de financiaci\u00f3n ser\u00e1 hasta cuarenta y ocho (48).<br>Para asociados que se encuentren pensionados, el plazo m\u00e1ximo de financiaci\u00f3n ser\u00e1 hasta sesenta (60) meses.<br>Para los asociados vinculados en Carrera Administrativa y empleados de Fosol el plazo m\u00e1ximo de financiaci\u00f3n ser\u00e1 hasta setenta y dos (72) meses.<br>[\/text]<br>[spacer css=&#8221;height:1em;clear:both;&#8221;][\/spacer][\/layoutbox]<br>[layoutbox typography=&#8221;Text {text-align: justify;}&#8221;][text tag=&#8221;p&#8221; css=&#8221;overflow:hidden;&#8221; typography=&#8221;Text {font-weight: bold;}&#8221;]&nbsp; &nbsp; &nbsp;PAR\u00c1GRAFO 1\u00b0. El giro del dinero se har\u00e1 al asociado o a quien \u00e9l determine, caso en el cual el asociado asumir\u00e1 el cobro del Gravamen a los Movimientos Financieros &#8211; GMF que el fondo debe descontar por girarse a un tercero.<br>[\/text][\/layoutbox]<br>[\/column]<br>[\/columns]<br>[\/section]<br><\/p>\t\t\t\t\t\t<\/div>\n\t\t\t\t<\/div>\n\t\t\t\t\t<\/div>\n\t\t<\/div>\n\t\t\t\t\t\t\t<\/div>\n\t\t<\/section>\n\t\t\t\t\t\t\t<\/div>\n\t\t","protected":false},"excerpt":{"rendered":"","protected":false},"author":2,"featured_media":0,"parent":22,"menu_order":1,"comment_status":"closed","ping_status":"closed","template":"","meta":[],"_links":{"self":[{"href":"https:\/\/fosol.com.co\/site\/wp-json\/wp\/v2\/pages\/29"}],"collection":[{"href":"https:\/\/fosol.com.co\/site\/wp-json\/wp\/v2\/pages"}],"about":[{"href":"https:\/\/fosol.com.co\/site\/wp-json\/wp\/v2\/types\/page"}],"author":[{"embeddable":true,"href":"https:\/\/fosol.com.co\/site\/wp-json\/wp\/v2\/users\/2"}],"replies":[{"embeddable":true,"href":"https:\/\/fosol.com.co\/site\/wp-json\/wp\/v2\/comments?post=29"}],"version-history":[{"count":29,"href":"https:\/\/fosol.com.co\/site\/wp-json\/wp\/v2\/pages\/29\/revisions"}],"predecessor-version":[{"id":1219,"href":"https:\/\/fosol.com.co\/site\/wp-json\/wp\/v2\/pages\/29\/revisions\/1219"}],"up":[{"embeddable":true,"href":"https:\/\/fosol.com.co\/site\/wp-json\/wp\/v2\/pages\/22"}],"wp:attachment":[{"href":"https:\/\/fosol.com.co\/site\/wp-json\/wp\/v2\/media?parent=29"}],"curies":[{"name":"wp","href":"https:\/\/api.w.org\/{rel}","templated":true}]}}