{"id":16,"date":"2018-02-15T22:56:58","date_gmt":"2018-02-15T22:56:58","guid":{"rendered":"https:\/\/fosol.com.co\/site\/?page_id=16"},"modified":"2018-03-23T17:06:03","modified_gmt":"2018-03-23T17:06:03","slug":"politica-de-calidad","status":"publish","type":"page","link":"https:\/\/fosol.com.co\/site\/fosol\/politica-de-calidad\/","title":{"rendered":"Pol\u00edtica de calidad"},"content":{"rendered":"<!--[overlay]--><style>\n.bd-textureoverlay-225252403:before{background-color:#000000;opacity:0.4;}<\/style><!--{content}-->    <!--[section]-->\n\t\t<style>\n.bd-section-1747866385{background-color:#ffffff;position:relative;background-size:cover;background-repeat:no-repeat;background-image:url(https:\/\/fosol.com.co\/site\/wp-content\/uploads\/2018\/02\/1657660_bd_media_id_f62d88689ce89e6afecc8e5a429a77d7.jpeg);background-attachment:fixed;padding-top:6em;padding-bottom:6em;background-position:center center;}\n.bd-section-1747866385{\n\tline-height:  24px;\n\tcolor:  #ffffff;\n\tfont-size:  16px;\n\tfont-weight:  400;\n}\n.bd-section-1747866385 h1{\n\tline-height:  55.2px;\n\ttext-transform:  uppercase;\n\tfont-size:  48px;\n\tfont-weight:  600;\n}\n\n@media (max-width: 767px) {.bd-section-1747866385 h1{\n\tline-height:  42.85714287px;\n\tfont-size:  30px;\n}\n}<\/style>\t\t<section id=section4 class=\" bd-section-1747866385 bd-tagstyles bd-textureoverlay  bd-textureoverlay-225252403 \" data-section-title=\"row with background image\">\n\t\t\t<div class=\"bd-container-inner bd-margins clearfix\">\n\t\t\t\t<!--{content}-->\n\t\t\t\t\t<!--[layoutbox]--><style>\n.additional-class-1168595263{width:95%;margin-left:auto;margin-right:auto;display:block;}\n@media (max-width: 1199px) {.additional-class-1168595263{width:75%;}}\n@media (max-width: 991px) {.additional-class-1168595263{width:90%;}}\n.additional-class-1168595263{\n\ttext-align:  center;\n}\n.additional-class-1168595263 h1{\n\ttext-align:  left;\n}\n<\/style><div class=\"clearfix  additional-class-1168595263  bd-no-margins bd-no-margins\"><div class=\"bd-container-inner\"><!--{content}-->    <!--[text]-->\n        <style>\n.additional-class-1816530764{margin-top:0px;margin-bottom:0px;}<\/style>        <h1 class=\" additional-class-1816530764  bd-content-element\">\n            <!--{content}-->\n                Pol\u00edtica de calidad            <!--{\/content}-->\n        <\/h1>\n    <!--[\/text]-->\n<!--{\/content}--><\/div><\/div><!--[\/layoutbox]-->\t\t\t\t<!--{\/content}-->\n\t\t\t<\/div>\n\t\t<\/section>\n\t<!--[\/section]-->\n<!--{\/content}--><!--[\/overlay]-->\n    <!--[section]-->\n\t\t<style>\n.bd-section-887054357{background-attachment:scroll;background-size:cover;padding-top:3em;padding-bottom:3em;}\n.bd-section-887054357{\n\tline-height:  36px;\n\tfont-size:  18px;\n\tcolor:  #333333;\n}\n.bd-section-887054357 h1{\n\tline-height:  43.2px;\n\ttext-transform:  uppercase;\n\tfont-weight:  800;\n\tfont-size:  36px;\n\tcolor:  #000000;\n}\n<\/style>\t\t<section id=section4 class=\" bd-section-887054357  bd-tagstyles\" data-section-title=\"row with background image\">\n\t\t\t<div class=\"bd-container-inner bd-margins clearfix\">\n\t\t\t\t<!--{content}-->\n\t\t\t\t\t<!--[background_width]--><!--{content}--><!--[layoutbox]--><style>\n.additional-class-1579116798{width:95%;margin-left:auto;margin-right:auto;display:block;}\n@media (max-width: 991px) {.additional-class-1579116798{width:100%;}}\n.additional-class-1579116798{\n\ttext-align:  center;\n}\n<\/style><div class=\"clearfix  additional-class-1579116798 bd-background-width  bd-no-margins bd-no-margins\"><div class=\"bd-container-inner\"><!--{content}-->\n    <!--[separator]-->\n    <style>\n.bd-separator-1349601669{margin-top:0px;margin-bottom:13px;padding:10px 0px;}<\/style>        <style>\n.bd-separator-1349601669 .bd-separator-inner:before, .bd-separator-1349601669 .bd-separator-inner:after{border-top:3px solid #333333;}<\/style>    <style>\n.bd-separator-1349601669 .bd-separator-inner{width:5%;}\n@media (max-width: 767px) {.bd-separator-1349601669 .bd-separator-inner{width:9%;}}<\/style>\n    <div class=\" bd-separator-1349601669  bd-separator-center bd-separator-content-center clearfix\">\n        <div class=\"bd-container-inner\">\n            <div class=\"bd-separator-inner\">\n                                <!--{content}--><!--{\/content}-->\n            <\/div>\n        <\/div>\n    <\/div>\n    <!--[\/separator]-->\n\n    \n\t\n\t\t    <!--[text]-->\n        <style>\n.additional-class-877042464{margin-bottom:0px;margin-top:13px;}<\/style>        <p class=\" additional-class-877042464  bd-content-element\">\n            <!--{content}-->\n                Estamos comprometidos con el mejoramiento continuo en la prestaci\u00f3n de servicios como: alternativas de ahorro, cr\u00e9dito con tasas competitivas, bienestar y formaci\u00f3n del Asociado en el sector solidario.\n<br>A trav\u00e9s de la Alta Direcci\u00f3n se garantizan los recursos necesarios para asegurar el cumplimiento de est\u00e1ndares y requisitos de calidad, basados en la norma ISO 9001:2015 y el Sistema de Gesti\u00f3n de Seguridad y Salud en el Trabajo SG SST, promoviendo las buenas pr\u00e1cticas en salud y seguridad, previniendo riesgos, accidentes de trabajo, enfermedades profesionales, cumpliendo con los requisitos legales existentes para satisfacer las necesidades y expectativas de nuestros Asociados.            <!--{\/content}-->\n        <\/p>\n    <!--[\/text]-->\n<!--{\/content}--><\/div><\/div><!--[\/layoutbox]--><!--{\/content}--><!--[\/background_width]-->\t\t\t\t<!--{\/content}-->\n\t\t\t<\/div>\n\t\t<\/section>\n\t<!--[\/section]-->\n\n","protected":false},"excerpt":{"rendered":"","protected":false},"author":2,"featured_media":0,"parent":6,"menu_order":5,"comment_status":"closed","ping_status":"closed","template":"","meta":[],"_links":{"self":[{"href":"https:\/\/fosol.com.co\/site\/wp-json\/wp\/v2\/pages\/16"}],"collection":[{"href":"https:\/\/fosol.com.co\/site\/wp-json\/wp\/v2\/pages"}],"about":[{"href":"https:\/\/fosol.com.co\/site\/wp-json\/wp\/v2\/types\/page"}],"author":[{"embeddable":true,"href":"https:\/\/fosol.com.co\/site\/wp-json\/wp\/v2\/users\/2"}],"replies":[{"embeddable":true,"href":"https:\/\/fosol.com.co\/site\/wp-json\/wp\/v2\/comments?post=16"}],"version-history":[{"count":5,"href":"https:\/\/fosol.com.co\/site\/wp-json\/wp\/v2\/pages\/16\/revisions"}],"predecessor-version":[{"id":539,"href":"https:\/\/fosol.com.co\/site\/wp-json\/wp\/v2\/pages\/16\/revisions\/539"}],"up":[{"embeddable":true,"href":"https:\/\/fosol.com.co\/site\/wp-json\/wp\/v2\/pages\/6"}],"wp:attachment":[{"href":"https:\/\/fosol.com.co\/site\/wp-json\/wp\/v2\/media?parent=16"}],"curies":[{"name":"wp","href":"https:\/\/api.w.org\/{rel}","templated":true}]}}