{"id":127,"date":"2018-02-16T00:37:28","date_gmt":"2018-02-16T00:37:28","guid":{"rendered":"https:\/\/fosol.com.co\/site\/?page_id=127"},"modified":"2023-09-18T16:22:38","modified_gmt":"2023-09-18T21:22:38","slug":"clasificados","status":"publish","type":"page","link":"https:\/\/fosol.com.co\/site\/clasificados\/","title":{"rendered":"Clasificados"},"content":{"rendered":"    <!--[section]-->\n\t\t<style>\n.bd-section-1243088580{margin-bottom:2em;margin-top:2em;}<\/style>\t\t<section id=section4 class=\" bd-section-1243088580  bd-tagstyles\" data-section-title=\"Four Columns\">\n\t\t\t<div class=\"bd-container-inner bd-margins clearfix\">\n\t\t\t\t<!--{content}-->\n\t\t\t\t\t    <!--[columns]-->\n        <style>\n.bd-layoutcontainer-409690108  > .bd-container-inner > .container-fluid:after{display:none;}<\/style><style>\n.bd-layoutcontainer-409690108 > .bd-container-inner > .container-fluid, .bd-layoutcontainer-409690108 > .bd-container-inner > .container-fluid > .row{height:100%;}<\/style><style>.bd-layoutcontainer-409690108 > .bd-container-inner > .container-fluid {padding-left: 0; padding-right: 0;margin-left: 0!important; margin-right: 0!important;}<\/style>        <style>\n.bd-layoutcolumn-1496300304{padding:1.5em;border:2px solid #cccccc;}\n.bd-layoutcolumn-1496300304{\n\ttext-align:  center;\n}\n\n\n.bd-layoutcolumn-31928506{padding:1.5em;border:2px solid #cccccc;}\n.bd-layoutcolumn-31928506{\n\ttext-align:  center;\n}\n\n\n.bd-layoutcolumn-1175999096{padding:1.5em;border:2px solid #cccccc;}\n.bd-layoutcolumn-1175999096{\n\ttext-align:  center;\n}\n<\/style>        <div class=\" bd-layoutcontainer-409690108  bd-columns bd-no-margins\">\n            <div class=\"bd-container-inner\">\n                <div class=\"container-fluid\">\n                    <div class=\"row bd-row-flex bd-row-align-middle\">\n                        <!--{content}-->\n                                <!--[column]-->\n        <div class=\"col-lg-4 col-sm-6 bd-columnwrapper-1496300304\">\n            <div class=\"bd-column  bd-layoutcolumn-1496300304 \">\n                <div class=\"bd-vertical-align-wrapper\">\n                    <!--{content}-->\n                            <!--[text]-->\n        <style>\n.additional-class-664816195{margin-top:0px;}\nh1.additional-class-664816195{\n\tline-height:  34.2857143px;\n\tfont-size:  24px;\n\ttext-align:  center;\n}\n<\/style>        <h1 class=\" additional-class-664816195  bd-content-element\">\n            <!--{content}-->\n                Se vende<br>Camioneta Mercedes Benz GLK300 4matic, kit AMG modelo 2015, 57.200 km, color gris tenorita metalizado.&nbsp;            <!--{\/content}-->\n        <\/h1>\n    <!--[\/text]-->\n\n\t\n\t\t<!--[image]--><style>\n.additional-class-1737488512{width:100%;clear:both;}<\/style><img src=\"https:\/\/fosol.com.co\/site\/wp-content\/uploads\/2022\/12\/0e15e6cdaae1d4404e5967642db2e7cd_IMG_20221201_142402.jpg\" class=\" additional-class-1737488512   bd-imagestyles bd-own-margins\"><!--{content}--><!--{\/content}--><!--[\/image]-->\n\t\n\t\t    <!--[text]-->\n        <style>\n.additional-class-60210972{margin-top:18px;}<\/style>        <p class=\" additional-class-60210972  bd-content-element\">\n            <!--{content}-->\n                Si desea mas informaci\u00f3n puede comunicarse&nbsp; al siguiente numero: 3173257954&nbsp;Martha Yaneth Vargas Romero            <!--{\/content}-->\n        <\/p>\n    <!--[\/text]-->\n                    <!--{\/content}-->\n                <\/div>\n            <\/div>\n        <\/div>\n    <!--[\/column]-->\n\n\t\n\t\t    <!--[column]-->\n        <div class=\"col-lg-4 col-sm-6 bd-columnwrapper-31928506\">\n            <div class=\"bd-column  bd-layoutcolumn-31928506 \">\n                <div class=\"bd-vertical-align-wrapper\">\n                    <!--{content}-->\n                            <!--[text]-->\n        <style>\n.additional-class-171137284{margin-top:0px;}\nh1.additional-class-171137284{\n\tline-height:  34.2857143px;\n\tfont-size:  24px;\n\ttext-align:  center;\n}\n<\/style>        <h1 class=\" additional-class-171137284  bd-content-element\">\n            <!--{content}-->\n                Se vende<br>Renault, Duster, 1600 CC, a\u00f1o 2021 mec\u00e1nica 4x2. Oferta.<br>Adicionalmente Alarma, perno de seguridad en las 4 llantas y el repuesto, sensor de reversa, c\u00e1mara de reversa, vidrios polarizados.            <!--{\/content}-->\n        <\/h1>\n    <!--[\/text]-->\n\n\t\n\t\t<!--[image]--><style>\n.additional-class-690560030{width:100%;}<\/style><img src=\"https:\/\/fosol.com.co\/site\/wp-content\/uploads\/2023\/08\/3b726298f7a5818a617c6a684100f521_IMG20230325WA0013.jpg\" class=\" additional-class-690560030   bd-imagestyles bd-own-margins\"><!--{content}--><!--{\/content}--><!--[\/image]-->\n\t\n\t\t    <!--[text]-->\n        <style>\n.additional-class-1475737825{margin-top:18px;}<\/style>        <p class=\" additional-class-1475737825  bd-content-element\">\n            <!--{content}-->\n                Si desea mas informaci\u00f3n puede comunicarse&nbsp; al siguiente numero: 3203498110\n<br>&nbsp;Ra\u00fal Augusto Rodr\u00edguez Ayala            <!--{\/content}-->\n        <\/p>\n    <!--[\/text]-->\n                    <!--{\/content}-->\n                <\/div>\n            <\/div>\n        <\/div>\n    <!--[\/column]-->\n\n\t\n\t\t    <!--[column]-->\n        <div class=\"col-lg-4 col-sm-6 bd-columnwrapper-1175999096\">\n            <div class=\"bd-column  bd-layoutcolumn-1175999096 \">\n                <div class=\"bd-vertical-align-wrapper\">\n                    <!--{content}-->\n                            <!--[text]-->\n        <style>\n.additional-class-847722521{margin-top:0px;}\nh1.additional-class-847722521{\n\tline-height:  28.57142858px;\n\tfont-size:  20px;\n\ttext-align:  center;\n}\n<\/style>        <h1 class=\" additional-class-847722521  bd-content-element\">\n            <!--{content}-->\n                Se vende apartamento, 3 habitaciones, sala comedor,cocina abierta, 2 ba\u00f1os y balc\u00f3n.&nbsp;<br><span id=\"docs-internal-guid-3324d3ed-7fff-f3d3-b86a-88edb6c466ae\">&nbsp;\u00c1rea : Construida 86.00 Mt2, dos (2) Parqueaderos en linea y&nbsp;<\/span>Dep\u00f3sito.&nbsp;<br>Zonas comunes: Piscina Sal\u00f3n Social-Juegos Ni\u00f1os.<span><br><\/span>            <!--{\/content}-->\n        <\/h1>\n    <!--[\/text]-->\n\n\t\n\t\t<!--[image]--><style>\n.additional-class-1666001947{width:640px;height:360px;}<\/style><img src=\"https:\/\/fosol.com.co\/site\/wp-content\/uploads\/2023\/09\/903bf90fb02b5519bffa7a887fe2d4ea_ClasificadoAPTO1.png\" class=\" additional-class-1666001947   bd-imagestyles bd-own-margins\"><!--{content}--><!--{\/content}--><!--[\/image]-->\n\t\n\t\t    <!--[text]-->\n        <style>\n.additional-class-1446672717{margin-top:18px;}\n.additional-class-1446672717{\n\tfont-weight:  bold;\n}\n<\/style>        <p class=\" additional-class-1446672717  bd-content-element\">\n            <!--{content}-->\n                Informaci\u00f3n de contacto:&nbsp;3196340718 Andr\u00e9s Valencia.            <!--{\/content}-->\n        <\/p>\n    <!--[\/text]-->\n                    <!--{\/content}-->\n                <\/div>\n            <\/div>\n        <\/div>\n    <!--[\/column]-->\n                        <!--{\/content}-->\n                    <\/div>\n                <\/div>\n            <\/div>\n        <\/div>\n    <!--[\/columns]-->\n\t\t\t\t<!--{\/content}-->\n\t\t\t<\/div>\n\t\t<\/section>\n\t<!--[\/section]-->\n\n    <!--[section]-->\n\t\t<style>\n.bd-section-1733592190{margin-bottom:2em;margin-top:2em;}<\/style>\t\t<section id=section4 class=\" bd-section-1733592190  bd-tagstyles\" data-section-title=\"Four Columns\">\n\t\t\t<div class=\"bd-container-inner bd-margins clearfix\">\n\t\t\t\t<!--{content}-->\n\t\t\t\t\t    <!--[columns]-->\n        <style>\n.bd-layoutcontainer-1357364531  > .bd-container-inner > .container-fluid:after{display:none;}<\/style><style>\n.bd-layoutcontainer-1357364531 > .bd-container-inner > .container-fluid, .bd-layoutcontainer-1357364531 > .bd-container-inner > .container-fluid > .row{height:100%;}<\/style><style>.bd-layoutcontainer-1357364531 > .bd-container-inner > .container-fluid {padding-left: 0; padding-right: 0;margin-left: 0!important; margin-right: 0!important;}<\/style>        <style>\n.bd-layoutcolumn-300640692{padding:1.5em;border:2px solid #cccccc;}\n.bd-layoutcolumn-300640692{\n\ttext-align:  center;\n}\n\n\n.bd-layoutcolumn-1375450345{padding:1.5em;border:2px solid #cccccc;}\n.bd-layoutcolumn-1375450345{\n\ttext-align:  center;\n}\n\n\n.bd-layoutcolumn-1195619388{padding:1.5em;border:2px solid #cccccc;}\n.bd-layoutcolumn-1195619388{\n\ttext-align:  center;\n}\n<\/style>        <div class=\" bd-layoutcontainer-1357364531  bd-columns bd-no-margins\">\n            <div class=\"bd-container-inner\">\n                <div class=\"container-fluid\">\n                    <div class=\"row bd-row-flex bd-row-align-middle\">\n                        <!--{content}-->\n                                <!--[column]-->\n        <div class=\"col-lg-4 col-sm-6 bd-columnwrapper-300640692\">\n            <div class=\"bd-column  bd-layoutcolumn-300640692 \">\n                <div class=\"bd-vertical-align-wrapper\">\n                    <!--{content}-->\n                            <!--[text]-->\n        <style>\n.additional-class-1344342311{margin-top:0px;}\nh1.additional-class-1344342311{\n\tline-height:  34.2857143px;\n\tfont-size:  24px;\n\ttext-align:  center;\n}\n<\/style>        <h1 class=\" additional-class-1344342311  bd-content-element\">\n            <!--{content}-->\n                            <!--{\/content}-->\n        <\/h1>\n    <!--[\/text]-->\n\n\t\n\t\t<!--[image]--><style>\n.additional-class-652213667{width:100%;}<\/style><img src=\"https:\/\/cstatic.themler.io\/themler\/543\/images\/defaultImage.jpg\" class=\" additional-class-652213667   bd-imagestyles bd-own-margins\"><!--{content}--><!--{\/content}--><!--[\/image]-->\n\t\n\t\t    <!--[text]-->\n        <style>\n.additional-class-2043371855{margin-top:18px;}<\/style>        <p class=\" additional-class-2043371855  bd-content-element\">\n            <!--{content}-->\n                Informaci\u00f3n de contacto            <!--{\/content}-->\n        <\/p>\n    <!--[\/text]-->\n\n\t\n\t\t<!--[button]--><style>.additional-class-1206886827 {\n                    text-decoration: inherit;\n\t                display: inline-block;\n\t                speak: none;\n\t            }\n\n                .additional-class-1206886827:before {\n                    font-family: 'Billion Web Font';\n\t                font-style: normal;\n\t                font-weight: normal;\n\t                text-decoration: inherit;\n\t                text-align: center;\n\t                text-transform: none;\n\t                width: 1em;\n                }.additional-class-1206886827:before {width: auto; visibility: inherit;}.additional-class-1206886827:before{display: inline-block;}<\/style><style>.additional-class-1206886827:before {\n        vertical-align: middle;\n        text-decoration: none;\n    }<\/style><style>.additional-class-1206886827:hover {\n                    text-decoration: inherit;\n\t                display: inline-block;\n\t                speak: none;\n\t            }\n\n                .additional-class-1206886827:hover:before {\n                    font-family: 'Billion Web Font';\n\t                font-style: normal;\n\t                font-weight: normal;\n\t                text-decoration: inherit;\n\t                text-align: center;\n\t                text-transform: none;\n\t                width: 1em;\n                }.additional-class-1206886827:hover:before {width: auto; visibility: inherit;}.additional-class-1206886827:hover:before{display: inline-block;}<\/style><style>.additional-class-1206886827:hover:before {\n        vertical-align: middle;\n        text-decoration: none;\n    }<\/style><a href=\"\" class=\"bd-button-172  additional-class-1206886827  bd-own-margins bd-content-element\"><!--{content}-->\nContactar\n<!--{\/content}--><\/a><!--[\/button]-->                    <!--{\/content}-->\n                <\/div>\n            <\/div>\n        <\/div>\n    <!--[\/column]-->\n\n\t\n\t\t    <!--[column]-->\n        <div class=\"col-lg-4 col-sm-6 bd-columnwrapper-1375450345\">\n            <div class=\"bd-column  bd-layoutcolumn-1375450345 \">\n                <div class=\"bd-vertical-align-wrapper\">\n                    <!--{content}-->\n                            <!--[text]-->\n        <style>\n.additional-class-1771337192{margin-top:0px;}\nh1.additional-class-1771337192{\n\tline-height:  34.2857143px;\n\tfont-size:  24px;\n\ttext-align:  center;\n}\n<\/style>        <h1 class=\" additional-class-1771337192  bd-content-element\">\n            <!--{content}-->\n                Enter your text here            <!--{\/content}-->\n        <\/h1>\n    <!--[\/text]-->\n\n\t\n\t\t<!--[image]--><style>\n.additional-class-555995108{width:100%;}<\/style><img src=\"https:\/\/cstatic.themler.io\/themler\/543\/images\/defaultImage.jpg\" class=\" additional-class-555995108   bd-imagestyles bd-own-margins\"><!--{content}--><!--{\/content}--><!--[\/image]-->\n\t\n\t\t    <!--[text]-->\n        <style>\n.additional-class-1420773154{margin-top:18px;}<\/style>        <p class=\" additional-class-1420773154  bd-content-element\">\n            <!--{content}-->\n                Informaci\u00f3n de contacto            <!--{\/content}-->\n        <\/p>\n    <!--[\/text]-->\n\n\t\n\t\t<!--[button]--><style>.additional-class-679540353 {\n                    text-decoration: inherit;\n\t                display: inline-block;\n\t                speak: none;\n\t            }\n\n                .additional-class-679540353:before {\n                    font-family: 'Billion Web Font';\n\t                font-style: normal;\n\t                font-weight: normal;\n\t                text-decoration: inherit;\n\t                text-align: center;\n\t                text-transform: none;\n\t                width: 1em;\n                }.additional-class-679540353:before {width: auto; visibility: inherit;}.additional-class-679540353:before{display: inline-block;}<\/style><style>.additional-class-679540353:before {\n        vertical-align: middle;\n        text-decoration: none;\n    }<\/style><style>.additional-class-679540353:hover {\n                    text-decoration: inherit;\n\t                display: inline-block;\n\t                speak: none;\n\t            }\n\n                .additional-class-679540353:hover:before {\n                    font-family: 'Billion Web Font';\n\t                font-style: normal;\n\t                font-weight: normal;\n\t                text-decoration: inherit;\n\t                text-align: center;\n\t                text-transform: none;\n\t                width: 1em;\n                }.additional-class-679540353:hover:before {width: auto; visibility: inherit;}.additional-class-679540353:hover:before{display: inline-block;}<\/style><style>.additional-class-679540353:hover:before {\n        vertical-align: middle;\n        text-decoration: none;\n    }<\/style><a href=\"\" class=\"bd-button-171  additional-class-679540353  bd-own-margins bd-content-element\"><!--{content}-->\nContactar\n<!--{\/content}--><\/a><!--[\/button]-->                    <!--{\/content}-->\n                <\/div>\n            <\/div>\n        <\/div>\n    <!--[\/column]-->\n\n\t\n\t\t    <!--[column]-->\n        <div class=\"col-lg-4 col-sm-6 bd-columnwrapper-1195619388\">\n            <div class=\"bd-column  bd-layoutcolumn-1195619388 \">\n                <div class=\"bd-vertical-align-wrapper\">\n                    <!--{content}-->\n                            <!--[text]-->\n        <style>\n.additional-class-57194859{margin-top:0px;}\nh1.additional-class-57194859{\n\tline-height:  34.2857143px;\n\tfont-size:  24px;\n\ttext-align:  center;\n}\n<\/style>        <h1 class=\" additional-class-57194859  bd-content-element\">\n            <!--{content}-->\n                Enter your text here            <!--{\/content}-->\n        <\/h1>\n    <!--[\/text]-->\n\n\t\n\t\t<!--[image]--><style>\n.additional-class-372559920{width:100%;}<\/style><img src=\"https:\/\/cstatic.themler.io\/themler\/543\/images\/defaultImage.jpg\" class=\" additional-class-372559920   bd-imagestyles bd-own-margins\"><!--{content}--><!--{\/content}--><!--[\/image]-->\n\t\n\t\t    <!--[text]-->\n        <style>\n.additional-class-2110246742{margin-top:18px;}<\/style>        <p class=\" additional-class-2110246742  bd-content-element\">\n            <!--{content}-->\n                Informaci\u00f3n de contacto            <!--{\/content}-->\n        <\/p>\n    <!--[\/text]-->\n\n\t\n\t\t<!--[button]--><style>.additional-class-999722112 {\n                    text-decoration: inherit;\n\t                display: inline-block;\n\t                speak: none;\n\t            }\n\n                .additional-class-999722112:before {\n                    font-family: 'Billion Web Font';\n\t                font-style: normal;\n\t                font-weight: normal;\n\t                text-decoration: inherit;\n\t                text-align: center;\n\t                text-transform: none;\n\t                width: 1em;\n                }.additional-class-999722112:before {width: auto; visibility: inherit;}.additional-class-999722112:before{display: inline-block;}<\/style><style>.additional-class-999722112:before {\n        vertical-align: middle;\n        text-decoration: none;\n    }<\/style><style>.additional-class-999722112:hover {\n                    text-decoration: inherit;\n\t                display: inline-block;\n\t                speak: none;\n\t            }\n\n                .additional-class-999722112:hover:before {\n                    font-family: 'Billion Web Font';\n\t                font-style: normal;\n\t                font-weight: normal;\n\t                text-decoration: inherit;\n\t                text-align: center;\n\t                text-transform: none;\n\t                width: 1em;\n                }.additional-class-999722112:hover:before {width: auto; visibility: inherit;}.additional-class-999722112:hover:before{display: inline-block;}<\/style><style>.additional-class-999722112:hover:before {\n        vertical-align: middle;\n        text-decoration: none;\n    }<\/style><a href=\"\" class=\"bd-button-170  additional-class-999722112  bd-own-margins bd-content-element\"><!--{content}-->\nContactar\n<!--{\/content}--><\/a><!--[\/button]-->                    <!--{\/content}-->\n                <\/div>\n            <\/div>\n        <\/div>\n    <!--[\/column]-->\n                        <!--{\/content}-->\n                    <\/div>\n                <\/div>\n            <\/div>\n        <\/div>\n    <!--[\/columns]-->\n\t\t\t\t<!--{\/content}-->\n\t\t\t<\/div>\n\t\t<\/section>\n\t<!--[\/section]-->\n\n","protected":false},"excerpt":{"rendered":"","protected":false},"author":2,"featured_media":0,"parent":0,"menu_order":4,"comment_status":"closed","ping_status":"closed","template":"","meta":[],"_links":{"self":[{"href":"https:\/\/fosol.com.co\/site\/wp-json\/wp\/v2\/pages\/127"}],"collection":[{"href":"https:\/\/fosol.com.co\/site\/wp-json\/wp\/v2\/pages"}],"about":[{"href":"https:\/\/fosol.com.co\/site\/wp-json\/wp\/v2\/types\/page"}],"author":[{"embeddable":true,"href":"https:\/\/fosol.com.co\/site\/wp-json\/wp\/v2\/users\/2"}],"replies":[{"embeddable":true,"href":"https:\/\/fosol.com.co\/site\/wp-json\/wp\/v2\/comments?post=127"}],"version-history":[{"count":20,"href":"https:\/\/fosol.com.co\/site\/wp-json\/wp\/v2\/pages\/127\/revisions"}],"predecessor-version":[{"id":3501,"href":"https:\/\/fosol.com.co\/site\/wp-json\/wp\/v2\/pages\/127\/revisions\/3501"}],"wp:attachment":[{"href":"https:\/\/fosol.com.co\/site\/wp-json\/wp\/v2\/media?parent=127"}],"curies":[{"name":"wp","href":"https:\/\/api.w.org\/{rel}","templated":true}]}}