{"id":1246,"date":"2022-07-17T21:27:07","date_gmt":"2022-07-18T02:27:07","guid":{"rendered":"https:\/\/fosol.com.co\/site\/?page_id=1246"},"modified":"2022-07-17T21:51:51","modified_gmt":"2022-07-18T02:51:51","slug":"ordinario-complementario","status":"publish","type":"page","link":"https:\/\/fosol.com.co\/site\/ordinario-complementario\/","title":{"rendered":"Ordinario complementario"},"content":{"rendered":"<!--[overlay]--><style>\n.bd-textureoverlay-1772275302:before{background-color:#000000;opacity:0.4;}<\/style><!--{content}-->    <!--[section]-->\n\t\t<style>\n.bd-section-1814242996{background-color:#ffffff;position:relative;background-size:cover;background-repeat:no-repeat;background-image:url(https:\/\/fosol.com.co\/site\/wp-content\/uploads\/2018\/02\/1642585_bd_media_id_15a96497d2dbad83de23dcd87072c7bd.jpeg);background-attachment:fixed;padding-top:6em;padding-bottom:6em;background-position:center center;}\n.bd-section-1814242996{\n\tline-height:  24px;\n\tcolor:  #ffffff;\n\tfont-size:  16px;\n\tfont-weight:  400;\n}\n.bd-section-1814242996 h1{\n\tline-height:  55.2px;\n\ttext-transform:  uppercase;\n\tfont-size:  48px;\n\tfont-weight:  600;\n}\n\n@media (max-width: 767px) {.bd-section-1814242996 h1{\n\tline-height:  42.85714287px;\n\tfont-size:  30px;\n}\n}<\/style>\t\t<section id=section4 class=\" bd-section-1814242996 bd-tagstyles bd-textureoverlay  bd-textureoverlay-1772275302 \" data-section-title=\"row with background image\">\n\t\t\t<div class=\"bd-container-inner bd-margins clearfix\">\n\t\t\t\t<!--{content}-->\n\t\t\t\t\t<!--[layoutbox]--><style>\n.additional-class-757673379{width:95%;margin-left:auto;margin-right:auto;display:block;}\n@media (max-width: 1199px) {.additional-class-757673379{width:75%;}}\n@media (max-width: 991px) {.additional-class-757673379{width:90%;}}\n.additional-class-757673379{\n\ttext-align:  center;\n}\n.additional-class-757673379 h1{\n\ttext-align:  left;\n}\n<\/style><div class=\"clearfix  additional-class-757673379  bd-no-margins bd-no-margins\"><div class=\"bd-container-inner\"><!--{content}-->    <!--[text]-->\n        <style>\n.additional-class-403799360{margin-top:0px;margin-bottom:0px;}<\/style>        <h1 class=\" additional-class-403799360  bd-content-element\">\n            <!--{content}-->\n                Cr\u00e9dito ordinario complementario            <!--{\/content}-->\n        <\/h1>\n    <!--[\/text]-->\n<!--{\/content}--><\/div><\/div><!--[\/layoutbox]-->\t\t\t\t<!--{\/content}-->\n\t\t\t<\/div>\n\t\t<\/section>\n\t<!--[\/section]-->\n<!--{\/content}--><!--[\/overlay]-->\n    <!--[section]-->\n\t\t<style>\n.bd-section-8093812{background-color:#ffffff;padding:3em 2em;}\n.bd-section-8093812{\n\tline-height:  34px;\n\tfont-size:  16px;\n\tcolor:  #000000;\n}\n.bd-section-8093812 h2{\n\tline-height:  20px;\n\tfont-size:  20px;\n\tfont-weight:  600;\n\ttext-transform:  uppercase;\n}\n.bd-section-8093812 h1{\n\tline-height:  68.57142859px;\n\tfont-size:  48px;\n\tfont-weight:  500;\n\ttext-transform:  uppercase;\n\tcolor:  #000000;\n}\n\n@media (max-width: 991px) {.bd-section-8093812 h1{\n\tline-height:  36px;\n\tfont-size:  36px;\n}\n}<\/style>\t\t<section id=section4 class=\" bd-section-8093812  bd-tagstyles\" data-section-title=\"Two Columns With Header\">\n\t\t\t<div class=\"bd-container-inner bd-margins clearfix\">\n\t\t\t\t<!--{content}-->\n\t\t\t\t\t    <!--[columns]-->\n        <style>\n.bd-layoutcontainer-1687349371 > .bd-container-inner > .container-fluid > .row{height:calc(102%);margin:-1em -2em;}\n.bd-layoutcontainer-1687349371 > .bd-container-inner > .container-fluid > .row > div{padding:1em 2em;}\n.bd-layoutcontainer-1687349371  > .bd-container-inner > .container-fluid:after{display:none;}<\/style><style>\n.bd-layoutcontainer-1687349371 > .bd-container-inner > .container-fluid, .bd-layoutcontainer-1687349371 > .bd-container-inner > .container-fluid > .row{height:100%;}<\/style><style>.bd-layoutcontainer-1687349371 > .bd-container-inner > .container-fluid {padding-left: 0; padding-right: 0;margin-left: 0!important; margin-right: 0!important;}<\/style>        <style><\/style>        <div class=\" bd-layoutcontainer-1687349371  bd-columns bd-no-margins\">\n            <div class=\"bd-container-inner\">\n                <div class=\"container-fluid\">\n                    <div class=\"row bd-row-flex bd-row-align-middle\">\n                        <!--{content}-->\n                                <!--[column]-->\n        <div class=\"col-md-12 bd-columnwrapper-285787861\">\n            <div class=\"bd-column  bd-layoutcolumn-285787861 \">\n                <div class=\"bd-vertical-align-wrapper\">\n                    <!--{content}-->\n                        <!--[layoutbox]--><style>\n.additional-class-1051248473{\n\ttext-align:  justify;\n}\n<\/style><div class=\"clearfix  additional-class-1051248473  bd-no-margins\"><div class=\"bd-container-inner\"><!--{content}--><!--[icon]--><style>\n.additional-class-806685528{float:left;margin-right:2em;margin-top:-0.5em;}<\/style><style>.additional-class-806685528 {\n                    text-decoration: inherit;\n\t                display: inline-block;\n\t                speak: none;\n\t            }\n\n                .additional-class-806685528:before {\n                    font-family: 'Billion Web Font';\n\t                font-style: normal;\n\t                font-weight: normal;\n\t                text-decoration: inherit;\n\t                text-align: center;\n\t                text-transform: none;\n\t                width: 1em;\n                }.additional-class-806685528:before { content: '\\1ef'; }.additional-class-806685528:before {width: auto; visibility: inherit;}.additional-class-806685528:before{display: inline-block;}<\/style><style>\n.additional-class-806685528:before{color:#ffffff;font-size:30px;background-color:#542e91;-webkit-transition:all 500ms;transition:all 500ms;padding:20px;border-radius:50%;line-height:42.85714287px;}<\/style><style>.additional-class-806685528:before{line-height: 30px;}<\/style><style>.additional-class-806685528:before {\n        vertical-align: middle;\n        text-decoration: none;\n    }<\/style><style>.additional-class-806685528:hover {\n                    text-decoration: inherit;\n\t                display: inline-block;\n\t                speak: none;\n\t            }\n\n                .additional-class-806685528:hover:before {\n                    font-family: 'Billion Web Font';\n\t                font-style: normal;\n\t                font-weight: normal;\n\t                text-decoration: inherit;\n\t                text-align: center;\n\t                text-transform: none;\n\t                width: 1em;\n                }.additional-class-806685528:hover:before {width: auto; visibility: inherit;}.additional-class-806685528:hover:before{display: inline-block;}<\/style><style>\n.additional-class-806685528:hover:before{background-color:#6e3cbe;}<\/style><style>.additional-class-806685528:hover:before {\n        vertical-align: middle;\n        text-decoration: none;\n    }<\/style><span class=\"bd-icon  additional-class-806685528  hidden-xs  bd-no-margins bd-own-margins\"><!--{content}--><!--{\/content}--><\/span><!--[\/icon]-->\n\t\n\t\t    <!--[text]-->\n        <style>\n.additional-class-1268960734{overflow:hidden;margin:0px;}<\/style>        <h2 class=\" additional-class-1268960734  bd-no-margins bd-content-element\">\n            <!--{content}-->\n                Ordinario complementario            <!--{\/content}-->\n        <\/h2>\n    <!--[\/text]-->\n\n\t\n\t\t    <!--[text]-->\n        <style>\n.additional-class-2054959816{overflow:hidden;}<\/style>        <p class=\" additional-class-2054959816  bd-content-element\">\n            <!--{content}-->\n                Es el cr\u00e9dito destinado a satisfacer necesidades de car\u00e1cter extraordinario y para Asociados que no tienen cupo de Cr\u00e9dito Ordinario, pero con capacidad de pago y cumple adem\u00e1s con los requisitos que el Fondo le exija.            <!--{\/content}-->\n        <\/p>\n    <!--[\/text]-->\n\n\t\n\t\t\n    <!--[spacer]-->\n    <style>\n.bd-spacer-1083993979{height:1em;clear:both;}<\/style>    <div class=\" bd-spacer-1083993979  clearfix\">\n        <!--{content}--><!--{\/content}-->\n    <\/div>\n    <!--[\/spacer]-->\n\n    <!--{\/content}--><\/div><\/div><!--[\/layoutbox]-->\n\t\n\t\t<!--[layoutbox]--><style>\n.additional-class-1770128405{\n\ttext-align:  justify;\n}\n<\/style><div class=\"clearfix  additional-class-1770128405  bd-no-margins\"><div class=\"bd-container-inner\"><!--{content}--><!--[icon]--><style>\n.additional-class-26420773{float:left;margin-right:2em;margin-top:-0.5em;}<\/style><style>.additional-class-26420773 {\n                    text-decoration: inherit;\n\t                display: inline-block;\n\t                speak: none;\n\t            }\n\n                .additional-class-26420773:before {\n                    font-family: 'Billion Web Font';\n\t                font-style: normal;\n\t                font-weight: normal;\n\t                text-decoration: inherit;\n\t                text-align: center;\n\t                text-transform: none;\n\t                width: 1em;\n                }.additional-class-26420773:before { content: '\\13f'; }.additional-class-26420773:before {width: auto; visibility: inherit;}.additional-class-26420773:before{display: inline-block;}<\/style><style>\n.additional-class-26420773:before{color:#ffffff;font-size:30px;background-color:#542e91;-webkit-transition:all 500ms;transition:all 500ms;padding:20px;border-radius:50%;line-height:42.85714287px;}<\/style><style>.additional-class-26420773:before{line-height: 30px;}<\/style><style>.additional-class-26420773:before {\n        vertical-align: middle;\n        text-decoration: none;\n    }<\/style><style>.additional-class-26420773:hover {\n                    text-decoration: inherit;\n\t                display: inline-block;\n\t                speak: none;\n\t            }\n\n                .additional-class-26420773:hover:before {\n                    font-family: 'Billion Web Font';\n\t                font-style: normal;\n\t                font-weight: normal;\n\t                text-decoration: inherit;\n\t                text-align: center;\n\t                text-transform: none;\n\t                width: 1em;\n                }.additional-class-26420773:hover:before {width: auto; visibility: inherit;}.additional-class-26420773:hover:before{display: inline-block;}<\/style><style>\n.additional-class-26420773:hover:before{background-color:#6e3cbe;}<\/style><style>.additional-class-26420773:hover:before {\n        vertical-align: middle;\n        text-decoration: none;\n    }<\/style><span class=\"bd-icon  additional-class-26420773  hidden-xs  bd-no-margins bd-own-margins\"><!--{content}--><!--{\/content}--><\/span><!--[\/icon]-->\n\t\n\t\t    <!--[text]-->\n        <style>\n.additional-class-1840904920{overflow:hidden;margin:0px;}<\/style>        <h2 class=\" additional-class-1840904920  bd-no-margins bd-content-element\">\n            <!--{content}-->\n                Requisitos            <!--{\/content}-->\n        <\/h2>\n    <!--[\/text]-->\n\n\t\n\t\t    <!--[text]-->\n        <style>\n.additional-class-318513749{overflow:hidden;}<\/style>        <p class=\" additional-class-318513749  bd-content-element\">\n            <!--{content}-->\n                <b>a.<\/b>\tQue se apruebe por parte de la Junta Directiva de FOSOL un presupuesto espec\u00edfico para su atenci\u00f3n.\n<br><b>b.<\/b>\tQue el asociado solicitante tenga capacidad de pago, certificada por la Subdirecci\u00f3n T\u00e9cnica de Recursos Humanos.\n<br><b>c.<\/b>\tQue el asociado solicitante sea cumplido con las obligaciones crediticias ante FOSOL y no se encuentre reportado negativamente  en la central de riesgos.&nbsp;<br>            <!--{\/content}-->\n        <\/p>\n    <!--[\/text]-->\n\n\t\n\t\t\n    <!--[spacer]-->\n    <style>\n.bd-spacer-416085034{height:1em;clear:both;}<\/style>    <div class=\" bd-spacer-416085034  clearfix\">\n        <!--{content}--><!--{\/content}-->\n    <\/div>\n    <!--[\/spacer]-->\n\n    <!--{\/content}--><\/div><\/div><!--[\/layoutbox]-->\n\t\n\t\t<!--[layoutbox]--><style>\n.additional-class-1627312888{\n\ttext-align:  justify;\n}\n<\/style><div class=\"clearfix  additional-class-1627312888  bd-no-margins\"><div class=\"bd-container-inner\"><!--{content}--><!--[icon]--><style>\n.additional-class-770301117{float:left;margin-right:2em;margin-top:-0.5em;}<\/style><style>.additional-class-770301117 {\n                    text-decoration: inherit;\n\t                display: inline-block;\n\t                speak: none;\n\t            }\n\n                .additional-class-770301117:before {\n                    font-family: 'Billion Web Font';\n\t                font-style: normal;\n\t                font-weight: normal;\n\t                text-decoration: inherit;\n\t                text-align: center;\n\t                text-transform: none;\n\t                width: 1em;\n                }.additional-class-770301117:before { content: '\\2a0'; }.additional-class-770301117:before {width: auto; visibility: inherit;}.additional-class-770301117:before{display: inline-block;}<\/style><style>\n.additional-class-770301117:before{color:#ffffff;font-size:30px;background-color:#542e91;-webkit-transition:all 500ms;transition:all 500ms;padding:20px;border-radius:50%;line-height:42.85714287px;}<\/style><style>.additional-class-770301117:before{line-height: 30px;}<\/style><style>.additional-class-770301117:before {\n        vertical-align: middle;\n        text-decoration: none;\n    }<\/style><style>.additional-class-770301117:hover {\n                    text-decoration: inherit;\n\t                display: inline-block;\n\t                speak: none;\n\t            }\n\n                .additional-class-770301117:hover:before {\n                    font-family: 'Billion Web Font';\n\t                font-style: normal;\n\t                font-weight: normal;\n\t                text-decoration: inherit;\n\t                text-align: center;\n\t                text-transform: none;\n\t                width: 1em;\n                }.additional-class-770301117:hover:before {width: auto; visibility: inherit;}.additional-class-770301117:hover:before{display: inline-block;}<\/style><style>\n.additional-class-770301117:hover:before{background-color:#6e3cbe;}<\/style><style>.additional-class-770301117:hover:before {\n        vertical-align: middle;\n        text-decoration: none;\n    }<\/style><span class=\"bd-icon  additional-class-770301117  hidden-xs  bd-no-margins bd-own-margins\"><!--{content}--><!--{\/content}--><\/span><!--[\/icon]-->\n\t\n\t\t    <!--[text]-->\n        <style>\n.additional-class-1576793835{overflow:hidden;margin:0px;}<\/style>        <h2 class=\" additional-class-1576793835  bd-no-margins bd-content-element\">\n            <!--{content}-->\n                Tasa de inter\u00e9s            <!--{\/content}-->\n        <\/h2>\n    <!--[\/text]-->\n\n\t\n\t\t    <!--[text]-->\n        <style>\n.additional-class-1228550306{overflow:hidden;}<\/style>        <p class=\" additional-class-1228550306  bd-content-element\">\n            <!--{content}-->\n                Se cobrar\u00e1 la tasa de inter\u00e9s del 1.05% mensual vencido.            <!--{\/content}-->\n        <\/p>\n    <!--[\/text]-->\n\n\t\n\t\t\n    <!--[spacer]-->\n    <style>\n.bd-spacer-1430742749{height:1em;clear:both;}<\/style>    <div class=\" bd-spacer-1430742749  clearfix\">\n        <!--{content}--><!--{\/content}-->\n    <\/div>\n    <!--[\/spacer]-->\n\n    <!--{\/content}--><\/div><\/div><!--[\/layoutbox]-->\n\t\n\t\t<!--[layoutbox]--><style>\n.additional-class-196656468{\n\ttext-align:  justify;\n}\n<\/style><div class=\"clearfix  additional-class-196656468  bd-no-margins\"><div class=\"bd-container-inner\"><!--{content}-->\n    <!--[spacer]-->\n    <style>\n.bd-spacer-414622866{height:1em;clear:both;}<\/style>    <div class=\" bd-spacer-414622866  clearfix\">\n        <!--{content}--><!--{\/content}-->\n    <\/div>\n    <!--[\/spacer]-->\n\n    \n\t\n\t\t    <!--[text]-->\n        <style>\n.additional-class-132556391{overflow:hidden;}\n.additional-class-132556391{\n\tfont-weight:  bold;\n}\n<\/style>        <p class=\" additional-class-132556391  bd-content-element\">\n            <!--{content}-->\n                PAR\u00c1GRAFO 1\u00b0.&nbsp;Esta medida no es permanente, la Junta Directiva tendr\u00e1 la potestad de continuar con ella o darla por terminada de acuerdo con los recursos econ\u00f3micos del Fondo, destinados para este fin.<br>PAR\u00c1GRAFO 2\u00b0.Ser\u00e1 determinado por la Junta directiva cada vez que existan recursos disponibles para inversi\u00f3n, sin afectar el presupuesto establecido para atender las dem\u00e1s modalidades de cr\u00e9dito.<br><br>PAR\u00c1GRAFO 3\u00b0. El Fondo a trav\u00e9s de comunicado le informar\u00e1 al asociado el valor excedido en su capacidad de endeudamiento y no podr\u00e1 utilizar ninguno de los servicios de cr\u00e9dito mientras no recupere la capacidad establecida en el art\u00edculo 15 del presente Reglamento<br><br><br>            <!--{\/content}-->\n        <\/p>\n    <!--[\/text]-->\n<!--{\/content}--><\/div><\/div><!--[\/layoutbox]-->                    <!--{\/content}-->\n                <\/div>\n            <\/div>\n        <\/div>\n    <!--[\/column]-->\n                        <!--{\/content}-->\n                    <\/div>\n                <\/div>\n            <\/div>\n        <\/div>\n    <!--[\/columns]-->\n\t\t\t\t<!--{\/content}-->\n\t\t\t<\/div>\n\t\t<\/section>\n\t<!--[\/section]-->\n\n","protected":false},"excerpt":{"rendered":"","protected":false},"author":4,"featured_media":0,"parent":0,"menu_order":0,"comment_status":"closed","ping_status":"closed","template":"","meta":[],"_links":{"self":[{"href":"https:\/\/fosol.com.co\/site\/wp-json\/wp\/v2\/pages\/1246"}],"collection":[{"href":"https:\/\/fosol.com.co\/site\/wp-json\/wp\/v2\/pages"}],"about":[{"href":"https:\/\/fosol.com.co\/site\/wp-json\/wp\/v2\/types\/page"}],"author":[{"embeddable":true,"href":"https:\/\/fosol.com.co\/site\/wp-json\/wp\/v2\/users\/4"}],"replies":[{"embeddable":true,"href":"https:\/\/fosol.com.co\/site\/wp-json\/wp\/v2\/comments?post=1246"}],"version-history":[{"count":2,"href":"https:\/\/fosol.com.co\/site\/wp-json\/wp\/v2\/pages\/1246\/revisions"}],"predecessor-version":[{"id":1249,"href":"https:\/\/fosol.com.co\/site\/wp-json\/wp\/v2\/pages\/1246\/revisions\/1249"}],"wp:attachment":[{"href":"https:\/\/fosol.com.co\/site\/wp-json\/wp\/v2\/media?parent=1246"}],"curies":[{"name":"wp","href":"https:\/\/api.w.org\/{rel}","templated":true}]}}