{"id":1234,"date":"2022-07-14T15:24:01","date_gmt":"2022-07-14T20:24:01","guid":{"rendered":"https:\/\/fosol.com.co\/site\/?page_id=1234"},"modified":"2022-07-17T21:24:16","modified_gmt":"2022-07-18T02:24:16","slug":"calamidad-domestica-1","status":"publish","type":"page","link":"https:\/\/fosol.com.co\/site\/calamidad-domestica-1\/","title":{"rendered":"Calamidad domestica"},"content":{"rendered":"<!--[overlay]--><style>\n.bd-textureoverlay-1283929118:before{background-color:#000000;opacity:0.4;}<\/style><!--{content}-->    <!--[section]-->\n\t\t<style>\n.bd-section-973469983{background-color:#ffffff;position:relative;background-size:cover;background-repeat:no-repeat;background-image:url(https:\/\/fosol.com.co\/site\/wp-content\/uploads\/2018\/02\/1642585_bd_media_id_15a96497d2dbad83de23dcd87072c7bd.jpeg);background-attachment:fixed;padding-top:6em;padding-bottom:6em;background-position:center center;}\n.bd-section-973469983{\n\tline-height:  24px;\n\tcolor:  #ffffff;\n\tfont-size:  16px;\n\tfont-weight:  400;\n}\n.bd-section-973469983 h1{\n\tline-height:  55.2px;\n\ttext-transform:  uppercase;\n\tfont-size:  48px;\n\tfont-weight:  600;\n}\n\n@media (max-width: 767px) {.bd-section-973469983 h1{\n\tline-height:  42.85714287px;\n\tfont-size:  30px;\n}\n}<\/style>\t\t<section id=section4 class=\" bd-section-973469983 bd-tagstyles bd-textureoverlay  bd-textureoverlay-1283929118 \" data-section-title=\"row with background image\">\n\t\t\t<div class=\"bd-container-inner bd-margins clearfix\">\n\t\t\t\t<!--{content}-->\n\t\t\t\t\t<!--[layoutbox]--><style>\n.additional-class-2052480891{width:95%;margin-left:auto;margin-right:auto;display:block;}\n@media (max-width: 1199px) {.additional-class-2052480891{width:75%;}}\n@media (max-width: 991px) {.additional-class-2052480891{width:90%;}}\n.additional-class-2052480891{\n\ttext-align:  center;\n}\n.additional-class-2052480891 h1{\n\ttext-align:  left;\n}\n<\/style><div class=\"clearfix  additional-class-2052480891  bd-no-margins bd-no-margins\"><div class=\"bd-container-inner\"><!--{content}-->    <!--[text]-->\n        <style>\n.additional-class-2001984754{margin-top:0px;margin-bottom:0px;}<\/style>        <h1 class=\" additional-class-2001984754  bd-content-element\">\n            <!--{content}-->\n                Cr\u00e9dito de calamidad            <!--{\/content}-->\n        <\/h1>\n    <!--[\/text]-->\n<!--{\/content}--><\/div><\/div><!--[\/layoutbox]-->\t\t\t\t<!--{\/content}-->\n\t\t\t<\/div>\n\t\t<\/section>\n\t<!--[\/section]-->\n<!--{\/content}--><!--[\/overlay]-->\n    <!--[section]-->\n\t\t<style>\n.bd-section-1138540014{background-color:#ffffff;padding:3em 2em;}\n.bd-section-1138540014{\n\tline-height:  34px;\n\tfont-size:  16px;\n\tcolor:  #000000;\n}\n.bd-section-1138540014 h2{\n\tline-height:  20px;\n\tfont-size:  20px;\n\tfont-weight:  600;\n\ttext-transform:  uppercase;\n}\n.bd-section-1138540014 h1{\n\tline-height:  68.57142859px;\n\tfont-size:  48px;\n\tfont-weight:  500;\n\ttext-transform:  uppercase;\n\tcolor:  #000000;\n}\n\n@media (max-width: 991px) {.bd-section-1138540014 h1{\n\tline-height:  36px;\n\tfont-size:  36px;\n}\n}<\/style>\t\t<section id=section4 class=\" bd-section-1138540014  bd-tagstyles\" data-section-title=\"Two Columns With Header\">\n\t\t\t<div class=\"bd-container-inner bd-margins clearfix\">\n\t\t\t\t<!--{content}-->\n\t\t\t\t\t    <!--[columns]-->\n        <style>\n.bd-layoutcontainer-642979481 > .bd-container-inner > .container-fluid > .row{height:calc(102%);margin:-1em -2em;}\n.bd-layoutcontainer-642979481 > .bd-container-inner > .container-fluid > .row > div{padding:1em 2em;}\n.bd-layoutcontainer-642979481  > .bd-container-inner > .container-fluid:after{display:none;}<\/style><style>\n.bd-layoutcontainer-642979481 > .bd-container-inner > .container-fluid, .bd-layoutcontainer-642979481 > .bd-container-inner > .container-fluid > .row{height:100%;}<\/style><style>.bd-layoutcontainer-642979481 > .bd-container-inner > .container-fluid {padding-left: 0; padding-right: 0;margin-left: 0!important; margin-right: 0!important;}<\/style>        <style><\/style>        <div class=\" bd-layoutcontainer-642979481  bd-columns bd-no-margins\">\n            <div class=\"bd-container-inner\">\n                <div class=\"container-fluid\">\n                    <div class=\"row bd-row-flex bd-row-align-middle\">\n                        <!--{content}-->\n                                <!--[column]-->\n        <div class=\"col-md-12 bd-columnwrapper-563537949\">\n            <div class=\"bd-column  bd-layoutcolumn-563537949 \">\n                <div class=\"bd-vertical-align-wrapper\">\n                    <!--{content}-->\n                        <!--[layoutbox]--><style>\n.additional-class-1909062687{\n\ttext-align:  justify;\n}\n<\/style><div class=\"clearfix  additional-class-1909062687  bd-no-margins\"><div class=\"bd-container-inner\"><!--{content}--><!--[icon]--><style>\n.additional-class-674343247{float:left;margin-right:2em;margin-top:-0.5em;}<\/style><style>.additional-class-674343247 {\n                    text-decoration: inherit;\n\t                display: inline-block;\n\t                speak: none;\n\t            }\n\n                .additional-class-674343247:before {\n                    font-family: 'Billion Web Font';\n\t                font-style: normal;\n\t                font-weight: normal;\n\t                text-decoration: inherit;\n\t                text-align: center;\n\t                text-transform: none;\n\t                width: 1em;\n                }.additional-class-674343247:before { content: '\\1ef'; }.additional-class-674343247:before {width: auto; visibility: inherit;}.additional-class-674343247:before{display: inline-block;}<\/style><style>\n.additional-class-674343247:before{color:#ffffff;font-size:30px;background-color:#542e91;-webkit-transition:all 500ms;transition:all 500ms;padding:20px;border-radius:50%;line-height:42.85714287px;}<\/style><style>.additional-class-674343247:before{line-height: 30px;}<\/style><style>.additional-class-674343247:before {\n        vertical-align: middle;\n        text-decoration: none;\n    }<\/style><style>.additional-class-674343247:hover {\n                    text-decoration: inherit;\n\t                display: inline-block;\n\t                speak: none;\n\t            }\n\n                .additional-class-674343247:hover:before {\n                    font-family: 'Billion Web Font';\n\t                font-style: normal;\n\t                font-weight: normal;\n\t                text-decoration: inherit;\n\t                text-align: center;\n\t                text-transform: none;\n\t                width: 1em;\n                }.additional-class-674343247:hover:before {width: auto; visibility: inherit;}.additional-class-674343247:hover:before{display: inline-block;}<\/style><style>\n.additional-class-674343247:hover:before{background-color:#6e3cbe;}<\/style><style>.additional-class-674343247:hover:before {\n        vertical-align: middle;\n        text-decoration: none;\n    }<\/style><span class=\"bd-icon  additional-class-674343247  hidden-xs  bd-no-margins bd-own-margins\"><!--{content}--><!--{\/content}--><\/span><!--[\/icon]-->\n\t\n\t\t    <!--[text]-->\n        <style>\n.additional-class-383105014{overflow:hidden;margin:0px;}<\/style>        <h2 class=\" additional-class-383105014  bd-no-margins bd-content-element\">\n            <!--{content}-->\n                calamidad            <!--{\/content}-->\n        <\/h2>\n    <!--[\/text]-->\n\n\t\n\t\t    <!--[text]-->\n        <style>\n.additional-class-168000081{overflow:hidden;}<\/style>        <p class=\" additional-class-168000081  bd-content-element\">\n            <!--{content}-->\n                Es\naquel cr\u00e9dito concedido para atender casos fortuitos o de fuerza mayor, que\ngenere al asociado, un desembolso imprevisto en circunstancias tales como:\n\n&nbsp;&nbsp;<br><b>a.&nbsp;<\/b>Gastos\npor fallecimiento de una persona del n\u00facleo familiar del asociado.\n\n&nbsp;<br><b>b.<\/b>&nbsp;Gastos\npor hospitalizaci\u00f3n y\/o cirug\u00eda del asociado o un miembro de su n\u00facleo familiar\nb\u00e1sico.\n\n&nbsp;&nbsp;<br><b>c.<\/b> Arreglos\npor afectaci\u00f3n en la vivienda de propiedad del asociado y\/o su n\u00facleo familiar\nb\u00e1sico, por causa de incendio, inundaci\u00f3n,&nbsp; terremoto o acto terrorista.\n\n&nbsp;&nbsp;<br><b>d.<\/b>&nbsp;Compra\nde elementos hurtados que cause perjuicio sobre el patrimonio del asociado, en\nlos eventos en que los bienes sustra\u00eddos superen la suma de 10 SMLMV.\n\n&nbsp;&nbsp;<br><b>e.<\/b> Incapacidad\ndel asociado y\/o un miembro de su n\u00facleo familiar b\u00e1sico, por enfermedad\ncatastr\u00f3fica mayor a 30 d\u00edas (aquellas que deterioran la salud de las personas,\nse caracterizan por su alto grado de complejidad, son agudas prolongadas\namenazantes para la vida pues en su gran mayor\u00eda son letales, muchas de estas\npatolog\u00edas producen la incapacidad del paciente y provocan el desmedro\necon\u00f3mico).&nbsp;&nbsp;<!--EndFragment-->            <!--{\/content}-->\n        <\/p>\n    <!--[\/text]-->\n\n\t\n\t\t\n    <!--[spacer]-->\n    <style>\n.bd-spacer-1122373126{height:1em;clear:both;}<\/style>    <div class=\" bd-spacer-1122373126  clearfix\">\n        <!--{content}--><!--{\/content}-->\n    <\/div>\n    <!--[\/spacer]-->\n\n    <!--{\/content}--><\/div><\/div><!--[\/layoutbox]-->\n\t\n\t\t<!--[layoutbox]--><style>\n.additional-class-159009586{\n\ttext-align:  justify;\n}\n<\/style><div class=\"clearfix  additional-class-159009586  bd-no-margins\"><div class=\"bd-container-inner\"><!--{content}--><!--[icon]--><style>\n.additional-class-1795946134{float:left;margin-right:2em;margin-top:-0.5em;}<\/style><style>.additional-class-1795946134 {\n                    text-decoration: inherit;\n\t                display: inline-block;\n\t                speak: none;\n\t            }\n\n                .additional-class-1795946134:before {\n                    font-family: 'Billion Web Font';\n\t                font-style: normal;\n\t                font-weight: normal;\n\t                text-decoration: inherit;\n\t                text-align: center;\n\t                text-transform: none;\n\t                width: 1em;\n                }.additional-class-1795946134:before { content: '\\13f'; }.additional-class-1795946134:before {width: auto; visibility: inherit;}.additional-class-1795946134:before{display: inline-block;}<\/style><style>\n.additional-class-1795946134:before{color:#ffffff;font-size:30px;background-color:#542e91;-webkit-transition:all 500ms;transition:all 500ms;padding:20px;border-radius:50%;line-height:42.85714287px;}<\/style><style>.additional-class-1795946134:before{line-height: 30px;}<\/style><style>.additional-class-1795946134:before {\n        vertical-align: middle;\n        text-decoration: none;\n    }<\/style><style>.additional-class-1795946134:hover {\n                    text-decoration: inherit;\n\t                display: inline-block;\n\t                speak: none;\n\t            }\n\n                .additional-class-1795946134:hover:before {\n                    font-family: 'Billion Web Font';\n\t                font-style: normal;\n\t                font-weight: normal;\n\t                text-decoration: inherit;\n\t                text-align: center;\n\t                text-transform: none;\n\t                width: 1em;\n                }.additional-class-1795946134:hover:before {width: auto; visibility: inherit;}.additional-class-1795946134:hover:before{display: inline-block;}<\/style><style>\n.additional-class-1795946134:hover:before{background-color:#6e3cbe;}<\/style><style>.additional-class-1795946134:hover:before {\n        vertical-align: middle;\n        text-decoration: none;\n    }<\/style><span class=\"bd-icon  additional-class-1795946134  hidden-xs  bd-no-margins bd-own-margins\"><!--{content}--><!--{\/content}--><\/span><!--[\/icon]-->\n\t\n\t\t    <!--[text]-->\n        <style>\n.additional-class-1138877504{overflow:hidden;margin:0px;}<\/style>        <h2 class=\" additional-class-1138877504  bd-no-margins bd-content-element\">\n            <!--{content}-->\n                Requisitos            <!--{\/content}-->\n        <\/h2>\n    <!--[\/text]-->\n\n\t\n\t\t    <!--[text]-->\n        <style>\n.additional-class-711331340{overflow:hidden;}<\/style>        <p class=\" additional-class-711331340  bd-content-element\">\n            <!--{content}-->\n                El\notorgamiento, estar\u00e1 sujeto a la verificaci\u00f3n previa de los siguientes\nrequisitos:\n\n&nbsp;&nbsp;<br><b>a.<\/b>&nbsp;Recibo\no factura de pago u orden de servicio acompa\u00f1ada de la respectiva cotizaci\u00f3n,\ntendiente a cubrir los gastos del hecho calamitoso.\n\n&nbsp;\n\n<b>b.<\/b>&nbsp;Recibo\no factura de pago u orden de hospitalizaci\u00f3n y cirug\u00eda.\n\n&nbsp;&nbsp;<br><b>c.<\/b>&nbsp;Partida\nde defunci\u00f3n y factura de gastos funerarios.\n\n&nbsp;&nbsp;<br><b>d.<\/b>&nbsp;Documento\nque acredite el parentesco con el asociado.\n\n&nbsp;&nbsp;<br><b>e.<\/b> Constancia\ndel cuerpo de bomberos y certificado de libertad del inmueble afectado, o\ndocumento que acredite la tenencia del inmueble en cabeza del asociado.\n\n&nbsp;&nbsp;<br><b>f.<\/b>&nbsp;Copia\nde la denuncia del hurto.&nbsp;&nbsp;&nbsp; &nbsp; &nbsp; &nbsp; &nbsp; &nbsp; &nbsp; &nbsp;            <!--{\/content}-->\n        <\/p>\n    <!--[\/text]-->\n\n\t\n\t\t\n    <!--[spacer]-->\n    <style>\n.bd-spacer-36408032{height:1em;clear:both;}<\/style>    <div class=\" bd-spacer-36408032  clearfix\">\n        <!--{content}--><!--{\/content}-->\n    <\/div>\n    <!--[\/spacer]-->\n\n    <!--{\/content}--><\/div><\/div><!--[\/layoutbox]-->\n\t\n\t\t<!--[layoutbox]--><style>\n.additional-class-1740905004{\n\ttext-align:  justify;\n}\n<\/style><div class=\"clearfix  additional-class-1740905004  bd-no-margins\"><div class=\"bd-container-inner\"><!--{content}--><!--[icon]--><style>\n.additional-class-1860960197{float:left;margin-right:2em;margin-top:-0.5em;}<\/style><style>.additional-class-1860960197 {\n                    text-decoration: inherit;\n\t                display: inline-block;\n\t                speak: none;\n\t            }\n\n                .additional-class-1860960197:before {\n                    font-family: 'Billion Web Font';\n\t                font-style: normal;\n\t                font-weight: normal;\n\t                text-decoration: inherit;\n\t                text-align: center;\n\t                text-transform: none;\n\t                width: 1em;\n                }.additional-class-1860960197:before { content: '\\2a0'; }.additional-class-1860960197:before {width: auto; visibility: inherit;}.additional-class-1860960197:before{display: inline-block;}<\/style><style>\n.additional-class-1860960197:before{color:#ffffff;font-size:30px;background-color:#542e91;-webkit-transition:all 500ms;transition:all 500ms;padding:20px;border-radius:50%;line-height:42.85714287px;}<\/style><style>.additional-class-1860960197:before{line-height: 30px;}<\/style><style>.additional-class-1860960197:before {\n        vertical-align: middle;\n        text-decoration: none;\n    }<\/style><style>.additional-class-1860960197:hover {\n                    text-decoration: inherit;\n\t                display: inline-block;\n\t                speak: none;\n\t            }\n\n                .additional-class-1860960197:hover:before {\n                    font-family: 'Billion Web Font';\n\t                font-style: normal;\n\t                font-weight: normal;\n\t                text-decoration: inherit;\n\t                text-align: center;\n\t                text-transform: none;\n\t                width: 1em;\n                }.additional-class-1860960197:hover:before {width: auto; visibility: inherit;}.additional-class-1860960197:hover:before{display: inline-block;}<\/style><style>\n.additional-class-1860960197:hover:before{background-color:#6e3cbe;}<\/style><style>.additional-class-1860960197:hover:before {\n        vertical-align: middle;\n        text-decoration: none;\n    }<\/style><span class=\"bd-icon  additional-class-1860960197  hidden-xs  bd-no-margins bd-own-margins\"><!--{content}--><!--{\/content}--><\/span><!--[\/icon]-->\n\t\n\t\t    <!--[text]-->\n        <style>\n.additional-class-1657389986{overflow:hidden;margin:0px;}<\/style>        <h2 class=\" additional-class-1657389986  bd-no-margins bd-content-element\">\n            <!--{content}-->\n                Tasa de inter\u00e9s            <!--{\/content}-->\n        <\/h2>\n    <!--[\/text]-->\n\n\t\n\t\t    <!--[text]-->\n        <style>\n.additional-class-1062871252{overflow:hidden;}<\/style>        <p class=\" additional-class-1062871252  bd-content-element\">\n            <!--{content}-->\n                Se cobrar\u00e1 la tasa de inter\u00e9s del 0.58% mensual vencido.            <!--{\/content}-->\n        <\/p>\n    <!--[\/text]-->\n\n\t\n\t\t\n    <!--[spacer]-->\n    <style>\n.bd-spacer-1984732302{height:1em;clear:both;}<\/style>    <div class=\" bd-spacer-1984732302  clearfix\">\n        <!--{content}--><!--{\/content}-->\n    <\/div>\n    <!--[\/spacer]-->\n\n    <!--{\/content}--><\/div><\/div><!--[\/layoutbox]-->\n\t\n\t\t<!--[layoutbox]--><style>\n.additional-class-1276473297{\n\ttext-align:  justify;\n}\n<\/style><div class=\"clearfix  additional-class-1276473297  bd-no-margins\"><div class=\"bd-container-inner\"><!--{content}-->    <!--[text]-->\n        <style>\n.additional-class-1054416518{overflow:hidden;}\n.additional-class-1054416518{\n\tfont-weight:  bold;\n}\n<\/style>        <p class=\" additional-class-1054416518  bd-content-element\">\n            <!--{content}-->\n                &nbsp; &nbsp; &nbsp; &nbsp; &nbsp; &nbsp;&nbsp;PAR\u00c1GRAFO 1\u00b0.Transcurridos m\u00e1ximo 40 d\u00edas calendario despu\u00e9s del desembolso, deber\u00e1 legalizar el pr\u00e9stamo presentando la constancia de pago y\/o compra o la incapacidad, so pena de ser transformado en cr\u00e9dito ordinario. .&nbsp;&nbsp;            <!--{\/content}-->\n        <\/p>\n    <!--[\/text]-->\n<!--{\/content}--><\/div><\/div><!--[\/layoutbox]-->                    <!--{\/content}-->\n                <\/div>\n            <\/div>\n        <\/div>\n    <!--[\/column]-->\n                        <!--{\/content}-->\n                    <\/div>\n                <\/div>\n            <\/div>\n        <\/div>\n    <!--[\/columns]-->\n\t\t\t\t<!--{\/content}-->\n\t\t\t<\/div>\n\t\t<\/section>\n\t<!--[\/section]-->\n\n","protected":false},"excerpt":{"rendered":"","protected":false},"author":4,"featured_media":0,"parent":0,"menu_order":0,"comment_status":"closed","ping_status":"closed","template":"","meta":[],"_links":{"self":[{"href":"https:\/\/fosol.com.co\/site\/wp-json\/wp\/v2\/pages\/1234"}],"collection":[{"href":"https:\/\/fosol.com.co\/site\/wp-json\/wp\/v2\/pages"}],"about":[{"href":"https:\/\/fosol.com.co\/site\/wp-json\/wp\/v2\/types\/page"}],"author":[{"embeddable":true,"href":"https:\/\/fosol.com.co\/site\/wp-json\/wp\/v2\/users\/4"}],"replies":[{"embeddable":true,"href":"https:\/\/fosol.com.co\/site\/wp-json\/wp\/v2\/comments?post=1234"}],"version-history":[{"count":6,"href":"https:\/\/fosol.com.co\/site\/wp-json\/wp\/v2\/pages\/1234\/revisions"}],"predecessor-version":[{"id":1245,"href":"https:\/\/fosol.com.co\/site\/wp-json\/wp\/v2\/pages\/1234\/revisions\/1245"}],"wp:attachment":[{"href":"https:\/\/fosol.com.co\/site\/wp-json\/wp\/v2\/media?parent=1234"}],"curies":[{"name":"wp","href":"https:\/\/api.w.org\/{rel}","templated":true}]}}