{"id":123,"date":"2018-02-16T00:19:52","date_gmt":"2018-02-16T00:19:52","guid":{"rendered":"https:\/\/fosol.com.co\/site\/?page_id=123"},"modified":"2020-10-08T10:05:05","modified_gmt":"2020-10-08T15:05:05","slug":"solidaridad","status":"publish","type":"page","link":"https:\/\/fosol.com.co\/site\/servicios\/fondo-social\/solidaridad\/","title":{"rendered":"Solidaridad"},"content":{"rendered":"<!--[overlay]--><style>\n.bd-textureoverlay-1207330057:before{background-color:#000000;opacity:0.4;}<\/style><!--{content}-->    <!--[section]-->\n\t\t<style>\n.bd-section-95780719{background-color:#ffffff;position:relative;background-size:cover;background-repeat:no-repeat;background-image:url(https:\/\/fosol.com.co\/site\/wp-content\/uploads\/2018\/02\/2881054_bd_media_id_b51a639312bb075b7c3a124c1c6aa317.jpeg);background-attachment:fixed;padding-top:6em;padding-bottom:6em;background-position:center center;}\n.bd-section-95780719{\n\tline-height:  24px;\n\tcolor:  #ffffff;\n\tfont-size:  16px;\n\tfont-weight:  400;\n}\n.bd-section-95780719 h1{\n\tline-height:  55.2px;\n\ttext-transform:  uppercase;\n\tfont-size:  48px;\n\tfont-weight:  600;\n}\n\n@media (max-width: 767px) {.bd-section-95780719 h1{\n\tline-height:  42.85714287px;\n\tfont-size:  30px;\n}\n}<\/style>\t\t<section id=section4 class=\" bd-section-95780719 bd-tagstyles bd-textureoverlay  bd-textureoverlay-1207330057 \" data-section-title=\"row with background image\">\n\t\t\t<div class=\"bd-container-inner bd-margins clearfix\">\n\t\t\t\t<!--{content}-->\n\t\t\t\t\t<!--[layoutbox]--><style>\n.additional-class-455868851{width:95%;margin-left:auto;margin-right:auto;display:block;}\n@media (max-width: 1199px) {.additional-class-455868851{width:75%;}}\n@media (max-width: 991px) {.additional-class-455868851{width:90%;}}\n.additional-class-455868851{\n\ttext-align:  center;\n}\n.additional-class-455868851 h1{\n\ttext-align:  left;\n}\n<\/style><div class=\"clearfix  additional-class-455868851  bd-no-margins bd-no-margins\"><div class=\"bd-container-inner\"><!--{content}-->    <!--[text]-->\n        <style>\n.additional-class-1598311531{margin-top:0px;margin-bottom:0px;}<\/style>        <h1 class=\" additional-class-1598311531  bd-content-element\">\n            <!--{content}-->\n                fONDO DE SOLIDARIDAD            <!--{\/content}-->\n        <\/h1>\n    <!--[\/text]-->\n<!--{\/content}--><\/div><\/div><!--[\/layoutbox]-->\t\t\t\t<!--{\/content}-->\n\t\t\t<\/div>\n\t\t<\/section>\n\t<!--[\/section]-->\n<!--{\/content}--><!--[\/overlay]-->\n    <!--[section]-->\n\t\t<style>\n.bd-section-627824758{background-color:#ffffff;padding:3em 2em;}\n.bd-section-627824758{\n\tline-height:  38.25px;\n\tfont-size:  18px;\n\tcolor:  #000000;\n\tfont-family:  Andika, Arial, 'Arial Unicode MS', Helvetica, sans-serif;\n}\n.bd-section-627824758 h2{\n\tline-height:  20px;\n\tfont-size:  20px;\n\tfont-weight:  600;\n\ttext-transform:  uppercase;\n}\n.bd-section-627824758 h1{\n\tline-height:  68.57142859px;\n\tfont-size:  48px;\n\tfont-weight:  500;\n\ttext-transform:  uppercase;\n\tcolor:  #000000;\n}\n\n@media (max-width: 991px) {.bd-section-627824758 h1{\n\tline-height:  36px;\n\tfont-size:  36px;\n}\n}<\/style>\t\t<section id=section4 class=\" bd-section-627824758  bd-tagstyles\" data-section-title=\"Two Columns With Header\">\n\t\t\t<div class=\"bd-container-inner bd-margins clearfix\">\n\t\t\t\t<!--{content}-->\n\t\t\t\t\t    <!--[columns]-->\n        <style>\n.bd-layoutcontainer-1820741108 > .bd-container-inner > .container-fluid > .row{height:calc(102%);margin:-1em -2em;}\n.bd-layoutcontainer-1820741108 > .bd-container-inner > .container-fluid > .row > div{padding:1em 2em;}\n.bd-layoutcontainer-1820741108  > .bd-container-inner > .container-fluid:after{display:none;}<\/style><style>\n.bd-layoutcontainer-1820741108 > .bd-container-inner > .container-fluid, .bd-layoutcontainer-1820741108 > .bd-container-inner > .container-fluid > .row{height:100%;}<\/style><style>.bd-layoutcontainer-1820741108 > .bd-container-inner > .container-fluid {padding-left: 0; padding-right: 0;margin-left: 0!important; margin-right: 0!important;}<\/style>        <style><\/style>        <div class=\" bd-layoutcontainer-1820741108  bd-columns bd-no-margins\">\n            <div class=\"bd-container-inner\">\n                <div class=\"container-fluid\">\n                    <div class=\"row bd-row-flex bd-row-align-middle\">\n                        <!--{content}-->\n                                <!--[column]-->\n        <div class=\"col-md-12 bd-columnwrapper-1813848956\">\n            <div class=\"bd-column  bd-layoutcolumn-1813848956 \">\n                <div class=\"bd-vertical-align-wrapper\">\n                    <!--{content}-->\n                        <!--[layoutbox]--><style>\n.additional-class-1014212988{\n\ttext-align:  justify;\n}\n<\/style><div class=\"clearfix  additional-class-1014212988  bd-no-margins\"><div class=\"bd-container-inner\"><!--{content}--><!--[icon]--><style>\n.additional-class-1432722506{float:left;margin-right:2em;margin-top:-0.5em;}<\/style><style>.additional-class-1432722506 {\n                    text-decoration: inherit;\n\t                display: inline-block;\n\t                speak: none;\n\t            }\n\n                .additional-class-1432722506:before {\n                    font-family: 'Billion Web Font';\n\t                font-style: normal;\n\t                font-weight: normal;\n\t                text-decoration: inherit;\n\t                text-align: center;\n\t                text-transform: none;\n\t                width: 1em;\n                }.additional-class-1432722506:before { content: '\\1ef'; }.additional-class-1432722506:before {width: auto; visibility: inherit;}.additional-class-1432722506:before{display: inline-block;}<\/style><style>\n.additional-class-1432722506:before{color:#ffffff;font-size:30px;background-color:#542e91;-webkit-transition:all 500ms;transition:all 500ms;padding:20px;border-radius:50%;line-height:42.85714287px;}<\/style><style>.additional-class-1432722506:before{line-height: 30px;}<\/style><style>.additional-class-1432722506:before {\n        vertical-align: middle;\n        text-decoration: none;\n    }<\/style><style>.additional-class-1432722506:hover {\n                    text-decoration: inherit;\n\t                display: inline-block;\n\t                speak: none;\n\t            }\n\n                .additional-class-1432722506:hover:before {\n                    font-family: 'Billion Web Font';\n\t                font-style: normal;\n\t                font-weight: normal;\n\t                text-decoration: inherit;\n\t                text-align: center;\n\t                text-transform: none;\n\t                width: 1em;\n                }.additional-class-1432722506:hover:before {width: auto; visibility: inherit;}.additional-class-1432722506:hover:before{display: inline-block;}<\/style><style>\n.additional-class-1432722506:hover:before{background-color:#6e3cbe;}<\/style><style>.additional-class-1432722506:hover:before {\n        vertical-align: middle;\n        text-decoration: none;\n    }<\/style><span class=\"bd-icon  additional-class-1432722506  hidden-xs  bd-no-margins bd-own-margins\"><!--{content}--><!--{\/content}--><\/span><!--[\/icon]-->\n\t\n\t\t    <!--[text]-->\n        <style>\n.additional-class-151968079{overflow:hidden;margin:0px;}<\/style>        <h2 class=\" additional-class-151968079  bd-no-margins bd-content-element\">\n            <!--{content}-->\n                fONDO DE SOLIDARIDAD            <!--{\/content}-->\n        <\/h2>\n    <!--[\/text]-->\n\n\t\n\t\t    <!--[text]-->\n        <style>\n.additional-class-1334610017{overflow:hidden;}<\/style>        <p class=\" additional-class-1334610017  bd-content-element\">\n            <!--{content}-->\n                FOSOL a trav\u00e9s del Fondo de Bienestar Social, \u00e1rea de solidaridad, otorgar\u00e1 los siguientes auxilios a sus asociados, quien solicite alguna de las ayudas deber\u00e1 cumplir con los requisitos descritos en los art\u00edculos 7 y 8 <i><b>(Reglamento de Bienestar Social)<\/b><\/i>&nbsp;, as\u00ed como, los requisitos establecidos para cada auxilio.&nbsp;&nbsp;<br>            <!--{\/content}-->\n        <\/p>\n    <!--[\/text]-->\n\n\t\n\t\t\n    <!--[spacer]-->\n    <style>\n.bd-spacer-483408884{height:1em;clear:both;}<\/style>    <div class=\" bd-spacer-483408884  clearfix\">\n        <!--{content}--><!--{\/content}-->\n    <\/div>\n    <!--[\/spacer]-->\n\n    <!--{\/content}--><\/div><\/div><!--[\/layoutbox]-->\n\t\n\t\t<!--[layoutbox]--><style>\n.additional-class-1428840286{\n\ttext-align:  justify;\n}\n<\/style><div class=\"clearfix  additional-class-1428840286  bd-no-margins\"><div class=\"bd-container-inner\"><!--{content}--><!--[icon]--><style>\n.additional-class-206576664{float:left;margin-right:2em;margin-top:-0.5em;}<\/style><style>.additional-class-206576664 {\n                    text-decoration: inherit;\n\t                display: inline-block;\n\t                speak: none;\n\t            }\n\n                .additional-class-206576664:before {\n                    font-family: 'Billion Web Font';\n\t                font-style: normal;\n\t                font-weight: normal;\n\t                text-decoration: inherit;\n\t                text-align: center;\n\t                text-transform: none;\n\t                width: 1em;\n                }.additional-class-206576664:before { content: '\\197'; }.additional-class-206576664:before {width: auto; visibility: inherit;}.additional-class-206576664:before{display: inline-block;}<\/style><style>\n.additional-class-206576664:before{color:#ffffff;font-size:30px;background-color:#542e91;-webkit-transition:all 500ms;transition:all 500ms;padding:20px;border-radius:50%;line-height:42.85714287px;}<\/style><style>.additional-class-206576664:before{line-height: 30px;}<\/style><style>.additional-class-206576664:before {\n        vertical-align: middle;\n        text-decoration: none;\n    }<\/style><style>.additional-class-206576664:hover {\n                    text-decoration: inherit;\n\t                display: inline-block;\n\t                speak: none;\n\t            }\n\n                .additional-class-206576664:hover:before {\n                    font-family: 'Billion Web Font';\n\t                font-style: normal;\n\t                font-weight: normal;\n\t                text-decoration: inherit;\n\t                text-align: center;\n\t                text-transform: none;\n\t                width: 1em;\n                }.additional-class-206576664:hover:before {width: auto; visibility: inherit;}.additional-class-206576664:hover:before{display: inline-block;}<\/style><style>\n.additional-class-206576664:hover:before{background-color:#6e3cbe;}<\/style><style>.additional-class-206576664:hover:before {\n        vertical-align: middle;\n        text-decoration: none;\n    }<\/style><span class=\"bd-icon  additional-class-206576664  hidden-xs  bd-no-margins bd-own-margins\"><!--{content}--><!--{\/content}--><\/span><!--[\/icon]-->\n\t\n\t\t    <!--[text]-->\n        <style>\n.additional-class-100251825{overflow:hidden;margin:0px;}<\/style>        <h2 class=\" additional-class-100251825  bd-no-margins bd-content-element\">\n            <!--{content}-->\n                AUXILIOS FONDO SOLIDARIO            <!--{\/content}-->\n        <\/h2>\n    <!--[\/text]-->\n\n\t\n\t\t    <!--[text]-->\n        <style>\n.additional-class-1681312198{overflow:hidden;}<\/style>        <ul class=\" additional-class-1681312198  bd-content-element\">\n            <!--{content}-->\n                <li>Auxilio por nacimiento de hijo(s): Auxilio de 7 d\u00edas de un SMMLV.&nbsp;<\/li><li>Auxilio planes exequiales: Se otorgar\u00e1 subsidio \u00fanicamente sobre&nbsp; un plan exequial.<\/li><li>Auxilio actividades deportivas o planes de gimnasio: Se otorgar\u00e1 subsidio de dos (2) d\u00edas de un SMMLV y se otorgar\u00e1 una sola vez en el a\u00f1o.<\/li><li>Auxilio de anteojos: Se otorgar\u00e1 subsidio de dos (2) d\u00edas de un SMMLV.<\/li><li>Auxilio por compra de medicamentos no cubiertos por la EPS: Se otorgar\u00e1 auxilio \u00fanicamente por medicamentos no cubiertos por la EPS y las facturas presentadas deben sumar m\u00e1s de cinco (5) d\u00edas de un SMMLV.<\/li><li>Auxilio por fallecimiento de los asociados o su grupo familiar.<\/li><li>Auxilio por da\u00f1os presentados a la vivienda y bienes <b>(Calamidad dom\u00e9stica)<\/b> del asociado a consecuencia de un accidente o caso fortuito y cuya reparaci\u00f3n sea urgente.<\/li><li>Auxilio por incapacidad mayor a 30 d\u00edas por diagn\u00f3stico m\u00e9dico en el que determine enfermedad fortuita por padecimiento de enfermedad catastr\u00f3fica: este auxilio se reconocer\u00e1 una sola vez al a\u00f1o y cubre \u00fanicamente al&nbsp; asociado.&nbsp; &nbsp;<\/li>            <!--{\/content}-->\n        <\/ul>\n    <!--[\/text]-->\n<!--{\/content}--><\/div><\/div><!--[\/layoutbox]-->                    <!--{\/content}-->\n                <\/div>\n            <\/div>\n        <\/div>\n    <!--[\/column]-->\n                        <!--{\/content}-->\n                    <\/div>\n                <\/div>\n            <\/div>\n        <\/div>\n    <!--[\/columns]-->\n\t\t\t\t<!--{\/content}-->\n\t\t\t<\/div>\n\t\t<\/section>\n\t<!--[\/section]-->\n\n","protected":false},"excerpt":{"rendered":"","protected":false},"author":2,"featured_media":0,"parent":26,"menu_order":1,"comment_status":"closed","ping_status":"closed","template":"","meta":[],"_links":{"self":[{"href":"https:\/\/fosol.com.co\/site\/wp-json\/wp\/v2\/pages\/123"}],"collection":[{"href":"https:\/\/fosol.com.co\/site\/wp-json\/wp\/v2\/pages"}],"about":[{"href":"https:\/\/fosol.com.co\/site\/wp-json\/wp\/v2\/types\/page"}],"author":[{"embeddable":true,"href":"https:\/\/fosol.com.co\/site\/wp-json\/wp\/v2\/users\/2"}],"replies":[{"embeddable":true,"href":"https:\/\/fosol.com.co\/site\/wp-json\/wp\/v2\/comments?post=123"}],"version-history":[{"count":5,"href":"https:\/\/fosol.com.co\/site\/wp-json\/wp\/v2\/pages\/123\/revisions"}],"predecessor-version":[{"id":891,"href":"https:\/\/fosol.com.co\/site\/wp-json\/wp\/v2\/pages\/123\/revisions\/891"}],"up":[{"embeddable":true,"href":"https:\/\/fosol.com.co\/site\/wp-json\/wp\/v2\/pages\/26"}],"wp:attachment":[{"href":"https:\/\/fosol.com.co\/site\/wp-json\/wp\/v2\/media?parent=123"}],"curies":[{"name":"wp","href":"https:\/\/api.w.org\/{rel}","templated":true}]}}