{"id":1053,"date":"2022-06-11T11:02:46","date_gmt":"2022-06-11T16:02:46","guid":{"rendered":"https:\/\/fosol.com.co\/site\/?page_id=1053"},"modified":"2022-08-04T12:41:33","modified_gmt":"2022-08-04T17:41:33","slug":"solicitud-de-convenio-fosol","status":"publish","type":"page","link":"https:\/\/fosol.com.co\/site\/solicitud-de-convenio-fosol\/","title":{"rendered":"Solicitud de convenio FOSOL"},"content":{"rendered":"\t\t<div data-elementor-type=\"wp-page\" data-elementor-id=\"1053\" class=\"elementor elementor-1053\">\n\t\t\t\t\t\t\t\t\t<section class=\"elementor-section elementor-top-section elementor-element elementor-element-80d750d elementor-section-boxed elementor-section-height-default elementor-section-height-default\" data-id=\"80d750d\" data-element_type=\"section\" data-settings=\"{&quot;_ha_eqh_enable&quot;:false}\">\n\t\t\t\t\t\t<div class=\"elementor-container elementor-column-gap-default\">\n\t\t\t\t\t<div class=\"elementor-column elementor-col-100 elementor-top-column elementor-element elementor-element-2be9a3c\" data-id=\"2be9a3c\" data-element_type=\"column\">\n\t\t\t<div class=\"elementor-widget-wrap elementor-element-populated\">\n\t\t\t\t\t\t\t\t<div class=\"elementor-element elementor-element-8c8b869 elementor-widget elementor-widget-ha-cf7 happy-addon ha-cf7\" data-id=\"8c8b869\" data-element_type=\"widget\" data-widget_type=\"ha-cf7.default\">\n\t\t\t\t<div class=\"elementor-widget-container\">\n\t\t\t\n<div class=\"wpcf7 no-js\" id=\"wpcf7-f1057-o1\" lang=\"es-CO\" dir=\"ltr\">\n<div class=\"screen-reader-response\"><p role=\"status\" aria-live=\"polite\" aria-atomic=\"true\"><\/p> <ul><\/ul><\/div>\n<form action=\"\/site\/wp-json\/wp\/v2\/pages\/1053#wpcf7-f1057-o1\" method=\"post\" class=\"wpcf7-form init ha-cf7-form cf7mls-no-scroll cf7mls-no-moving-animation\" aria-label=\"Formulario de contacto\" novalidate=\"novalidate\" data-status=\"init\">\n<div style=\"display: none;\">\n<input type=\"hidden\" name=\"_wpcf7\" value=\"1057\" \/>\n<input type=\"hidden\" name=\"_wpcf7_version\" value=\"5.8.5\" \/>\n<input type=\"hidden\" name=\"_wpcf7_locale\" value=\"es_CO\" \/>\n<input type=\"hidden\" name=\"_wpcf7_unit_tag\" value=\"wpcf7-f1057-o1\" \/>\n<input type=\"hidden\" name=\"_wpcf7_container_post\" value=\"0\" \/>\n<input type=\"hidden\" name=\"_wpcf7_posted_data_hash\" value=\"\" \/>\n<input type=\"hidden\" name=\"_uacf7_hidden_conditional_fields\" value=\"\" \/>\n<input type=\"hidden\" name=\"_wpcf7_recaptcha_response\" value=\"\" \/>\n<\/div>\n            <style>\n                :root {\n                    --uacf7-slider-Selection-Color: #1e90ff;\n                    --uacf7-slider-handle-color: #3498db;\n                    --uacf7-slider-handle-width: 24px;\n                    --uacf7-slider-handle-height: 24px;\n                    --uacf7-slider-handle-border-radius: 24px;\n                    --uacf7-slider-range-slider-height: 9px;\n                }\n                .uacf7-form-1057 .ui-slider-horizontal .ui-slider-range {\n                    background-color: #1e90ff;\n                    height: 9px;\n                }\n                .uacf7-form-1057 .ui-widget.ui-widget-content {\n                    height: 9px;\n                    border: 1px solid #1e90ff;\n                    background-color: #EEE;\n                }\n                .uacf7-form-1057 .ui-state-default, .ui-widget-content .ui-state-default{\n                    background-color: #3498db;\n                    width: 24px;\n                    height: 24px;\n                    border-radius: 24px;\n                    cursor: pointer;\n                    border: none !important;\n                    top: -8px;\n                    position: absolute;\n                    \n                }\n              \n                .uacf7-form-1057 .ui-slider-horizontal .ui-slider-handle {\n                    top: -8.5px;\n                }\n                .uacf7-form-1057 input[type=range] {\n                    background-color: #1e90ff;\n                    height: 9px;\n                    border-radius: 5px;\n                }\n                .uacf7-form-1057 .ui-slider-horizontal{\n                    height: 9px;\n                }\n                .uacf7-form-1057 .uacf7-slider::-webkit-slider-thumb {\n                    -webkit-appearance: none;\n                    appearance: none;\n                    width: 24px;\n                    height: 24px;\n                    background:#3498db;\n                    border-radius: 24px;\n                    cursor: pointer;\n                }\n\n                .uacf7-form-1057 .uacf7-slider::-moz-range-thumb {\n                    width: 24px;\n                    height: 24px;\n                    background: #3498db;\n                    border-radius: 24px;\n                    cursor: pointer;\n                }\n            <\/style>\n\n            <div class=\"uacf7-form-1057\"><div class=\"uacf7-form-1057\"><strong><h3>Solicitud de convenio FOSOL<\/h3><\/strong>\n\n<hr>\n\n<strong><h5>Informaci\u00f3n del solicitante<\/h4><\/strong>\n\n<!------ Three Columns Code Start ------>\n<div class=\"uacf7-row\">\n\n<div class=\"uacf7-col-4\">\n<label> <Span style=\"color: red;\"> * <\/span>Nombres y apellidos:\n    <span class=\"wpcf7-form-control-wrap\" data-name=\"txt-nombres-apellidos\"><input size=\"40\" class=\"wpcf7-form-control wpcf7-text wpcf7-validates-as-required\" aria-required=\"true\" aria-invalid=\"false\" value=\"\" type=\"text\" name=\"txt-nombres-apellidos\" \/><\/span> \n<\/label>\n<\/div>\n\n<div class=\"uacf7-col-4\">\n<label> <Span style=\"color: red;\"> * <\/span> N\u00famero de identificaci\u00f3n:\n<span class=\"wpcf7-form-control-wrap\" data-name=\"num-cc\"><input class=\"wpcf7-form-control wpcf7-number wpcf7-validates-as-required wpcf7-validates-as-number\" aria-required=\"true\" aria-invalid=\"false\" value=\"\" type=\"number\" name=\"num-cc\" \/><\/span>\n<\/label>\n<\/div>\n\n<div class=\"uacf7-col-4\">\n<label> <Span style=\"color: red;\"> * <\/span> Correo electr\u00f3nico:\n<span class=\"wpcf7-form-control-wrap\" data-name=\"txt-correo\"><input size=\"40\" class=\"wpcf7-form-control wpcf7-email wpcf7-validates-as-required wpcf7-text wpcf7-validates-as-email\" aria-required=\"true\" aria-invalid=\"false\" placeholder=\"\" value=\"\" type=\"email\" name=\"txt-correo\" \/><\/span>\n<\/label>\n<\/div>\n\n<div class=\"uacf7-col-4\">\n<label> <Span style=\"color: red;\"> * <\/span> N\u00famero celular:\n<span class=\"wpcf7-form-control-wrap\" data-name=\"tel-celular\"><input size=\"40\" class=\"wpcf7-form-control wpcf7-tel wpcf7-validates-as-required wpcf7-text wpcf7-validates-as-tel\" aria-required=\"true\" aria-invalid=\"false\" value=\"\" type=\"tel\" name=\"tel-celular\" \/><\/span>\n<\/label>\n<\/div>\n\n<div class=\"uacf7-col-4\">\n<label> <Span style=\"color: red;\"> * <\/span> Tipo de nombramiento:\n<span class=\"wpcf7-form-control-wrap\" data-name=\"menu-tipo-nombramiento\"><select class=\"wpcf7-form-control wpcf7-select wpcf7-validates-as-required\" aria-required=\"true\" aria-invalid=\"false\" name=\"menu-tipo-nombramiento\"><option value=\"\">&#8212;Por favor, elige una opci\u00f3n&#8212;<\/option><option value=\"Carrera\">Carrera<\/option><option value=\"Provisional\">Provisional<\/option><option value=\"Libre nombramiento\">Libre nombramiento<\/option><option value=\"Pensionado\">Pensionado<\/option><option value=\"Empleado Fosol\">Empleado Fosol<\/option><\/select><\/span>\n<\/label>\n<\/div>\n\n<\/div>\n<!------ Three Columns Code End ------>\n\n\n<hr>\n\n<strong><h5>Informaci\u00f3n del proveedor<\/h4><\/strong>\n\n\n<!------ Three Columns Code Start ------>\n<div class=\"uacf7-row\">\n\n<div class=\"uacf7-col-4\">\n<label> <Span style=\"color: red;\"> * <\/span> Nombre del proveedor:\n<span class=\"wpcf7-form-control-wrap\" data-name=\"text-nombre-proveedor\"><input size=\"40\" class=\"wpcf7-form-control wpcf7-text wpcf7-validates-as-required\" aria-required=\"true\" aria-invalid=\"false\" value=\"\" type=\"text\" name=\"text-nombre-proveedor\" \/><\/span>\n<\/label>\n<\/div>\n\n<div class=\"uacf7-col-4\">\n<label> <Span style=\"color: red;\"> * <\/span>Nombre del asesor que lo atendi\u00f3:\n<span class=\"wpcf7-form-control-wrap\" data-name=\"text-nombre-asesor\"><input size=\"40\" class=\"wpcf7-form-control wpcf7-text wpcf7-validates-as-required\" aria-required=\"true\" aria-invalid=\"false\" value=\"\" type=\"text\" name=\"text-nombre-asesor\" \/><\/span>\n<\/label>\n<\/div>\n\n<div class=\"uacf7-col-4\">\n<label> <Span style=\"color: red;\"> * <\/span>Descripci\u00f3n de producto o servicio:\n<span class=\"wpcf7-form-control-wrap\" data-name=\"text-producto-servicio\"><input size=\"40\" class=\"wpcf7-form-control wpcf7-text wpcf7-validates-as-required\" aria-required=\"true\" aria-invalid=\"false\" value=\"\" type=\"text\" name=\"text-producto-servicio\" \/><\/span>\n<\/label>\n<\/div>\n\n<div class=\"uacf7-col-4\">\n<label> <Span style=\"color: red;\"> * <\/span>Valor producto o servicio:\n<span class=\"wpcf7-form-control-wrap\" data-name=\"number-valor-producto-servicio\"><input class=\"wpcf7-form-control wpcf7-number wpcf7-validates-as-required wpcf7-validates-as-number\" aria-required=\"true\" aria-invalid=\"false\" value=\"\" type=\"number\" name=\"number-valor-producto-servicio\" \/><\/span>\n<\/label>\n<\/div>\n\n<div class=\"uacf7-col-4\">\n<label> <Span style=\"color: red;\"> * <\/span>Forma de pago:\n<span class=\"wpcf7-form-control-wrap\" data-name=\"menu-forma-pago\"><select class=\"wpcf7-form-control wpcf7-select wpcf7-validates-as-required\" aria-required=\"true\" aria-invalid=\"false\" name=\"menu-forma-pago\"><option value=\"\">&#8212;Por favor, elige una opci\u00f3n&#8212;<\/option><option value=\"PSE, Transferencia o Consignaci\u00f3n\">PSE, Transferencia o Consignaci\u00f3n<\/option><option value=\"Descuento por n\u00f3mina\">Descuento por n\u00f3mina<\/option><\/select><\/span>\n<\/label>\n<\/div>\n\n<\/div>\n<!------ Three Columns Code End ------>\n\n\n<div class=\"uacf7_conditional conditional-descto-nomina\">\n<hr>\n\n<strong><h5>Descuento por n\u00f3mina<\/h4><\/strong>\n\n<p>Recuerde que al solicitar el descuento por nomina, Fosol primero debe realizar verificaci\u00f3n de su capacidad de descuento por nomina la cual es solicitada a recursos humanos del IDU, una vez fosol conozca su capacidad de descuento por nomina le enviaran un correo de confirmaci\u00f3n de la aprobaci\u00f3n de la compra del producto o servicio solicitado. <\/p>\n\n<\/br>\n\n<!------ Three Columns Code Start ------>\n<div class=\"uacf7-row\">\n\n<div class=\"uacf7-col-4\">\n<label> <Span style=\"color: red;\"> * <\/span> Plazo en meses:\n<span class=\"wpcf7-form-control-wrap\" data-name=\"menu-plazo-\"><select class=\"wpcf7-form-control wpcf7-select wpcf7-validates-as-required\" aria-required=\"true\" aria-invalid=\"false\" name=\"menu-plazo-\"><option value=\"\">&#8212;Por favor, elige una opci\u00f3n&#8212;<\/option><option value=\"1\">1<\/option><option value=\"2\">2<\/option><option value=\"3\">3<\/option><option value=\"4\">4<\/option><option value=\"5\">5<\/option><option value=\"6\">6<\/option><option value=\"7\">7<\/option><option value=\"8\">8<\/option><option value=\"9\">9<\/option><option value=\"10\">10<\/option><option value=\"11\">11<\/option><option value=\"12\">12<\/option><\/select><\/span>\n<\/label>\n<\/div>\n\n\n<\/div>\n<!------ Three Columns Code End ------>\n\n<\/div>\n\n\n<label> Observaciones:\n<span class=\"wpcf7-form-control-wrap\" data-name=\"txt-observaciones\"><textarea cols=\"40\" rows=\"10\" class=\"wpcf7-form-control wpcf7-textarea\" aria-invalid=\"false\" name=\"txt-observaciones\"><\/textarea><\/span>\n<\/label>\n\n\n<hr>\n\n<strong><h5>Declaraciones, autorizaciones y adjuntos<\/h4><\/strong>\n\n<span class=\"wpcf7-form-control-wrap\" data-name=\"acceptance-centrales-riesgo\"><span class=\"wpcf7-form-control wpcf7-acceptance\"><span class=\"wpcf7-list-item\"><label><input type=\"checkbox\" name=\"acceptance-centrales-riesgo\" value=\"1\" aria-invalid=\"false\" \/><span class=\"wpcf7-list-item-label\"><strong>DECLARACIONES Y AUTORIZACIONES.<\/strong> \n\ntodo lo aqu\u00ed consagrado es cierto, realizo las siguientes declaraciones de origen de fondo y\/o bienes. a) Que los recursos de mi propiedad ( detalle ocupaci\u00f3n, oficio, actividad, negocio, etc); b) Que los recursos que se deriven del desarrollo de la relaci\u00f3n de Asociado con el FONDO DE EMPLEADOS DEL IDU (en adelante FOSOL) no se destinar\u00e1n a la financiaci\u00f3n del terrorismo, grupos terroristas o actividades terroristas; c) Que mis recursos no provienen de ninguna de las actividades il\u00edcitas contempladas en el C\u00f3digo Penal; d) Que autorizo a FOSOL para tomar las medidas correspondientes en caso de detectar cualquier inconsistencia en la informaci\u00f3n consignada en este formulario, eximiendo a FOSOL de toda responsabilidad que se derive de ello y e) Que me obligo para con FOSOL en nombre propio a mantener actualizada la informaci\u00f3n suministrada mediante el presente formulario para lo cual reportar\u00e9 por lo menos una vez al a\u00f1o, los cambios que se hayan generado respecto a la informaci\u00f3n aqu\u00ed contenida, de acuerdo con los procedimientos que para tal efecto tenga FOSOL. 2). TRATAMIENTO DE DATOS FINANCIEROS: Autorizo a FOSOL,  respecto al cual tengo la calidad de Asociado, para que  con  fines  estad\u00edsticos de verificaci\u00f3n o de reporte hist\u00f3ricos, soliciten, procesen, conserve, consulte, suministren, reporten o actualicen cualquier informaci\u00f3n relacionada con mi comportamiento financiero, crediticio  o comercial a los operadores de banco de datos o centrales de informaci\u00f3n autorizados por la legislaci\u00f3n , incluidos DATACREDITO y CIFIN, en los t\u00e9rminos y durante el tiempo que la Ley establezca, desde el momento en que se comience mi relaci\u00f3n con FOSOL. 3). TRATAMIENTO DE DATOS PERSONALES: Autorizo a FOSOL de manera libre, previa, expresa, voluntaria y debidamente informada, realizar operaciones sobre los mismos, como recolecci\u00f3n, almacenamiento, uso, circulaci\u00f3n, suprimir, procesar, compilar, dar tratamiento, intercambiar, actualizar y disponer de los datos que han sido suministrado. Esta informaci\u00f3n es, y ser\u00e1 utilizada en el desarrollo de las funciones propias de FOSOL, en su condici\u00f3n de entidad sin \u00e1nimo de lucro que presta los servicios de Ahorro y Cr\u00e9dito, as\u00ed como para fines administrativos, comerciales de publicidad y contactos frente a los titulares de los mismos y para remisi\u00f3n a las entidades fiscales y de control y vigilancia. Como titular de la informaci\u00f3n, conozco que me asisten los derechos previstos en la Ley, en especial, conocer, actualizar, rectificar y solicitar la supresi\u00f3n de mis datos. 4). INFORMACI\u00d3N RECIBIDA: Declaro que he indagado y he recibido la informaci\u00f3n sobre los servicios, mis derechos y obligaciones. 5). DECLARACI\u00d3N: Manifiesto que todos los datos aqu\u00ed consignados son ciertos, que la informaci\u00f3n que adjunto es veraz y verificable y autorizo su verificaci\u00f3n ante cualquier persona natural o jur\u00eddica, p\u00fablica o privada, sin limitaci\u00f3n alguna, y me obligo a actualizar o confirmar la informaci\u00f3n una vez al a\u00f1o o cada vez que lo amerite.<\/span><\/label><\/span><\/span><\/span>\n\n\n\n<input class=\"wpcf7-form-control wpcf7-submit has-spinner\" type=\"submit\" value=\"Enviar solicitud de convenio\" \/><\/div><\/div><p style=\"display: none !important;\"><label>&#916;<textarea name=\"_wpcf7_ak_hp_textarea\" cols=\"45\" rows=\"8\" maxlength=\"100\"><\/textarea><\/label><input type=\"hidden\" id=\"ak_js_1\" name=\"_wpcf7_ak_js\" value=\"243\"\/><script>document.getElementById( \"ak_js_1\" ).setAttribute( \"value\", ( new Date() ).getTime() );<\/script><\/p><input type='hidden' class='wpcf7-pum' value='{\"closepopup\":false,\"closedelay\":0,\"openpopup\":false,\"openpopup_id\":0}' \/><div class=\"wpcf7-response-output\" aria-hidden=\"true\"><\/div>\n<\/form>\n<\/div>\n\t\t<\/div>\n\t\t\t\t<\/div>\n\t\t\t\t\t<\/div>\n\t\t<\/div>\n\t\t\t\t\t\t\t<\/div>\n\t\t<\/section>\n\t\t\t\t\t\t\t<\/div>\n\t\t","protected":false},"excerpt":{"rendered":"<p>Solicitud de cr\u00e9dito FOSOL Informaci\u00f3n del solicitante * Nombres y apellidos asociado: * N\u00famero de identificaci\u00f3n: * Tipo de identificaci\u00f3n: &#8212;C\u00e9dulaC\u00e9dula de extranjer\u00eda * Correo electr\u00f3nico: * Celular registrado en FOSOL: * Tiempo de servicio (a\u00f1os y meses) si es pensionado colocar cero &#8220;0&#8221;: Informaci\u00f3n financiera * Salario: * Otros ingresos: * Egresos: * Total [&hellip;]<\/p>\n","protected":false},"author":3,"featured_media":0,"parent":0,"menu_order":0,"comment_status":"closed","ping_status":"closed","template":"","meta":[],"_links":{"self":[{"href":"https:\/\/fosol.com.co\/site\/wp-json\/wp\/v2\/pages\/1053"}],"collection":[{"href":"https:\/\/fosol.com.co\/site\/wp-json\/wp\/v2\/pages"}],"about":[{"href":"https:\/\/fosol.com.co\/site\/wp-json\/wp\/v2\/types\/page"}],"author":[{"embeddable":true,"href":"https:\/\/fosol.com.co\/site\/wp-json\/wp\/v2\/users\/3"}],"replies":[{"embeddable":true,"href":"https:\/\/fosol.com.co\/site\/wp-json\/wp\/v2\/comments?post=1053"}],"version-history":[{"count":4,"href":"https:\/\/fosol.com.co\/site\/wp-json\/wp\/v2\/pages\/1053\/revisions"}],"predecessor-version":[{"id":1063,"href":"https:\/\/fosol.com.co\/site\/wp-json\/wp\/v2\/pages\/1053\/revisions\/1063"}],"wp:attachment":[{"href":"https:\/\/fosol.com.co\/site\/wp-json\/wp\/v2\/media?parent=1053"}],"curies":[{"name":"wp","href":"https:\/\/api.w.org\/{rel}","templated":true}]}}